{"id":11199,"date":"2024-05-02T14:34:21","date_gmt":"2024-05-02T17:34:21","guid":{"rendered":"https:\/\/sindag.org.br\/site-antigo\/?page_id=11199"},"modified":"2024-10-02T20:58:54","modified_gmt":"2024-10-02T23:58:54","slug":"museu-virtual","status":"publish","type":"page","link":"https:\/\/sindag.org.br\/site-antigo\/museu-virtual\/","title":{"rendered":"Museu Virtual"},"content":{"rendered":"<p>Escolha o tema e acesse os principais documentos do setor:<\/p>\n<p><span style=\"color: #000080;\"><a style=\"color: #000080; text-decoration: underline;\" href=\"https:\/\/sindag.org.br\/site-antigo\/museu-virtual\/artigos-publicados\/\"><strong>ARTIGOS PUBLICADOS<\/strong><\/a><\/span><\/p>\n<p><span style=\"color: #000080;\"><strong><a style=\"color: #000080; text-decoration: underline;\" href=\"https:\/\/sindag.org.br\/site-antigo\/museu-virtual\/asupla\/\">ASUPLA<\/a>\u00a0<\/strong><\/span><\/p>\n<p><span style=\"color: #000080;\"><a style=\"color: #000080; text-decoration: underline;\" href=\"https:\/\/sindag.org.br\/site-antigo\/museu-virtual\/chuva-de-pinhao\/\"><strong>CHUVA DE PINH\u00c3O\u00a0<\/strong><\/a><\/span><\/p>\n<p><span style=\"text-decoration: underline;\"><span style=\"color: #000080;\"><a style=\"color: #000080; text-decoration: underline;\" href=\"https:\/\/sindag.org.br\/site-antigo\/museu-virtual\/decreto-do-dia-nacional-da-aviacao-agricola\/\"><strong>DECRETO DO DIA NACIONAL DA AVIA\u00c7\u00c3O AGR\u00cdCOLA<\/strong><\/a><\/span><\/span><\/p>\n<p><span style=\"text-decoration: underline;\"><span style=\"color: #000080;\"><a style=\"color: #000080;\" href=\"https:\/\/sindag.org.br\/site-antigo\/museu-virtual\/historico-da-aviacao-agricola\/\"><strong>HIST\u00d3RICO DA AVIA\u00c7\u00c3O AGR\u00cdCOLA<\/strong><\/a><\/span><\/span><\/p>\n<p><span style=\"text-decoration: underline;\"><span style=\"color: #000080; text-decoration: underline;\"><a style=\"color: #000080; text-decoration: underline;\" href=\"https:\/\/sindag.org.br\/site-antigo\/museu-virtual\/turmas-cavag\/\"><strong>TURMAS CAVAG\u00a0<\/strong><\/a><\/span><\/span><\/p>\n<p><span style=\"text-decoration: underline;\"><span style=\"color: #000080; text-decoration: underline;\"><a style=\"color: #000080; text-decoration: underline;\" href=\"https:\/\/sindag.org.br\/site-antigo\/museu-virtual\/curso-de-atualizacao-de-pilotos-agricola\/\"><strong>TURMAS DO CURSO DE ATUALIZA\u00c7\u00c3O DE PILOTOS AGR\u00cdCOLA<\/strong><\/a><\/span><\/span><\/p>\n","protected":false},"excerpt":{"rendered":"<p>Escolha o tema e acesse os principais documentos do setor: ARTIGOS PUBLICADOS ASUPLA\u00a0 CHUVA DE PINH\u00c3O\u00a0 DECRETO DO DIA NACIONAL DA AVIA\u00c7\u00c3O AGR\u00cdCOLA HIST\u00d3RICO DA AVIA\u00c7\u00c3O AGR\u00cdCOLA TURMAS CAVAG\u00a0 TURMAS DO CURSO DE ATUALIZA\u00c7\u00c3O DE PILOTOS AGR\u00cdCOLA<\/p>\n","protected":false},"author":7,"featured_media":11793,"parent":0,"menu_order":0,"comment_status":"closed","ping_status":"closed","template":"","meta":{"_monsterinsights_skip_tracking":false,"_monsterinsights_sitenote_active":false,"_monsterinsights_sitenote_note":"","_monsterinsights_sitenote_category":0,"footnotes":"","_links_to":"","_links_to_target":""},"class_list":["post-11199","page","type-page","status-publish","has-post-thumbnail","hentry"],"_links":{"self":[{"href":"https:\/\/sindag.org.br\/site-antigo\/wp-json\/wp\/v2\/pages\/11199","targetHints":{"allow":["GET"]}}],"collection":[{"href":"https:\/\/sindag.org.br\/site-antigo\/wp-json\/wp\/v2\/pages"}],"about":[{"href":"https:\/\/sindag.org.br\/site-antigo\/wp-json\/wp\/v2\/types\/page"}],"author":[{"embeddable":true,"href":"https:\/\/sindag.org.br\/site-antigo\/wp-json\/wp\/v2\/users\/7"}],"replies":[{"embeddable":true,"href":"https:\/\/sindag.org.br\/site-antigo\/wp-json\/wp\/v2\/comments?post=11199"}],"version-history":[{"count":0,"href":"https:\/\/sindag.org.br\/site-antigo\/wp-json\/wp\/v2\/pages\/11199\/revisions"}],"wp:featuredmedia":[{"embeddable":true,"href":"https:\/\/sindag.org.br\/site-antigo\/wp-json\/wp\/v2\/media\/11793"}],"wp:attachment":[{"href":"https:\/\/sindag.org.br\/site-antigo\/wp-json\/wp\/v2\/media?parent=11199"}],"curies":[{"name":"wp","href":"https:\/\/api.w.org\/{rel}","templated":true}]}}