{"id":11767,"date":"2024-08-16T21:10:57","date_gmt":"2024-08-17T00:10:57","guid":{"rendered":"https:\/\/sindag.org.br\/site-antigo\/?page_id=11767"},"modified":"2024-08-16T22:04:50","modified_gmt":"2024-08-17T01:04:50","slug":"artigos-publicados","status":"publish","type":"page","link":"https:\/\/sindag.org.br\/site-antigo\/museu-virtual\/artigos-publicados\/","title":{"rendered":"ARTIGOS PUBLICADOS"},"content":{"rendered":"<div id=\"attachment_11770\" style=\"width: 1710px\" class=\"wp-caption alignnone\"><img loading=\"lazy\" decoding=\"async\" aria-describedby=\"caption-attachment-11770\" class=\"size-full wp-image-11770\" src=\"https:\/\/sindag.org.br\/site-antigo\/wp-content\/uploads\/2024\/08\/No-ar-alternativa-para-o-campo-10.02.2005-jornal-JC0006.jpg\" alt=\"\" width=\"1700\" height=\"2337\" srcset=\"https:\/\/sindag.org.br\/site-antigo\/wp-content\/uploads\/2024\/08\/No-ar-alternativa-para-o-campo-10.02.2005-jornal-JC0006.jpg 1700w, https:\/\/sindag.org.br\/site-antigo\/wp-content\/uploads\/2024\/08\/No-ar-alternativa-para-o-campo-10.02.2005-jornal-JC0006-524x720.jpg 524w, https:\/\/sindag.org.br\/site-antigo\/wp-content\/uploads\/2024\/08\/No-ar-alternativa-para-o-campo-10.02.2005-jornal-JC0006-1397x1920.jpg 1397w, https:\/\/sindag.org.br\/site-antigo\/wp-content\/uploads\/2024\/08\/No-ar-alternativa-para-o-campo-10.02.2005-jornal-JC0006-768x1056.jpg 768w, https:\/\/sindag.org.br\/site-antigo\/wp-content\/uploads\/2024\/08\/No-ar-alternativa-para-o-campo-10.02.2005-jornal-JC0006-1117x1536.jpg 1117w, https:\/\/sindag.org.br\/site-antigo\/wp-content\/uploads\/2024\/08\/No-ar-alternativa-para-o-campo-10.02.2005-jornal-JC0006-1490x2048.jpg 1490w\" sizes=\"auto, (max-width: 1700px) 100vw, 1700px\" \/><p id=\"caption-attachment-11770\" class=\"wp-caption-text\">Entrevista concedida no dia 10.02.2005, para o Jornal do Com\u00e9rcio (Porto Alegre\/RS) &#8211; parte 1<\/p><\/div>\n<div id=\"attachment_11771\" style=\"width: 2347px\" class=\"wp-caption alignnone\"><img loading=\"lazy\" decoding=\"async\" aria-describedby=\"caption-attachment-11771\" class=\"size-full wp-image-11771\" src=\"https:\/\/sindag.org.br\/site-antigo\/wp-content\/uploads\/2024\/08\/No-ar-alternativa-para-o-campo-10.02.2005-jornal-JC0005.jpg\" alt=\"\" width=\"2337\" height=\"1700\" srcset=\"https:\/\/sindag.org.br\/site-antigo\/wp-content\/uploads\/2024\/08\/No-ar-alternativa-para-o-campo-10.02.2005-jornal-JC0005.jpg 2337w, https:\/\/sindag.org.br\/site-antigo\/wp-content\/uploads\/2024\/08\/No-ar-alternativa-para-o-campo-10.02.2005-jornal-JC0005-720x524.jpg 720w, https:\/\/sindag.org.br\/site-antigo\/wp-content\/uploads\/2024\/08\/No-ar-alternativa-para-o-campo-10.02.2005-jornal-JC0005-1920x1397.jpg 1920w, https:\/\/sindag.org.br\/site-antigo\/wp-content\/uploads\/2024\/08\/No-ar-alternativa-para-o-campo-10.02.2005-jornal-JC0005-768x559.jpg 768w, https:\/\/sindag.org.br\/site-antigo\/wp-content\/uploads\/2024\/08\/No-ar-alternativa-para-o-campo-10.02.2005-jornal-JC0005-1536x1117.jpg 1536w, https:\/\/sindag.org.br\/site-antigo\/wp-content\/uploads\/2024\/08\/No-ar-alternativa-para-o-campo-10.02.2005-jornal-JC0005-2048x1490.jpg 2048w\" sizes=\"auto, (max-width: 2337px) 100vw, 2337px\" \/><p id=\"caption-attachment-11771\" class=\"wp-caption-text\">Entrevista concedida no dia 10.02.2005, para o Jornal do Com\u00e9rcio (Porto Alegre\/RS) &#8211; parte 2<\/p><\/div>\n<div id=\"attachment_11772\" style=\"width: 1710px\" class=\"wp-caption alignnone\"><img loading=\"lazy\" decoding=\"async\" aria-describedby=\"caption-attachment-11772\" class=\"size-full wp-image-11772\" src=\"https:\/\/sindag.org.br\/site-antigo\/wp-content\/uploads\/2024\/08\/No-ar-alternativa-para-o-campo-10.02.2005-jornal-JC0004.jpg\" alt=\"\" width=\"1700\" height=\"2337\" srcset=\"https:\/\/sindag.org.br\/site-antigo\/wp-content\/uploads\/2024\/08\/No-ar-alternativa-para-o-campo-10.02.2005-jornal-JC0004.jpg 1700w, https:\/\/sindag.org.br\/site-antigo\/wp-content\/uploads\/2024\/08\/No-ar-alternativa-para-o-campo-10.02.2005-jornal-JC0004-524x720.jpg 524w, https:\/\/sindag.org.br\/site-antigo\/wp-content\/uploads\/2024\/08\/No-ar-alternativa-para-o-campo-10.02.2005-jornal-JC0004-1397x1920.jpg 1397w, https:\/\/sindag.org.br\/site-antigo\/wp-content\/uploads\/2024\/08\/No-ar-alternativa-para-o-campo-10.02.2005-jornal-JC0004-768x1056.jpg 768w, https:\/\/sindag.org.br\/site-antigo\/wp-content\/uploads\/2024\/08\/No-ar-alternativa-para-o-campo-10.02.2005-jornal-JC0004-1117x1536.jpg 1117w, https:\/\/sindag.org.br\/site-antigo\/wp-content\/uploads\/2024\/08\/No-ar-alternativa-para-o-campo-10.02.2005-jornal-JC0004-1490x2048.jpg 1490w\" sizes=\"auto, (max-width: 1700px) 100vw, 1700px\" \/><p id=\"caption-attachment-11772\" class=\"wp-caption-text\">Entrevista concedida no dia 10.02.2005, para o Jornal do Com\u00e9rcio (Porto Alegre\/RS) &#8211; parte 3<\/p><\/div>\n<blockquote><p><span style=\"font-size: 14pt; color: #0000ff;\"><strong>\u00a0<a style=\"color: #0000ff;\" href=\"https:\/\/sindag.org.br\/site-antigo\/wp-content\/uploads\/2024\/08\/Revista-da-Madeira-setembro-2007-1.pdf\">Reportagem sobre a import\u00e2ncia da avia\u00e7\u00e3o agr\u00edcola para diversos setores da sociedade. Publicada pela Revista da Madeira, em setembro de 2007. Clique aqui para ler<\/a><\/strong><\/span><\/p><\/blockquote>\n<p>&nbsp;<\/p>\n","protected":false},"excerpt":{"rendered":"<p>\u00a0Reportagem sobre a import\u00e2ncia da avia\u00e7\u00e3o agr\u00edcola para diversos setores da sociedade. Publicada pela Revista da Madeira, em setembro de 2007. Clique aqui para ler &nbsp;<\/p>\n","protected":false},"author":7,"featured_media":11794,"parent":11199,"menu_order":0,"comment_status":"closed","ping_status":"closed","template":"","meta":{"_monsterinsights_skip_tracking":false,"_monsterinsights_sitenote_active":false,"_monsterinsights_sitenote_note":"","_monsterinsights_sitenote_category":0,"footnotes":"","_links_to":"","_links_to_target":""},"class_list":["post-11767","page","type-page","status-publish","has-post-thumbnail","hentry"],"_links":{"self":[{"href":"https:\/\/sindag.org.br\/site-antigo\/wp-json\/wp\/v2\/pages\/11767","targetHints":{"allow":["GET"]}}],"collection":[{"href":"https:\/\/sindag.org.br\/site-antigo\/wp-json\/wp\/v2\/pages"}],"about":[{"href":"https:\/\/sindag.org.br\/site-antigo\/wp-json\/wp\/v2\/types\/page"}],"author":[{"embeddable":true,"href":"https:\/\/sindag.org.br\/site-antigo\/wp-json\/wp\/v2\/users\/7"}],"replies":[{"embeddable":true,"href":"https:\/\/sindag.org.br\/site-antigo\/wp-json\/wp\/v2\/comments?post=11767"}],"version-history":[{"count":0,"href":"https:\/\/sindag.org.br\/site-antigo\/wp-json\/wp\/v2\/pages\/11767\/revisions"}],"up":[{"embeddable":true,"href":"https:\/\/sindag.org.br\/site-antigo\/wp-json\/wp\/v2\/pages\/11199"}],"wp:featuredmedia":[{"embeddable":true,"href":"https:\/\/sindag.org.br\/site-antigo\/wp-json\/wp\/v2\/media\/11794"}],"wp:attachment":[{"href":"https:\/\/sindag.org.br\/site-antigo\/wp-json\/wp\/v2\/media?parent=11767"}],"curies":[{"name":"wp","href":"https:\/\/api.w.org\/{rel}","templated":true}]}}