{"id":11778,"date":"2024-08-16T21:30:39","date_gmt":"2024-08-17T00:30:39","guid":{"rendered":"https:\/\/sindag.org.br\/site-antigo\/?page_id=11778"},"modified":"2024-08-16T22:06:13","modified_gmt":"2024-08-17T01:06:13","slug":"asupla","status":"publish","type":"page","link":"https:\/\/sindag.org.br\/site-antigo\/museu-virtual\/asupla\/","title":{"rendered":"ASUPLA\u00a0"},"content":{"rendered":"<p>A cria\u00e7\u00e3o da Associa\u00e7\u00e3o Sulriograndense dos Aplicadores Aeroagr\u00edcolas d\u00e1 in\u00edcio a hist\u00f3ria do que hoje chamamos de Sindicato Nacional das Empresas de Avia\u00e7\u00e3o Agr\u00edcola.<\/p>\n<p><span style=\"text-decoration: underline;\"><span style=\"color: #0000ff; text-decoration: underline;\"><strong><span style=\"font-size: 14pt;\"><a style=\"color: #0000ff; text-decoration: underline;\" href=\"https:\/\/sindag.org.br\/site-antigo\/wp-content\/uploads\/2024\/08\/Ata-15.07.1977.pdf\">LEIA AQUI a Ata da Assembleia Geral de Posse da 1\u00aa Diretoria da ASUPLA, realizada em 15 de julho de 1977<\/a><\/span><\/strong><\/span><\/span><\/p>\n<p><span style=\"text-decoration: underline;\"><span style=\"font-size: 14pt; color: #0000ff; text-decoration: underline;\"><strong><a style=\"color: #0000ff; text-decoration: underline;\" href=\"https:\/\/sindag.org.br\/site-antigo\/wp-content\/uploads\/2024\/08\/Associacao-ASUPLA-05.01.1985.pdf\">Confira aqui a mat\u00e9ria publicada no Jornal S\u00e3o Borja sobre a ASUPLA, no dia 05 de janeiro de 1985<\/a><\/strong><\/span><\/span><\/p>\n","protected":false},"excerpt":{"rendered":"<p>A cria\u00e7\u00e3o da Associa\u00e7\u00e3o Sulriograndense dos Aplicadores Aeroagr\u00edcolas d\u00e1 in\u00edcio a hist\u00f3ria do que hoje chamamos de Sindicato Nacional das Empresas de Avia\u00e7\u00e3o Agr\u00edcola. LEIA AQUI a Ata da Assembleia Geral de Posse da 1\u00aa Diretoria da ASUPLA, realizada em 15 de julho de 1977 Confira aqui a mat\u00e9ria publicada no Jornal S\u00e3o Borja sobre&#8230;  <a class=\"excerpt-read-more\" href=\"https:\/\/sindag.org.br\/site-antigo\/museu-virtual\/asupla\/\" title=\"Read ASUPLA\u00a0\">Leia mais &raquo;<\/a><\/p>\n","protected":false},"author":7,"featured_media":11795,"parent":11199,"menu_order":0,"comment_status":"closed","ping_status":"closed","template":"","meta":{"_monsterinsights_skip_tracking":false,"_monsterinsights_sitenote_active":false,"_monsterinsights_sitenote_note":"","_monsterinsights_sitenote_category":0,"footnotes":"","_links_to":"","_links_to_target":""},"class_list":["post-11778","page","type-page","status-publish","has-post-thumbnail","hentry"],"_links":{"self":[{"href":"https:\/\/sindag.org.br\/site-antigo\/wp-json\/wp\/v2\/pages\/11778","targetHints":{"allow":["GET"]}}],"collection":[{"href":"https:\/\/sindag.org.br\/site-antigo\/wp-json\/wp\/v2\/pages"}],"about":[{"href":"https:\/\/sindag.org.br\/site-antigo\/wp-json\/wp\/v2\/types\/page"}],"author":[{"embeddable":true,"href":"https:\/\/sindag.org.br\/site-antigo\/wp-json\/wp\/v2\/users\/7"}],"replies":[{"embeddable":true,"href":"https:\/\/sindag.org.br\/site-antigo\/wp-json\/wp\/v2\/comments?post=11778"}],"version-history":[{"count":0,"href":"https:\/\/sindag.org.br\/site-antigo\/wp-json\/wp\/v2\/pages\/11778\/revisions"}],"up":[{"embeddable":true,"href":"https:\/\/sindag.org.br\/site-antigo\/wp-json\/wp\/v2\/pages\/11199"}],"wp:featuredmedia":[{"embeddable":true,"href":"https:\/\/sindag.org.br\/site-antigo\/wp-json\/wp\/v2\/media\/11795"}],"wp:attachment":[{"href":"https:\/\/sindag.org.br\/site-antigo\/wp-json\/wp\/v2\/media?parent=11778"}],"curies":[{"name":"wp","href":"https:\/\/api.w.org\/{rel}","templated":true}]}}