{"id":11783,"date":"2024-08-16T21:43:11","date_gmt":"2024-08-17T00:43:11","guid":{"rendered":"https:\/\/sindag.org.br\/site-antigo\/?page_id=11783"},"modified":"2024-08-16T22:05:35","modified_gmt":"2024-08-17T01:05:35","slug":"chuva-de-pinhao","status":"publish","type":"page","link":"https:\/\/sindag.org.br\/site-antigo\/museu-virtual\/chuva-de-pinhao\/","title":{"rendered":"CHUVA DE PINH\u00c3O"},"content":{"rendered":"<p>No dia 10 de julho de 2012, um avi\u00e3o agr\u00edcola foi respons\u00e1vel por espalhar sementes de arauc\u00e1ria em uma floresta em Campinas do Sul\/RS. A iniciativa previa retirar do pinheiro brasileiro <em>(Arauc\u00e1ria<\/em> Angustifolia), com o avi\u00e3o &#8220;imitando&#8221; o movimento de gralhas. Assim nasceu a famosa <strong>Chuva de pinh\u00f5es<\/strong>! Descubra como funcionou e as expectativas para o experimento com os artigos abaixo:<\/p>\n<p><a href=\"https:\/\/sindag.org.br\/site-antigo\/wp-content\/uploads\/2024\/08\/10.07.2012-ZH-Chuva-de-Pinhao.pdf\">LEIA AQUI a mat\u00e9ria do Zero Hora sobre a Chuva de Pinh\u00e3o<\/a><\/p>\n<p><a href=\"https:\/\/sindag.org.br\/site-antigo\/wp-content\/uploads\/2024\/08\/10.07.2012-Correio-do-Povo-Aviao-faz-chuva-de-pinhao.pdf\">LEIA AQUI a explica\u00e7\u00e3o do projeto que gerou a chuva de pinh\u00e3o &#8211; publicada pelo Correio do Povo<\/a><\/p>\n<p><a href=\"https:\/\/sindag.org.br\/site-antigo\/wp-content\/uploads\/2024\/08\/10.07.2012-G1-Aviao-lanca-sementes-de-araucarias-para-reflores.pdf\">LEIA AQUI o conte\u00fado do G1 sobre o reflorestamento de arauc\u00e1rias<\/a><\/p>\n<p><a href=\"https:\/\/sindag.org.br\/site-antigo\/wp-content\/uploads\/2024\/08\/10.07.2012-Diario-da-Manha-Choveu-pinhao-em-Campinas-do-Sul.pdf\">LEIA AQUI sobre a Chuva de Pinh\u00e3o com a reportagem do Di\u00e1rio da Manh\u00e3<\/a><\/p>\n","protected":false},"excerpt":{"rendered":"<p>No dia 10 de julho de 2012, um avi\u00e3o agr\u00edcola foi respons\u00e1vel por espalhar sementes de arauc\u00e1ria em uma floresta em Campinas do Sul\/RS. A iniciativa previa retirar do pinheiro brasileiro (Arauc\u00e1ria Angustifolia), com o avi\u00e3o &#8220;imitando&#8221; o movimento de gralhas. Assim nasceu a famosa Chuva de pinh\u00f5es! Descubra como funcionou e as expectativas para&#8230;  <a class=\"excerpt-read-more\" href=\"https:\/\/sindag.org.br\/site-antigo\/museu-virtual\/chuva-de-pinhao\/\" title=\"Read CHUVA DE PINH\u00c3O\">Leia mais &raquo;<\/a><\/p>\n","protected":false},"author":7,"featured_media":11797,"parent":11199,"menu_order":0,"comment_status":"closed","ping_status":"closed","template":"","meta":{"_monsterinsights_skip_tracking":false,"_monsterinsights_sitenote_active":false,"_monsterinsights_sitenote_note":"","_monsterinsights_sitenote_category":0,"footnotes":"","_links_to":"","_links_to_target":""},"class_list":["post-11783","page","type-page","status-publish","has-post-thumbnail","hentry"],"_links":{"self":[{"href":"https:\/\/sindag.org.br\/site-antigo\/wp-json\/wp\/v2\/pages\/11783","targetHints":{"allow":["GET"]}}],"collection":[{"href":"https:\/\/sindag.org.br\/site-antigo\/wp-json\/wp\/v2\/pages"}],"about":[{"href":"https:\/\/sindag.org.br\/site-antigo\/wp-json\/wp\/v2\/types\/page"}],"author":[{"embeddable":true,"href":"https:\/\/sindag.org.br\/site-antigo\/wp-json\/wp\/v2\/users\/7"}],"replies":[{"embeddable":true,"href":"https:\/\/sindag.org.br\/site-antigo\/wp-json\/wp\/v2\/comments?post=11783"}],"version-history":[{"count":0,"href":"https:\/\/sindag.org.br\/site-antigo\/wp-json\/wp\/v2\/pages\/11783\/revisions"}],"up":[{"embeddable":true,"href":"https:\/\/sindag.org.br\/site-antigo\/wp-json\/wp\/v2\/pages\/11199"}],"wp:featuredmedia":[{"embeddable":true,"href":"https:\/\/sindag.org.br\/site-antigo\/wp-json\/wp\/v2\/media\/11797"}],"wp:attachment":[{"href":"https:\/\/sindag.org.br\/site-antigo\/wp-json\/wp\/v2\/media?parent=11783"}],"curies":[{"name":"wp","href":"https:\/\/api.w.org\/{rel}","templated":true}]}}