{"id":11790,"date":"2024-08-16T21:49:46","date_gmt":"2024-08-17T00:49:46","guid":{"rendered":"https:\/\/sindag.org.br\/site-antigo\/?page_id=11790"},"modified":"2024-08-16T22:10:28","modified_gmt":"2024-08-17T01:10:28","slug":"decreto-do-dia-nacional-da-aviacao-agricola","status":"publish","type":"page","link":"https:\/\/sindag.org.br\/site-antigo\/museu-virtual\/decreto-do-dia-nacional-da-aviacao-agricola\/","title":{"rendered":"DECRETO DO DIA NACIONAL DA AVIA\u00c7\u00c3O AGR\u00cdCOLA"},"content":{"rendered":"<p>Leia abaixo o decreto que oficializa o dia 19 de agosto como o Dia Nacional da Avia\u00e7\u00e3o Agr\u00edcola, assinado pelo ent\u00e3o Presidente da Rep\u00fablica, Jos\u00e9 Sarney.<\/p>\n<div id=\"attachment_11791\" style=\"width: 1252px\" class=\"wp-caption alignnone\"><img loading=\"lazy\" decoding=\"async\" aria-describedby=\"caption-attachment-11791\" class=\"size-full wp-image-11791\" src=\"https:\/\/sindag.org.br\/site-antigo\/wp-content\/uploads\/2024\/08\/Decreto-97.669-de-19.04.1989-Dia-nacional-da-Aviacao-Ageicola_page-0001.jpg\" alt=\"\" width=\"1242\" height=\"1755\" srcset=\"https:\/\/sindag.org.br\/site-antigo\/wp-content\/uploads\/2024\/08\/Decreto-97.669-de-19.04.1989-Dia-nacional-da-Aviacao-Ageicola_page-0001.jpg 1242w, https:\/\/sindag.org.br\/site-antigo\/wp-content\/uploads\/2024\/08\/Decreto-97.669-de-19.04.1989-Dia-nacional-da-Aviacao-Ageicola_page-0001-510x720.jpg 510w, https:\/\/sindag.org.br\/site-antigo\/wp-content\/uploads\/2024\/08\/Decreto-97.669-de-19.04.1989-Dia-nacional-da-Aviacao-Ageicola_page-0001-768x1085.jpg 768w, https:\/\/sindag.org.br\/site-antigo\/wp-content\/uploads\/2024\/08\/Decreto-97.669-de-19.04.1989-Dia-nacional-da-Aviacao-Ageicola_page-0001-1087x1536.jpg 1087w\" sizes=\"auto, (max-width: 1242px) 100vw, 1242px\" \/><p id=\"caption-attachment-11791\" class=\"wp-caption-text\">O Dia 19 de Abril de 1989 foi um dia de grande como\u00e7\u00e3o para o setor aeroagr\u00edcola!<\/p><\/div>\n","protected":false},"excerpt":{"rendered":"<p>Leia abaixo o decreto que oficializa o dia 19 de agosto como o Dia Nacional da Avia\u00e7\u00e3o Agr\u00edcola, assinado pelo ent\u00e3o Presidente da Rep\u00fablica, Jos\u00e9 Sarney.<\/p>\n","protected":false},"author":7,"featured_media":11796,"parent":11199,"menu_order":0,"comment_status":"closed","ping_status":"closed","template":"","meta":{"_monsterinsights_skip_tracking":false,"_monsterinsights_sitenote_active":false,"_monsterinsights_sitenote_note":"","_monsterinsights_sitenote_category":0,"footnotes":"","_links_to":"","_links_to_target":""},"class_list":["post-11790","page","type-page","status-publish","has-post-thumbnail","hentry"],"_links":{"self":[{"href":"https:\/\/sindag.org.br\/site-antigo\/wp-json\/wp\/v2\/pages\/11790","targetHints":{"allow":["GET"]}}],"collection":[{"href":"https:\/\/sindag.org.br\/site-antigo\/wp-json\/wp\/v2\/pages"}],"about":[{"href":"https:\/\/sindag.org.br\/site-antigo\/wp-json\/wp\/v2\/types\/page"}],"author":[{"embeddable":true,"href":"https:\/\/sindag.org.br\/site-antigo\/wp-json\/wp\/v2\/users\/7"}],"replies":[{"embeddable":true,"href":"https:\/\/sindag.org.br\/site-antigo\/wp-json\/wp\/v2\/comments?post=11790"}],"version-history":[{"count":0,"href":"https:\/\/sindag.org.br\/site-antigo\/wp-json\/wp\/v2\/pages\/11790\/revisions"}],"up":[{"embeddable":true,"href":"https:\/\/sindag.org.br\/site-antigo\/wp-json\/wp\/v2\/pages\/11199"}],"wp:featuredmedia":[{"embeddable":true,"href":"https:\/\/sindag.org.br\/site-antigo\/wp-json\/wp\/v2\/media\/11796"}],"wp:attachment":[{"href":"https:\/\/sindag.org.br\/site-antigo\/wp-json\/wp\/v2\/media?parent=11790"}],"curies":[{"name":"wp","href":"https:\/\/api.w.org\/{rel}","templated":true}]}}