{"id":11820,"date":"2024-08-20T14:46:10","date_gmt":"2024-08-20T17:46:10","guid":{"rendered":"https:\/\/sindag.org.br\/site-antigo\/?page_id=11820"},"modified":"2024-08-20T14:46:10","modified_gmt":"2024-08-20T17:46:10","slug":"turmas-cavag","status":"publish","type":"page","link":"https:\/\/sindag.org.br\/site-antigo\/museu-virtual\/turmas-cavag\/","title":{"rendered":"TURMAS CAVAG\u00a0"},"content":{"rendered":"<p>Ah, as turmas do CAVAG&#8230; Trazem mem\u00f3rias incr\u00edveis para muita gente, n\u00e9? &lt;3<\/p>\n<p>E a\u00ed, reconhece algu\u00e9m das fotos? Manda uma mensagem para n\u00f3s que a gente adiciona os nomes aqui nessa p\u00e1gina!<\/p>\n<p><em>+55 61 9843-4308 Joana &#8211; estrategista de m\u00eddias do Ibravag\u00a0<\/em><\/p>\n<div id=\"attachment_11821\" style=\"width: 1290px\" class=\"wp-caption alignnone\"><img loading=\"lazy\" decoding=\"async\" aria-describedby=\"caption-attachment-11821\" class=\"size-full wp-image-11821\" src=\"https:\/\/sindag.org.br\/site-antigo\/wp-content\/uploads\/2024\/08\/256f1894-f0a1-4029-9db5-114eb1b05bc3.jpg\" alt=\"\" width=\"1280\" height=\"960\" srcset=\"https:\/\/sindag.org.br\/site-antigo\/wp-content\/uploads\/2024\/08\/256f1894-f0a1-4029-9db5-114eb1b05bc3.jpg 1280w, https:\/\/sindag.org.br\/site-antigo\/wp-content\/uploads\/2024\/08\/256f1894-f0a1-4029-9db5-114eb1b05bc3-720x540.jpg 720w, https:\/\/sindag.org.br\/site-antigo\/wp-content\/uploads\/2024\/08\/256f1894-f0a1-4029-9db5-114eb1b05bc3-768x576.jpg 768w\" sizes=\"auto, (max-width: 1280px) 100vw, 1280px\" \/><p id=\"caption-attachment-11821\" class=\"wp-caption-text\">TURMA 2022<\/p><\/div>\n<div id=\"attachment_11823\" style=\"width: 790px\" class=\"wp-caption alignnone\"><img loading=\"lazy\" decoding=\"async\" aria-describedby=\"caption-attachment-11823\" class=\"size-full wp-image-11823\" src=\"https:\/\/sindag.org.br\/site-antigo\/wp-content\/uploads\/2024\/08\/Anos-70-Dr.-Araujo.jpg\" alt=\"\" width=\"780\" height=\"404\" srcset=\"https:\/\/sindag.org.br\/site-antigo\/wp-content\/uploads\/2024\/08\/Anos-70-Dr.-Araujo.jpg 780w, https:\/\/sindag.org.br\/site-antigo\/wp-content\/uploads\/2024\/08\/Anos-70-Dr.-Araujo-720x373.jpg 720w, https:\/\/sindag.org.br\/site-antigo\/wp-content\/uploads\/2024\/08\/Anos-70-Dr.-Araujo-768x398.jpg 768w\" sizes=\"auto, (max-width: 780px) 100vw, 780px\" \/><p id=\"caption-attachment-11823\" class=\"wp-caption-text\">Anos 70 &#8211; Dr. Eduardo Araujo<\/p><\/div>\n<img loading=\"lazy\" decoding=\"async\" class=\"alignnone size-full wp-image-11824\" src=\"https:\/\/sindag.org.br\/site-antigo\/wp-content\/uploads\/2024\/08\/b8e2f94e-de2e-420f-a3f0-749b5a9148b4.jpg\" alt=\"\" width=\"1344\" height=\"1008\" srcset=\"https:\/\/sindag.org.br\/site-antigo\/wp-content\/uploads\/2024\/08\/b8e2f94e-de2e-420f-a3f0-749b5a9148b4.jpg 1344w, https:\/\/sindag.org.br\/site-antigo\/wp-content\/uploads\/2024\/08\/b8e2f94e-de2e-420f-a3f0-749b5a9148b4-720x540.jpg 720w, https:\/\/sindag.org.br\/site-antigo\/wp-content\/uploads\/2024\/08\/b8e2f94e-de2e-420f-a3f0-749b5a9148b4-768x576.jpg 768w\" sizes=\"auto, (max-width: 1344px) 100vw, 1344px\" \/> <img loading=\"lazy\" decoding=\"async\" class=\"alignnone size-full wp-image-11825\" src=\"https:\/\/sindag.org.br\/site-antigo\/wp-content\/uploads\/2024\/08\/de8bf1f2-e3b4-4adf-aa91-0f084ecb806c.jpg\" alt=\"\" width=\"1280\" height=\"960\" srcset=\"https:\/\/sindag.org.br\/site-antigo\/wp-content\/uploads\/2024\/08\/de8bf1f2-e3b4-4adf-aa91-0f084ecb806c.jpg 1280w, https:\/\/sindag.org.br\/site-antigo\/wp-content\/uploads\/2024\/08\/de8bf1f2-e3b4-4adf-aa91-0f084ecb806c-720x540.jpg 720w, https:\/\/sindag.org.br\/site-antigo\/wp-content\/uploads\/2024\/08\/de8bf1f2-e3b4-4adf-aa91-0f084ecb806c-768x576.jpg 768w\" sizes=\"auto, (max-width: 1280px) 100vw, 1280px\" \/> <img loading=\"lazy\" decoding=\"async\" class=\"alignnone size-full wp-image-11826\" src=\"https:\/\/sindag.org.br\/site-antigo\/wp-content\/uploads\/2024\/08\/e2ba614c-8b30-417e-9809-06c156be729f.jpg\" alt=\"\" width=\"960\" height=\"576\" srcset=\"https:\/\/sindag.org.br\/site-antigo\/wp-content\/uploads\/2024\/08\/e2ba614c-8b30-417e-9809-06c156be729f.jpg 960w, https:\/\/sindag.org.br\/site-antigo\/wp-content\/uploads\/2024\/08\/e2ba614c-8b30-417e-9809-06c156be729f-720x432.jpg 720w, https:\/\/sindag.org.br\/site-antigo\/wp-content\/uploads\/2024\/08\/e2ba614c-8b30-417e-9809-06c156be729f-768x461.jpg 768w\" sizes=\"auto, (max-width: 960px) 100vw, 960px\" \/> <img loading=\"lazy\" decoding=\"async\" class=\"alignnone size-full wp-image-11827\" src=\"https:\/\/sindag.org.br\/site-antigo\/wp-content\/uploads\/2024\/08\/Fazenda-Ipanema.jpg\" alt=\"\" width=\"1280\" height=\"960\" srcset=\"https:\/\/sindag.org.br\/site-antigo\/wp-content\/uploads\/2024\/08\/Fazenda-Ipanema.jpg 1280w, https:\/\/sindag.org.br\/site-antigo\/wp-content\/uploads\/2024\/08\/Fazenda-Ipanema-720x540.jpg 720w, https:\/\/sindag.org.br\/site-antigo\/wp-content\/uploads\/2024\/08\/Fazenda-Ipanema-768x576.jpg 768w\" sizes=\"auto, (max-width: 1280px) 100vw, 1280px\" \/> <img loading=\"lazy\" decoding=\"async\" class=\"alignnone size-full wp-image-11828\" src=\"https:\/\/sindag.org.br\/site-antigo\/wp-content\/uploads\/2024\/08\/Turma-1971-em-Luziania.jpeg\" alt=\"\" width=\"960\" height=\"693\" srcset=\"https:\/\/sindag.org.br\/site-antigo\/wp-content\/uploads\/2024\/08\/Turma-1971-em-Luziania.jpeg 960w, https:\/\/sindag.org.br\/site-antigo\/wp-content\/uploads\/2024\/08\/Turma-1971-em-Luziania-720x520.jpeg 720w, https:\/\/sindag.org.br\/site-antigo\/wp-content\/uploads\/2024\/08\/Turma-1971-em-Luziania-768x554.jpeg 768w\" sizes=\"auto, (max-width: 960px) 100vw, 960px\" \/>\n","protected":false},"excerpt":{"rendered":"<p>Ah, as turmas do CAVAG&#8230; Trazem mem\u00f3rias incr\u00edveis para muita gente, n\u00e9? &lt;3 E a\u00ed, reconhece algu\u00e9m das fotos? Manda uma mensagem para n\u00f3s que a gente adiciona os nomes aqui nessa p\u00e1gina! +55 61 9843-4308 Joana &#8211; estrategista de m\u00eddias do Ibravag\u00a0<\/p>\n","protected":false},"author":7,"featured_media":11804,"parent":11199,"menu_order":0,"comment_status":"closed","ping_status":"closed","template":"","meta":{"_monsterinsights_skip_tracking":false,"_monsterinsights_sitenote_active":false,"_monsterinsights_sitenote_note":"","_monsterinsights_sitenote_category":0,"footnotes":"","_links_to":"","_links_to_target":""},"class_list":["post-11820","page","type-page","status-publish","has-post-thumbnail","hentry"],"_links":{"self":[{"href":"https:\/\/sindag.org.br\/site-antigo\/wp-json\/wp\/v2\/pages\/11820","targetHints":{"allow":["GET"]}}],"collection":[{"href":"https:\/\/sindag.org.br\/site-antigo\/wp-json\/wp\/v2\/pages"}],"about":[{"href":"https:\/\/sindag.org.br\/site-antigo\/wp-json\/wp\/v2\/types\/page"}],"author":[{"embeddable":true,"href":"https:\/\/sindag.org.br\/site-antigo\/wp-json\/wp\/v2\/users\/7"}],"replies":[{"embeddable":true,"href":"https:\/\/sindag.org.br\/site-antigo\/wp-json\/wp\/v2\/comments?post=11820"}],"version-history":[{"count":0,"href":"https:\/\/sindag.org.br\/site-antigo\/wp-json\/wp\/v2\/pages\/11820\/revisions"}],"up":[{"embeddable":true,"href":"https:\/\/sindag.org.br\/site-antigo\/wp-json\/wp\/v2\/pages\/11199"}],"wp:featuredmedia":[{"embeddable":true,"href":"https:\/\/sindag.org.br\/site-antigo\/wp-json\/wp\/v2\/media\/11804"}],"wp:attachment":[{"href":"https:\/\/sindag.org.br\/site-antigo\/wp-json\/wp\/v2\/media?parent=11820"}],"curies":[{"name":"wp","href":"https:\/\/api.w.org\/{rel}","templated":true}]}}