{"id":11990,"date":"2024-10-02T20:54:09","date_gmt":"2024-10-02T23:54:09","guid":{"rendered":"https:\/\/sindag.org.br\/site-antigo\/?page_id=11990"},"modified":"2024-10-02T20:56:58","modified_gmt":"2024-10-02T23:56:58","slug":"curso-de-atualizacao-de-pilotos-agricola","status":"publish","type":"page","link":"https:\/\/sindag.org.br\/site-antigo\/museu-virtual\/curso-de-atualizacao-de-pilotos-agricola\/","title":{"rendered":"CURSO DE ATUALIZA\u00c7\u00c3O DE PILOTOS AGR\u00cdCOLA"},"content":{"rendered":"<p><span style=\"color: #000000;\">At\u00e9 o momento, j\u00e1 foram realizadas seis turmas nas cidades de Orl\u00e2ndia\/SP, Catal\u00e3o\/GO, Lu\u00eds Eduardo Magalh\u00e3es\/BA, Porto Alegre\/RS, Santa Maria\/RS e Santo Ant\u00f4nio do Leverger\/MT. No total, 117 pilotos passaram por esse programa, elevando o n\u00edvel de qualifica\u00e7\u00e3o do setor!<\/span><\/p>\n<p style=\"text-align: center;\"><a href=\"https:\/\/ibravag.org.br\/conheca-a-turma-i-do-curso-de-atualizacao-de-pilotos-agricola\/?_post_id=5330\"><span style=\"text-decoration: underline; color: #000080;\"><strong>CONHE\u00c7A OS ALUNOS DA TURMA I CLICANDO AQUI<\/strong><\/span>\u00a0<\/a>\u00a0\u00a0<img loading=\"lazy\" decoding=\"async\" class=\"alignnone size-full wp-image-11995\" src=\"https:\/\/sindag.org.br\/site-antigo\/wp-content\/uploads\/2024\/10\/Orlandia-SP-1-scaled.jpg\" alt=\"\" width=\"2560\" height=\"1707\" srcset=\"https:\/\/sindag.org.br\/site-antigo\/wp-content\/uploads\/2024\/10\/Orlandia-SP-1-scaled.jpg 2560w, https:\/\/sindag.org.br\/site-antigo\/wp-content\/uploads\/2024\/10\/Orlandia-SP-1-720x480.jpg 720w, https:\/\/sindag.org.br\/site-antigo\/wp-content\/uploads\/2024\/10\/Orlandia-SP-1-1920x1280.jpg 1920w, https:\/\/sindag.org.br\/site-antigo\/wp-content\/uploads\/2024\/10\/Orlandia-SP-1-768x512.jpg 768w, https:\/\/sindag.org.br\/site-antigo\/wp-content\/uploads\/2024\/10\/Orlandia-SP-1-1536x1024.jpg 1536w, https:\/\/sindag.org.br\/site-antigo\/wp-content\/uploads\/2024\/10\/Orlandia-SP-1-2048x1365.jpg 2048w\" sizes=\"auto, (max-width: 2560px) 100vw, 2560px\" \/> \u00a0<span style=\"text-decoration: underline;\"><span style=\"color: #000080;\"><strong><a style=\"color: #000080; text-decoration: underline;\" href=\"https:\/\/ibravag.org.br\/conheca-a-turma-ii-do-curso-de-atualizacao-de-pilotos-agricolas\/?_post_id=5332\">CONHE\u00c7A OS ALUNOS DA TURMA II CLICANDO AQUI\u00a0<\/a><\/strong><\/span><\/span><img loading=\"lazy\" decoding=\"async\" class=\"alignnone size-full wp-image-11993\" src=\"https:\/\/sindag.org.br\/site-antigo\/wp-content\/uploads\/2024\/10\/Catalao-GO.jpeg\" alt=\"\" width=\"1200\" height=\"1600\" srcset=\"https:\/\/sindag.org.br\/site-antigo\/wp-content\/uploads\/2024\/10\/Catalao-GO.jpeg 1200w, https:\/\/sindag.org.br\/site-antigo\/wp-content\/uploads\/2024\/10\/Catalao-GO-540x720.jpeg 540w, https:\/\/sindag.org.br\/site-antigo\/wp-content\/uploads\/2024\/10\/Catalao-GO-768x1024.jpeg 768w, https:\/\/sindag.org.br\/site-antigo\/wp-content\/uploads\/2024\/10\/Catalao-GO-1152x1536.jpeg 1152w\" sizes=\"auto, (max-width: 1200px) 100vw, 1200px\" \/><\/p>\n<p style=\"text-align: center;\"><strong><span style=\"text-decoration: underline; color: #000080;\"><a style=\"color: #000080; text-decoration: underline;\" href=\"https:\/\/ibravag.org.br\/conheca-a-turma-iii-do-curso-de-atualizacao-de-pilotos-agricolas\/?_post_id=5334\">CONHE\u00c7A OS ALUNOS DA TURMA III CLICANDO AQUI<\/a><\/span><\/strong><img loading=\"lazy\" decoding=\"async\" class=\"alignnone size-full wp-image-11994\" src=\"https:\/\/sindag.org.br\/site-antigo\/wp-content\/uploads\/2024\/10\/Luis-Eduardo-Magalhaes-BA-1.jpeg\" alt=\"\" width=\"768\" height=\"576\" srcset=\"https:\/\/sindag.org.br\/site-antigo\/wp-content\/uploads\/2024\/10\/Luis-Eduardo-Magalhaes-BA-1.jpeg 768w, https:\/\/sindag.org.br\/site-antigo\/wp-content\/uploads\/2024\/10\/Luis-Eduardo-Magalhaes-BA-1-720x540.jpeg 720w\" sizes=\"auto, (max-width: 768px) 100vw, 768px\" \/><\/p>\n<p style=\"text-align: center;\"><a href=\"https:\/\/ibravag.org.br\/conheca-a-turma-iv-do-curso-de-atualizacao-de-pilotos-agricola\/?_post_id=5336\"><span style=\"text-decoration: underline;\"><strong><span style=\"color: #000080; text-decoration: underline;\">CONHE\u00c7A OS ALUNOS DA TURMA IV CLICANDO AQUI<\/span><\/strong><\/span><\/a><img loading=\"lazy\" decoding=\"async\" class=\"alignnone size-full wp-image-11996\" src=\"https:\/\/sindag.org.br\/site-antigo\/wp-content\/uploads\/2024\/10\/Porto-Alegre-RS.jpeg\" alt=\"\" width=\"1280\" height=\"576\" srcset=\"https:\/\/sindag.org.br\/site-antigo\/wp-content\/uploads\/2024\/10\/Porto-Alegre-RS.jpeg 1280w, https:\/\/sindag.org.br\/site-antigo\/wp-content\/uploads\/2024\/10\/Porto-Alegre-RS-720x324.jpeg 720w, https:\/\/sindag.org.br\/site-antigo\/wp-content\/uploads\/2024\/10\/Porto-Alegre-RS-768x346.jpeg 768w\" sizes=\"auto, (max-width: 1280px) 100vw, 1280px\" \/><\/p>\n<p style=\"text-align: center;\"><span style=\"text-decoration: underline;\"><span style=\"color: #000080;\"><strong><a style=\"color: #000080; text-decoration: underline;\" href=\"https:\/\/ibravag.org.br\/conheca-a-turma-v-do-curso-de-atualizacao-de-pilotos-agricola\/?_post_id=5338\">CONHE\u00c7A OS ALUNOS DA TURMA V CLICANDO AQUI<\/a><\/strong><\/span><\/span><img loading=\"lazy\" decoding=\"async\" class=\"alignnone size-full wp-image-11997\" src=\"https:\/\/sindag.org.br\/site-antigo\/wp-content\/uploads\/2024\/10\/Santa-Maria-RS.jpeg\" alt=\"\" width=\"1600\" height=\"720\" srcset=\"https:\/\/sindag.org.br\/site-antigo\/wp-content\/uploads\/2024\/10\/Santa-Maria-RS.jpeg 1600w, https:\/\/sindag.org.br\/site-antigo\/wp-content\/uploads\/2024\/10\/Santa-Maria-RS-720x324.jpeg 720w, https:\/\/sindag.org.br\/site-antigo\/wp-content\/uploads\/2024\/10\/Santa-Maria-RS-768x346.jpeg 768w, https:\/\/sindag.org.br\/site-antigo\/wp-content\/uploads\/2024\/10\/Santa-Maria-RS-1536x691.jpeg 1536w\" sizes=\"auto, (max-width: 1600px) 100vw, 1600px\" \/><\/p>\n<p style=\"text-align: center;\"><span style=\"text-decoration: underline;\"><span style=\"color: #000080;\"><strong><a style=\"color: #000080; text-decoration: underline;\" href=\"https:\/\/ibravag.org.br\/conheca-a-turma-vi-do-curso-de-atualizacao-de-pilotos-agricola\/?_post_id=5340\">CONHE\u00c7A OS ALUNOS DA TURMA VI CLICANDO AQUI\u00a0<\/a><\/strong><\/span><\/span><img loading=\"lazy\" decoding=\"async\" class=\"alignnone size-full wp-image-11998\" src=\"https:\/\/sindag.org.br\/site-antigo\/wp-content\/uploads\/2024\/10\/Santo-Antonio-do-Leverger-MT.jpeg\" alt=\"\" width=\"1600\" height=\"720\" srcset=\"https:\/\/sindag.org.br\/site-antigo\/wp-content\/uploads\/2024\/10\/Santo-Antonio-do-Leverger-MT.jpeg 1600w, https:\/\/sindag.org.br\/site-antigo\/wp-content\/uploads\/2024\/10\/Santo-Antonio-do-Leverger-MT-720x324.jpeg 720w, https:\/\/sindag.org.br\/site-antigo\/wp-content\/uploads\/2024\/10\/Santo-Antonio-do-Leverger-MT-768x346.jpeg 768w, https:\/\/sindag.org.br\/site-antigo\/wp-content\/uploads\/2024\/10\/Santo-Antonio-do-Leverger-MT-1536x691.jpeg 1536w\" sizes=\"auto, (max-width: 1600px) 100vw, 1600px\" \/><\/p>\n","protected":false},"excerpt":{"rendered":"<p>At\u00e9 o momento, j\u00e1 foram realizadas seis turmas nas cidades de Orl\u00e2ndia\/SP, Catal\u00e3o\/GO, Lu\u00eds Eduardo Magalh\u00e3es\/BA, Porto Alegre\/RS, Santa Maria\/RS e Santo Ant\u00f4nio do Leverger\/MT. No total, 117 pilotos passaram por esse programa, elevando o n\u00edvel de qualifica\u00e7\u00e3o do setor! CONHE\u00c7A OS ALUNOS DA TURMA I CLICANDO AQUI\u00a0\u00a0\u00a0 \u00a0CONHE\u00c7A OS ALUNOS DA TURMA II CLICANDO&#8230;  <a class=\"excerpt-read-more\" href=\"https:\/\/sindag.org.br\/site-antigo\/museu-virtual\/curso-de-atualizacao-de-pilotos-agricola\/\" title=\"Read CURSO DE ATUALIZA\u00c7\u00c3O DE PILOTOS AGR\u00cdCOLA\">Leia mais &raquo;<\/a><\/p>\n","protected":false},"author":7,"featured_media":11992,"parent":11199,"menu_order":0,"comment_status":"closed","ping_status":"closed","template":"","meta":{"_monsterinsights_skip_tracking":false,"_monsterinsights_sitenote_active":false,"_monsterinsights_sitenote_note":"","_monsterinsights_sitenote_category":0,"footnotes":"","_links_to":"","_links_to_target":""},"class_list":["post-11990","page","type-page","status-publish","has-post-thumbnail","hentry"],"_links":{"self":[{"href":"https:\/\/sindag.org.br\/site-antigo\/wp-json\/wp\/v2\/pages\/11990","targetHints":{"allow":["GET"]}}],"collection":[{"href":"https:\/\/sindag.org.br\/site-antigo\/wp-json\/wp\/v2\/pages"}],"about":[{"href":"https:\/\/sindag.org.br\/site-antigo\/wp-json\/wp\/v2\/types\/page"}],"author":[{"embeddable":true,"href":"https:\/\/sindag.org.br\/site-antigo\/wp-json\/wp\/v2\/users\/7"}],"replies":[{"embeddable":true,"href":"https:\/\/sindag.org.br\/site-antigo\/wp-json\/wp\/v2\/comments?post=11990"}],"version-history":[{"count":0,"href":"https:\/\/sindag.org.br\/site-antigo\/wp-json\/wp\/v2\/pages\/11990\/revisions"}],"up":[{"embeddable":true,"href":"https:\/\/sindag.org.br\/site-antigo\/wp-json\/wp\/v2\/pages\/11199"}],"wp:featuredmedia":[{"embeddable":true,"href":"https:\/\/sindag.org.br\/site-antigo\/wp-json\/wp\/v2\/media\/11992"}],"wp:attachment":[{"href":"https:\/\/sindag.org.br\/site-antigo\/wp-json\/wp\/v2\/media?parent=11990"}],"curies":[{"name":"wp","href":"https:\/\/api.w.org\/{rel}","templated":true}]}}