{"id":1242,"date":"2020-07-03T11:55:47","date_gmt":"2020-07-03T14:55:47","guid":{"rendered":"https:\/\/sindag.org.br\/site-antigo\/?page_id=1242"},"modified":"2025-07-21T15:44:21","modified_gmt":"2025-07-21T18:44:21","slug":"diretorias-anteriores","status":"publish","type":"page","link":"https:\/\/sindag.org.br\/site-antigo\/diretorias-anteriores\/","title":{"rendered":"Diretorias Anteriores"},"content":{"rendered":"<p><span style=\"font-size: 18pt;\"><strong><em>\u00a0<\/em><\/strong><\/span><\/p>\n<p><span style=\"font-size: 18pt;\"><strong><em>Mandato 2023\/2025<\/em><\/strong><\/span><\/p>\n<p>Presidente: Hoana Almeida Santos<br \/>\nVice-presidente: Thiago Magalh\u00e3es Silva<br \/>\nConselheiros Efetivos: Alexandre de Lima Schramm, Bruno Ricardo de Vasconcelos, Jorge Humberto Morato de Toledo, Nelson Coutinho Pe\u00f1a, Ricardo Cavina Tavares.<br \/>\nConselheiros Suplentes: Airle Heringer Junior, Ruddigger Alves da Silva, Sergio Bianchini, Taylla Lara Scherwinski de Faria, Tiago Henrique Textor, William Rambo.<\/p>\n<p><span style=\"font-size: 18pt;\"><strong><em><br \/>\nMandato 2019\/2021<\/em><\/strong><\/span><\/p>\n<p>Presidente: Thiago Magalh\u00e3es Silva<br \/>\nVice-presidente: Jorge Humberto Morato Toledo<br \/>\nSecret\u00e1rio: Bruno Ricardo de Vasconcelos<br \/>\nTesoureiro: Francisco Dias da Silva<br \/>\nSuplentes:\u00a0 Tiago Henrique Textor, Marcelo Amaral, Nelson Coutinho Pe\u00f1a, Marcos Ant\u00f4nio Camargo,<br \/>\nConselho Fiscal:\u00a0 Alexandre de Lima Schramm, Alan Sejer Poulsen, Sergio Bianchini,<br \/>\nSuplentes Conselho Fiscal: Hoana Almeida Santos , Paulo Alberto Kern, Maur\u00edcius Claudino Barbosa.<\/p>\n<p><span style=\"font-size: 18pt;\"><strong><em>Mandato 2017\/2019<\/em><\/strong><\/span><\/p>\n<p>Presidente: Julio Augusto Kampf<br \/>\nVice-presidente: Nelson Coutinho Pe\u00f1a<br \/>\nSecret\u00e1rio: Bruno Ricardo de Vasconcelos<br \/>\nTesoureiro: Francisco Dias da Silva<br \/>\nSuplentes:\u00a0 Cristiano Juliani,\u00a0 Mauro Moura de Oliveira, Marcos Ant\u00f4nio Camargo, Thiago Magalh\u00e3es Silva<br \/>\nConselho Fiscal: Valdinei Silva de Paula, M\u00e1rio Augusto Capacchi, Tiago Henrique Textor<br \/>\nSuplentes Conselho Fiscal: Marcelo Amaral , Alexandre de Lima Schramm, Jorge Humberto Morato\u00a0 Toledo<\/p>\n<p><span style=\"font-size: 18pt;\"><strong><em>Mandato 2015\/2017<\/em><\/strong><\/span><\/p>\n<p>Presidente: Nelson Ant\u00f4nio Paim<br \/>\nVice-presidente: Julio Augusto Kampf<br \/>\nSecret\u00e1rio: Nelson Coutinho Pe\u00f1a<br \/>\nTesoureiro: Francisco Dias da Silva<br \/>\nSuplentes: Batista Coelho Longaray, Cristiano Juliani, Marcos Ant\u00f4nio Camargo, Mauro Moura de Oliveira<br \/>\nConselho Fiscal: Valdinei Silva de Paula, Alan Sejer Poulsen, Nelci Afonso Arenhart<br \/>\nSuplentes Conselho Fiscal: Jos\u00e9 Selomar da Silva Oliveira, Fernando Amaro Dornelles Guerra, Edson Ant\u00f4nio Klauck<\/p>\n<p><span style=\"font-size: 18pt;\"><strong><em>Mandato 2013\/2015<\/em><\/strong><\/span><\/p>\n<p>Presidente: Nelson Ant\u00f4nio Paim<br \/>\nVice-presidente: Ruy Alberto Textor<br \/>\nSecret\u00e1rio: Francisco Dias da Silva<br \/>\nTesoureiro: Marco Aur\u00e9lio Dietrich<br \/>\nSuplentes: Batista Coelho Longaray, Mauro Moura de Oliveira, Marcelo Gouv\u00eaa Nunes Galv\u00e3o, Julio Augusto Kampf<br \/>\nConselho Fiscal: Jos\u00e9 Selomar da Silva Oliveira, Cezar Alberto Lilischkies, Nelson Coutinho Pe\u00f1a<br \/>\nSuplentes Conselho Fiscal: Bruno Ricardo Vasconcelos, Cristiano Juliani, Pedro Dami\u00e3o Cosmoski<\/p>\n<p><span style=\"font-size: 18pt;\"><strong><em>Mandato 2011\/2013<\/em><\/strong><\/span><\/p>\n<p>Presidente: Nelson Ant\u00f4nio Paim<br \/>\nVice-presidente: Claudio Coutinho Rodrigues<br \/>\nSecret\u00e1rio: Cesar Alberto Lilischkieu<br \/>\nTesoureiro: Francisco Dias da Silva<br \/>\nSuplentes: Marco Aur\u00e9lio Dietrich, Batista Coelho Longaray, Gilberto Tadeu Monteiro \u00c2ngelo, Marcelo Gouv\u00eaa Nunes Galv\u00e3o<br \/>\nConselho Fiscal: J\u00falio Augusto Kampf, Jos\u00e9 Selomar da Silva Oliveira, Robson Andr\u00e9 Textor<br \/>\nSuplentes Conselho Fiscal: Cristiano Juliani, Bruno Ricardo de Vasconselos, Adilson Jos\u00e9 Frizon<\/p>\n<p><span style=\"font-size: 18pt;\"><strong><em>Mandato 2009\/2011<\/em><\/strong><\/span><\/p>\n<p>Presidente: Julio Augusto Kampf<br \/>\nVice-presidente: Nelson Ant\u00f4nio Paim<br \/>\nSecret\u00e1rio: Francisco Dias da Silva<br \/>\nTesoureiro: Claudio Coutinho Rodrigues<br \/>\nSuplentes: Jos\u00e9 Ramon Rodriguez de Rodriguez, Carlos Heitor de Oliveira Belleza, Ruy Alberto Textor, Alan Sejer Poulsen<br \/>\nConselho Fiscal: Kurt Jaime Frantz, Jos\u00e9 Selomar da Silva Oliveira, Nelci Afonso Arenhart<br \/>\nSuplentes Conselho Fiscal: Enio Serafine, Manoel F. Fenner Souza, Luiz Fernando Agnes<\/p>\n<p><strong><span style=\"font-size: 18pt;\"><em>Mandato 2007\/2009<\/em><\/span><\/strong><\/p>\n<p>Presidente: J\u00falio Augusto Kampf<br \/>\nVice-Presidente: Alan Sejer Poulsen<br \/>\nSecret\u00e1rio: Renato Alves Argibay<br \/>\nTesoureiro: Kurt Jaime Frantz<br \/>\nSuplentes: Carlos Heitor de Oliveira Belleza, Jos\u00e9 Ramon Rodriguez de Rodriguez, Rui Alberto Textor<br \/>\nConselho Fiscal: Claudio Coutinho Rodrigues, Francisco Dias da Silva, Nelci Afonso Arenharth<br \/>\nSuplentes Conselho Fiscal: Enio Serafine, Manoel F. Fenner Souza, Luiz Fernando Agnes<\/p>\n<p><strong><span style=\"font-size: 18pt;\"><em>Mandato 2005\/2007<\/em><\/span><\/strong><\/p>\n<p>Presidente: Jos\u00e9 Ramon Rodriguez de Rodriguez<br \/>\nVice-presidente: Julio Augusto Kampf<br \/>\nSecret\u00e1rio: Rui Alberto Textor<br \/>\nTesoureiro: Kurt Jaime Frantz<br \/>\nSuplentes: Carlos Heitor de Oliveira Belleza, Paulo Cezar Santos, Jos\u00e9 Paulo Garcia, Nelson Ant\u00f4nio Paim<br \/>\nConselho Fiscal: Alan Sejer Poulsen, Nelci Afonso Arenharth, Odilon Rodriguez da Silva<br \/>\nSuplentes Conselho Fiscal: Waldomiro Schramm, Gianluca Possamai, Gregory Thomas Smitz<\/p>\n<p><span style=\"font-size: 18pt;\"><strong><em>Mandato 2003\/2005<\/em><\/strong><\/span><\/p>\n<p>Presidente: Carlos Heitor de Oliveira Belleza<br \/>\nVice-Presidente: Jos\u00e9 Ramon Rodriguez de Rodriguez<br \/>\nSecret\u00e1rio: Telmo Fabr\u00edcio Dutra<br \/>\nTesoureiro: Jos\u00e9 Selomar da Silva Oliveira<br \/>\nSuplentes: Julio Augusto Kampf, Ruy Alberto Textor, Jos\u00e9 Paulo Garcia, Pedro Luiz Teruel<br \/>\nSuplentes Conselho Fiscal: Nelci Afonso Arenharth, Gregory Thomas Smith, Gianluca Possamai<\/p>\n<p><strong><span style=\"font-size: 18pt;\"><em>Mandato 2001\/2003<\/em><\/span><\/strong><\/p>\n<p>Presidente: Carlos Heitor de Oliveira Belleza<br \/>\nVice-Presidente: Jos\u00e9 Ramon Rodriguez de Rodriguez<br \/>\nSecret\u00e1rio: Telmo Fabr\u00edcio Dutra<br \/>\nTesoureiro: Jos\u00e9 Leonardo Kaczmarcher<br \/>\nSuplentes: Wilson Paulo Klauch, Arno Dalke, Pedro Luiz Teruel, Jos\u00e9 Ant\u00f4nio Stocco<br \/>\nConselho Fiscal: Kurt Jaime Frantz, Alan Sejer Poulsen, Francisco Dias da Silva<br \/>\nSuplentes Conselho Fiscal: Gregory Thomaz Smith, Julio Augusto Kampf, Gianluca Possamai<\/p>\n<p><span style=\"font-size: 18pt;\"><strong><em>Mandato 1999\/2001<\/em><\/strong><\/span><\/p>\n<p>Presidente: Carlos Heitor de Oliveira Belleza<br \/>\nVice-Presidente: Pedro Luiz Teruel<br \/>\nSecret\u00e1rio: Julio Augusto Kampf<br \/>\nTesoureiro: Francisco Dias da Silva<br \/>\nSuplentes: Jos\u00e9 Ramon Rodriguez de Rodriguez, Enio Serafine, Wilson Shmidt, Jos\u00e9 Selomar da Silva Oliveira<br \/>\nConselho Fiscal: Kurt Jaime Frantz, Alan Sejer Poulsen, Telmo Fabr\u00edcio Dutra<br \/>\nSuplentes Conselho Fiscal: Claudio Leal Melo, Mario Textor, Jos\u00e9 Leonardo Kaczmacher\u2022<\/p>\n<p><strong><span style=\"font-size: 18pt;\"><em>Mandato 1997\/1999<\/em><\/span><\/strong><\/p>\n<p>Presidente: Telmo Fabr\u00edcio Dutra<br \/>\nVice-Presidente: Jo\u00e3o Carlos de Carli<br \/>\nSecret\u00e1rio: Julio Augusto Kampf<br \/>\nTesoureiro: Francisco Dias da Silva<br \/>\nSuplentes: Pedro Luiz Teruel, Luiz Carlos B. Dell Aglio, Jos\u00e9 Selomar da Silva Oliveira, Laudelino Bernardi<br \/>\nConselho Fiscal: Kurt Jaime Frantz, Alan Sejer Poulsen, Jos\u00e9 Ramon Rodriguez de Rodriguez<br \/>\nSuplentes Conselho Fiscal: Enio Serafine, Vitor Hugo Nitz, Mario Textor<\/p>\n<p><strong><span style=\"font-size: 18pt;\"><em> Mandato 1995\/1997<\/em><\/span><\/strong><\/p>\n<p>Presidente: Euclides de Carli<br \/>\nVice-Presidente: Telmo Fabr\u00edcio Dutra<br \/>\nSecret\u00e1rio: Enio Serafine<br \/>\nTesoureiro: Ariel Correa Fernandes<br \/>\nSuplentes: Jos\u00e9 Selomar da Silva Oliveira, H\u00e9lio Dias Campos, Jaime Bernardi, Eduardo Cordeiro de Ara\u00fajo<br \/>\nConselho Fiscal: Rolemberg Vidotti, Leopoldo Wener Lausmann, Ant\u00f4nio Roberto Lima<br \/>\nSuplentes Conselho Fiscal: Ricardo Mesquita, Hil\u00e1rio Grehs, Dorial Conte<\/p>\n<p><span style=\"font-size: 18pt;\"><strong><em>Mandato 1993\/1995<\/em><\/strong><\/span><\/p>\n<p><strong>Presidente: Euclides de Carli<\/strong><br \/>\nVice-Presidente: Eduardo Cordeiro de Ara\u00fajo<br \/>\nSecret\u00e1rio: Telmo Fabr\u00edcio Dutra<br \/>\nTesoureiro: Luiz Carlos Bassan Dell Aglio<br \/>\nSuplentes: Dorival Conte, Wilson Schimidt, Bolivar Mumbach, H\u00e9lio Dias Campos<br \/>\nConselho Fiscal: Ariel Fernandes, Jos\u00e9 Selomar da Silva Oliveira, Ruy Vasconcellos Cardoso<br \/>\nSuplentes Conselho Fiscal: Geraldo Arruda Rosas, Ricardo Augusto Conquista,, Ant\u00f4nio Roberto de Lima<\/p>\n","protected":false},"excerpt":{"rendered":"<p>\u00a0 Mandato 2023\/2025 Presidente: Hoana Almeida Santos Vice-presidente: Thiago Magalh\u00e3es Silva Conselheiros Efetivos: Alexandre de Lima Schramm, Bruno Ricardo de Vasconcelos, Jorge Humberto Morato de Toledo, Nelson Coutinho Pe\u00f1a, Ricardo Cavina Tavares. Conselheiros Suplentes: Airle Heringer Junior, Ruddigger Alves da Silva, Sergio Bianchini, Taylla Lara Scherwinski de Faria, Tiago Henrique Textor, William Rambo. Mandato 2019\/2021&#8230;  <a class=\"excerpt-read-more\" href=\"https:\/\/sindag.org.br\/site-antigo\/diretorias-anteriores\/\" title=\"Read Diretorias Anteriores\">Leia mais &raquo;<\/a><\/p>\n","protected":false},"author":1,"featured_media":633,"parent":0,"menu_order":0,"comment_status":"closed","ping_status":"closed","template":"","meta":{"_monsterinsights_skip_tracking":false,"_monsterinsights_sitenote_active":false,"_monsterinsights_sitenote_note":"","_monsterinsights_sitenote_category":0,"footnotes":"","_links_to":"","_links_to_target":""},"class_list":["post-1242","page","type-page","status-publish","has-post-thumbnail","hentry"],"_links":{"self":[{"href":"https:\/\/sindag.org.br\/site-antigo\/wp-json\/wp\/v2\/pages\/1242","targetHints":{"allow":["GET"]}}],"collection":[{"href":"https:\/\/sindag.org.br\/site-antigo\/wp-json\/wp\/v2\/pages"}],"about":[{"href":"https:\/\/sindag.org.br\/site-antigo\/wp-json\/wp\/v2\/types\/page"}],"author":[{"embeddable":true,"href":"https:\/\/sindag.org.br\/site-antigo\/wp-json\/wp\/v2\/users\/1"}],"replies":[{"embeddable":true,"href":"https:\/\/sindag.org.br\/site-antigo\/wp-json\/wp\/v2\/comments?post=1242"}],"version-history":[{"count":0,"href":"https:\/\/sindag.org.br\/site-antigo\/wp-json\/wp\/v2\/pages\/1242\/revisions"}],"wp:featuredmedia":[{"embeddable":true,"href":"https:\/\/sindag.org.br\/site-antigo\/wp-json\/wp\/v2\/media\/633"}],"wp:attachment":[{"href":"https:\/\/sindag.org.br\/site-antigo\/wp-json\/wp\/v2\/media?parent=1242"}],"curies":[{"name":"wp","href":"https:\/\/api.w.org\/{rel}","templated":true}]}}