{"id":130,"date":"2020-05-04T04:37:45","date_gmt":"2020-05-04T07:37:45","guid":{"rendered":"https:\/\/sindag.org.br\/site-antigo\/?page_id=130"},"modified":"2025-05-15T08:55:08","modified_gmt":"2025-05-15T11:55:08","slug":"estudos-cientificos-e-boas-praticas","status":"publish","type":"page","link":"https:\/\/sindag.org.br\/site-antigo\/estudos-cientificos-e-boas-praticas\/","title":{"rendered":"Estudos Cient\u00edficos e Boas Pr\u00e1ticas"},"content":{"rendered":"<p>Esta p\u00e1gina destina-se a trazer informa\u00e7\u00f5es sobre Estudos Cient\u00edficos do setor. Desde a frota aeroagr\u00edcola Brasileira at\u00e9 os Estudos Cient\u00edficos sobre deriva e inova\u00e7\u00f5es tecnol\u00f3gicas do setor.<\/p>\n<h1>Guia para aplica\u00e7\u00e3o A\u00e9rea Segura SINDAG<\/h1>\n<div id=\"attachment_4629\" style=\"width: 252px\" class=\"wp-caption aligncenter\"><a href=\"https:\/\/sindag.org.br\/site-antigo\/guia-para-aplicacao-aerea-segura\/\"><img loading=\"lazy\" decoding=\"async\" aria-describedby=\"caption-attachment-4629\" class=\"size-full wp-image-4629\" src=\"https:\/\/sindag.org.br\/site-antigo\/wp-content\/uploads\/2021\/06\/capa-4.jpg\" alt=\"\" width=\"242\" height=\"425\" \/><\/a><p id=\"caption-attachment-4629\" class=\"wp-caption-text\">Clique na imagem para baixar o Guia de Aplica\u00e7\u00e3o completo<\/p><\/div>\n<p>&nbsp;<\/p>\n<p style=\"text-align: center;\"><strong>Conhe\u00e7a um pouco mais sobre a avia\u00e7\u00e3o agr\u00edcola neste v\u00eddeo abaixo:<\/strong><\/p>\n<p style=\"text-align: center;\"><iframe loading=\"lazy\" src=\"\/\/www.youtube.com\/embed\/qGP0JljlQw4\" width=\"560\" height=\"314\" allowfullscreen=\"allowfullscreen\"><\/iframe><\/p>\n<p>&nbsp;<\/p>\n<p style=\"text-align: center;\"><strong>Veja uma aula sobre o processo da deriva com o professor Marcelo Drescher:<\/strong><\/p>\n<p style=\"text-align: center;\"><iframe loading=\"lazy\" src=\"\/\/www.youtube.com\/embed\/wAJZmHHg6i4\" width=\"560\" height=\"314\" allowfullscreen=\"allowfullscreen\"><\/iframe><\/p>\n<p>&nbsp;<\/p>\n<p style=\"text-align: center;\"><strong>Veja um v\u00eddeo do Estudo Cient\u00edfico realizado em Rio Verde sobre Deriva, realizado por diversas institui\u00e7\u00f5es de pesquisa. O Estudo est\u00e1 no link abaixo de Estudos Cient\u00edficos:<\/strong><\/p>\n<p style=\"text-align: center;\"><iframe loading=\"lazy\" src=\"\/\/www.youtube.com\/embed\/rE5jk2z36v4\" width=\"560\" height=\"314\" allowfullscreen=\"allowfullscreen\"><\/iframe><\/p>\n<p style=\"text-align: center;\"><a href=\"https:\/\/sindag.org.br\/site-antigo\/wp-content\/uploads\/2021\/07\/Estudo-cientifico-Deriva_reduce.pdf\">Clique aqui e fa\u00e7a o download do ESTUDO CIENT\u00cdFICO referente ao estudo acima.<\/a><\/p>\n<p>&nbsp;<\/p>\n<p>Segue o estudo cient\u00edfco sobre o mercado aeroagr\u00edcola do Brasil, realizado pelo IBRAVAG\/SEBRAE no programa de Boas Pr\u00e1ticas Aeroagr\u00edcola do Brasil<\/p>\n<p><a href=\"https:\/\/sindag.org.br\/site-antigo\/estudos-cientificos-e-boas-praticas\/pesquisa_culturas-brasileiras-aviacao-agricola\/\" rel=\"attachment wp-att-13167\">Pesquisa_Culturas Brasileiras &amp; Avia\u00e7\u00e3o Agr\u00edcola<\/a><\/p>\n<p>&nbsp;<\/p>\n<pre><span style=\"font-size: 24pt;\"><strong>Trabalhos T\u00e9cnicos<\/strong><\/span><\/pre>\n<p>&nbsp;<\/p>\n","protected":false},"excerpt":{"rendered":"<p>Esta p\u00e1gina destina-se a trazer informa\u00e7\u00f5es sobre Estudos Cient\u00edficos do setor. Desde a frota aeroagr\u00edcola Brasileira at\u00e9 os Estudos Cient\u00edficos sobre deriva e inova\u00e7\u00f5es tecnol\u00f3gicas do setor. Guia para aplica\u00e7\u00e3o A\u00e9rea Segura SINDAG &nbsp; Conhe\u00e7a um pouco mais sobre a avia\u00e7\u00e3o agr\u00edcola neste v\u00eddeo abaixo: &nbsp; Veja uma aula sobre o processo da deriva com&#8230;  <a class=\"excerpt-read-more\" href=\"https:\/\/sindag.org.br\/site-antigo\/estudos-cientificos-e-boas-praticas\/\" title=\"Read Estudos Cient\u00edficos e Boas Pr\u00e1ticas\">Leia mais &raquo;<\/a><\/p>\n","protected":false},"author":1,"featured_media":2074,"parent":0,"menu_order":0,"comment_status":"closed","ping_status":"closed","template":"","meta":{"_monsterinsights_skip_tracking":false,"_monsterinsights_sitenote_active":false,"_monsterinsights_sitenote_note":"","_monsterinsights_sitenote_category":0,"footnotes":"","_links_to":"","_links_to_target":""},"class_list":["post-130","page","type-page","status-publish","has-post-thumbnail","hentry"],"_links":{"self":[{"href":"https:\/\/sindag.org.br\/site-antigo\/wp-json\/wp\/v2\/pages\/130","targetHints":{"allow":["GET"]}}],"collection":[{"href":"https:\/\/sindag.org.br\/site-antigo\/wp-json\/wp\/v2\/pages"}],"about":[{"href":"https:\/\/sindag.org.br\/site-antigo\/wp-json\/wp\/v2\/types\/page"}],"author":[{"embeddable":true,"href":"https:\/\/sindag.org.br\/site-antigo\/wp-json\/wp\/v2\/users\/1"}],"replies":[{"embeddable":true,"href":"https:\/\/sindag.org.br\/site-antigo\/wp-json\/wp\/v2\/comments?post=130"}],"version-history":[{"count":0,"href":"https:\/\/sindag.org.br\/site-antigo\/wp-json\/wp\/v2\/pages\/130\/revisions"}],"wp:featuredmedia":[{"embeddable":true,"href":"https:\/\/sindag.org.br\/site-antigo\/wp-json\/wp\/v2\/media\/2074"}],"wp:attachment":[{"href":"https:\/\/sindag.org.br\/site-antigo\/wp-json\/wp\/v2\/media?parent=130"}],"curies":[{"name":"wp","href":"https:\/\/api.w.org\/{rel}","templated":true}]}}