{"id":1342,"date":"2020-07-08T14:29:42","date_gmt":"2020-07-08T17:29:42","guid":{"rendered":"https:\/\/sindag.org.br\/site-antigo\/?page_id=1342"},"modified":"2020-07-29T22:18:21","modified_gmt":"2020-07-30T01:18:21","slug":"medalha-merito-da-aviacao-agricola","status":"publish","type":"page","link":"https:\/\/sindag.org.br\/site-antigo\/medalha-merito-da-aviacao-agricola\/","title":{"rendered":"Galeria :: M\u00e9rito da Avia\u00e7\u00e3o Agr\u00edcola ::"},"content":{"rendered":"<p>A medalha M\u00e9rito da Avia\u00e7\u00e3o Agr\u00edcola representa o maior reconhecimento do setor aeroagr\u00edcola do Brasil. O objetivo \u00e9 destacar e reconhecer grandes nomes do setor, que realizaram muitos projetos e a\u00e7\u00f5es importantes que hoje, d\u00e3o sustentabilidade ao setor.<\/p>\n<p>Na lista professores doutores, pilotos agr\u00edcolas, empres\u00e1rios do setor, engenheiros agr\u00f4nomos e militares que ao longo dos anos, dedicaram sua vida ao crescimento e evolu\u00e7\u00e3o do setor.<\/p>\n<p>&nbsp;<\/p>\n<p style=\"text-align: center;\"><span style=\"font-size: 18pt;\"><strong>Veja quem s\u00e3o os agraciado<em>s:<\/em> <\/strong> <\/span><\/p>\n<p>&nbsp;<\/p>\n","protected":false},"excerpt":{"rendered":"<p>A medalha M\u00e9rito da Avia\u00e7\u00e3o Agr\u00edcola representa o maior reconhecimento do setor aeroagr\u00edcola do Brasil. O objetivo \u00e9 destacar e reconhecer grandes nomes do setor, que realizaram muitos projetos e a\u00e7\u00f5es importantes que hoje, d\u00e3o sustentabilidade ao setor. Na lista professores doutores, pilotos agr\u00edcolas, empres\u00e1rios do setor, engenheiros agr\u00f4nomos e militares que ao longo dos&#8230;  <a class=\"excerpt-read-more\" href=\"https:\/\/sindag.org.br\/site-antigo\/medalha-merito-da-aviacao-agricola\/\" title=\"Read Galeria :: M\u00e9rito da Avia\u00e7\u00e3o Agr\u00edcola ::\">Leia mais &raquo;<\/a><\/p>\n","protected":false},"author":5,"featured_media":1343,"parent":0,"menu_order":0,"comment_status":"closed","ping_status":"closed","template":"","meta":{"_monsterinsights_skip_tracking":false,"_monsterinsights_sitenote_active":false,"_monsterinsights_sitenote_note":"","_monsterinsights_sitenote_category":0,"footnotes":"","_links_to":"","_links_to_target":""},"class_list":["post-1342","page","type-page","status-publish","has-post-thumbnail","hentry"],"_links":{"self":[{"href":"https:\/\/sindag.org.br\/site-antigo\/wp-json\/wp\/v2\/pages\/1342","targetHints":{"allow":["GET"]}}],"collection":[{"href":"https:\/\/sindag.org.br\/site-antigo\/wp-json\/wp\/v2\/pages"}],"about":[{"href":"https:\/\/sindag.org.br\/site-antigo\/wp-json\/wp\/v2\/types\/page"}],"author":[{"embeddable":true,"href":"https:\/\/sindag.org.br\/site-antigo\/wp-json\/wp\/v2\/users\/5"}],"replies":[{"embeddable":true,"href":"https:\/\/sindag.org.br\/site-antigo\/wp-json\/wp\/v2\/comments?post=1342"}],"version-history":[{"count":0,"href":"https:\/\/sindag.org.br\/site-antigo\/wp-json\/wp\/v2\/pages\/1342\/revisions"}],"wp:featuredmedia":[{"embeddable":true,"href":"https:\/\/sindag.org.br\/site-antigo\/wp-json\/wp\/v2\/media\/1343"}],"wp:attachment":[{"href":"https:\/\/sindag.org.br\/site-antigo\/wp-json\/wp\/v2\/media?parent=1342"}],"curies":[{"name":"wp","href":"https:\/\/api.w.org\/{rel}","templated":true}]}}