{"id":1382,"date":"2020-07-15T09:43:22","date_gmt":"2020-07-15T12:43:22","guid":{"rendered":"https:\/\/sindag.org.br\/site-antigo\/?page_id=1382"},"modified":"2022-04-15T23:25:20","modified_gmt":"2022-04-16T02:25:20","slug":"servicos-e-procedimentos-aeroagricolas","status":"publish","type":"page","link":"https:\/\/sindag.org.br\/site-antigo\/servicos-e-procedimentos-aeroagricolas\/","title":{"rendered":"Servi\u00e7os, Lavouras atendidas e Procedimentos Aeroagr\u00edcolas"},"content":{"rendered":"<pre><strong><span style=\"font-size: 18pt; color: #ffffff;\">SERVI\u00c7OS PRESTADOS<\/span><\/strong><\/pre>\n<p>As empresas de avia\u00e7\u00e3o agr\u00edcola do Brasil prestam diversos servi\u00e7os como:<\/p>\n<ul>\n<li style=\"list-style-type: none;\">\n<ul>\n<li style=\"list-style-type: none;\">\n<ul style=\"list-style-type: disc;\">\n<li>Semeadura,<\/li>\n<li>Aplica\u00e7\u00e3o de defensivos qu\u00edmicos e biol\u00f3gico para prote\u00e7\u00e3o da lavoura,<\/li>\n<li>Povoamento de rios e lagos com peixes; e<\/li>\n<li>Combate a inc\u00eandios florestais.<\/li>\n<\/ul>\n<\/li>\n<\/ul>\n<\/li>\n<\/ul>\n<p>&nbsp;<\/p>\n<p style=\"text-align: center;\"><iframe loading=\"lazy\" src=\"\/\/www.youtube.com\/embed\/qGP0JljlQw4\" width=\"560\" height=\"314\" allowfullscreen=\"allowfullscreen\"><\/iframe><\/p>\n<p>&nbsp;<\/p>\n<p><strong>SOBRE A SEMEADURA:<\/strong><\/p>\n<p>\u00c9 um bom neg\u00f3cio? \u00c9 bom para o produtor rural? \u00c9 bom para a avia\u00e7\u00e3o agr\u00edcola?<\/p>\n<p>Muito utilizada em v\u00e1rios Estados, a semeadura a\u00e9rea de pastagens \u00e9 uma tecnologia que permite distribuir com rapidez e boa uniformidade as sementes de esp\u00e9cies forrageiras como a braqui\u00e1ria (principalmente no Brasil central) e o azev\u00e9m, aveia e trevo na regi\u00e3o sul.<\/p>\n<p><strong>Mas o que leva o produtor rural a utilizar a avia\u00e7\u00e3o em substitui\u00e7\u00e3o \u00e0 semeadura terrestre, que ele realiza com o maquin\u00e1rio pr\u00f3prio da fazenda?<\/strong><\/p>\n<p>Destacamos tr\u00eas motivos: a terceiriza\u00e7\u00e3o do servi\u00e7o permite que a semeadura seja realizada sem ocupar m\u00e3o-de-obra da fazenda, que geralmente est\u00e1 sendo empregada na colheita de gr\u00e3os; a rapidez da t\u00e9cnica a\u00e9rea possibilita disponibilizar grandes \u00e1reas em poucas horas de aplica\u00e7\u00e3o; com aeronaves podemos realizar a sobre-semeadura, lan\u00e7ando as sementes antes da colheita das lavouras de gr\u00e3os.<\/p>\n<p>Para obter sucesso, s\u00e3o necess\u00e1rios cuidados com a qualidade das sementes, regulagem e calibra\u00e7\u00e3o das aeronaves, e aten\u00e7\u00e3o \u00e0s condi\u00e7\u00f5es de umidade do solo e ventos durante a aplica\u00e7\u00e3o.<\/p>\n<blockquote><p>Soja, arroz e milho s\u00e3o culturas que podem receber pastagens em sucess\u00e3o. A integra\u00e7\u00e3o lavoura-pecu\u00e1ria cresce a cada ano, caracterizando-se como uma t\u00e9cnica conservacionista que gera boa lucratividade.<\/p><\/blockquote>\n<p>Antes da colheita da lavoura, \u00e9 realizada a semeadura a\u00e9rea. Em arroz e milho, cerca de 15 dias antes da colheita. No caso da soja, o momento ideal \u00e9 o in\u00edcio da queda das folhas, que se depositam sobre as sementes, criando uma ambiente favor\u00e1vel para a germina\u00e7\u00e3o e estabelecimento da pastagem. Desta forma, no momento da colheita da lavoura, a pastagem j\u00e1 est\u00e1 estabelecida, permitindo antecipar o pastoreio em at\u00e9 30 dias.<\/p>\n<p>Esta antecipa\u00e7\u00e3o na entrada do gado, com o consequente engorde, por si s\u00f3 j\u00e1 paga a aplica\u00e7\u00e3o a\u00e9rea, na opini\u00e3o de muitos usu\u00e1rios. Operador aeroagr\u00edcola: promova a semeadura a\u00e9rea de pastagens entre seus clientes.<\/p>\n<p style=\"text-align: left;\">Semeadura a\u00e9rea de pastagens \u00e9 um bom neg\u00f3cio, sim!<\/p>\n<p style=\"text-align: left;\">Sobre o Combate a Inc\u00eandios e a Avia\u00e7\u00e3o Agr\u00edcola (Seguran\u00e7a e economia)<\/p>\n<p style=\"text-align: left;\">Desde 1969, o combate a inc\u00eandios em campos e florestas \u00e9 uma das prerrogativas legais da avia\u00e7\u00e3o agr\u00edcola no Brasil. S\u00f3 em 2019, empresas aeroagr\u00edcolas realizaram mais de 1,8 mil lan\u00e7amentos de \u00e1gua contra chamas em diversos Estados \u2013 inclusive na Floresta Amaz\u00f4nica. Entre as principais vantagens da terceiriza\u00e7\u00e3o, est\u00e3o a economia para os cofres p\u00fablicos e a seguran\u00e7a do pessoal envolvido nas opera\u00e7\u00f5es.<\/p>\n<p style=\"text-align: left;\">Para formar um piloto de combate a inc\u00eandios, o Estado ou a Uni\u00e3o precisam que o profissional chegue a pelo menos 370 horas de voo para poder pilotar um avi\u00e3o agr\u00edcola com motor a pist\u00e3o (de porte menor). Com o qual ainda precisaria treinar voo baixo e sobre terreno dif\u00edcil at\u00e9 conseguir passar para um avi\u00e3o agr\u00edcola turbo\u00e9lice (de porte maior e que s\u00e3o os modelos mais usados contra as chamas). O que pode demorar mais de dois anos, mesmo com investimento constante em treinamento.<\/p>\n<p style=\"text-align: left;\">Ao passo que um piloto de empresa agr\u00edcola, al\u00e9m e j\u00e1 ter pelo menos 2 mil horas de voo quando come\u00e7a a combater inc\u00eandios, ainda passa o ano todo voando sobre lavouras, muitas vezes sobre terreno acidentado e com obst\u00e1culos (como linhas el\u00e9tricas). Para o poder p\u00fablico, al\u00e9m de n\u00e3o ter a despesa de compra e manuten\u00e7\u00e3o de aeronaves que ficam boa parte do tempo paradas, n\u00e3o h\u00e1 o risco de falta de prestadores de servi\u00e7o. Isso porque as empresas de avia\u00e7\u00e3o agr\u00edcola combatem chamas no per\u00edodo de entressafra \u2013 que coincide com a temporada de inc\u00eandios no Pa\u00eds.<\/p>\n<p style=\"text-align: left;\">No quesito seguran\u00e7a, o apoio a\u00e9reo \u00e9 fundamental para as equipes em solo, tanto para evitar que sejam cercados pelo fogo quanto para diminuir o desgaste. Segundo um estudo do Corpo de Bombeiros de S\u00e3o Paulo \u2013 Estado que tamb\u00e9m terceiriza esse servi\u00e7o -, o tempo de combate a inc\u00eandios em vegeta\u00e7\u00e3o cai na propor\u00e7\u00e3o de sete para um quando h\u00e1 emprego da avia\u00e7\u00e3o agr\u00edcola. Ou seja, no caso dos bombeiros, menos tempo que as guarni\u00e7\u00f5es passam fora de seus quart\u00e9is, diminuindo a prote\u00e7\u00e3o \u00e0s popula\u00e7\u00f5es urbanas.<\/p>\n<p style=\"text-align: left;\">Veja um v\u00eddeo de <strong>COMBATE A INC\u00caNDIOS FLORESTAIS<\/strong> que ocorrem em diversas partes do Brasil! Chamada dos Guimar\u00e3es, Veadeiros e na Amaz\u00f4nia.<\/p>\n<p style=\"text-align: center;\"><iframe loading=\"lazy\" src=\"\/\/www.youtube.com\/embed\/grm8dvD37VQ\" width=\"560\" height=\"314\" allowfullscreen=\"allowfullscreen\"><\/iframe><\/p>\n<p>&nbsp;<\/p>\n<pre><strong><span style=\"font-size: 18pt; color: #ffffff;\">SOBRE AS LAVOURAS ATENDIDAS<\/span><\/strong><\/pre>\n<p>&nbsp;<\/p>\n<p><img loading=\"lazy\" decoding=\"async\" class=\"size-medium wp-image-2049 aligncenter\" src=\"https:\/\/sindag.org.br\/site-antigo\/wp-content\/uploads\/2020\/07\/culturas-atendidas-1-720x405.png\" alt=\"\" width=\"720\" height=\"405\" srcset=\"https:\/\/sindag.org.br\/site-antigo\/wp-content\/uploads\/2020\/07\/culturas-atendidas-1-720x405.png 720w, https:\/\/sindag.org.br\/site-antigo\/wp-content\/uploads\/2020\/07\/culturas-atendidas-1-768x432.png 768w, https:\/\/sindag.org.br\/site-antigo\/wp-content\/uploads\/2020\/07\/culturas-atendidas-1.png 1280w\" sizes=\"auto, (max-width: 720px) 100vw, 720px\" \/> A Avia\u00e7\u00e3o agr\u00edcola \u00e9 fundamental para mais de 15 culturas no Brasil sendo algumas delas: cana de a\u00e7\u00facar, caf\u00e9, arroz, soja, milho, trigo, algod\u00e3o, banana, laranja, eucalipto, seringueira, feij\u00e3o, batata, mandioca, macad\u00e2mia e pastagem.<\/p>\n<p><strong>A cultura da cana-de-a\u00e7\u00facar, do caf\u00e9, da banana e da laranja,<\/strong> por exemplo, o avi\u00e3o \u00e9 essencial nos est\u00e1gios mais altos das plantas. No cultivo de arroz irrigado, localizado principalmente no Sul do pa\u00eds, mas com uma parcela significativa tamb\u00e9m no Centro-Oeste, as lavouras s\u00e3o altamente dependentes da pulveriza\u00e7\u00e3o a\u00e9rea. E veja bem: o arroz brasileiro \u00e9 considerado livre de res\u00edduos e um dos mais seguros do mundo.<\/p>\n<p>&nbsp;<\/p>\n<pre><strong><span style=\"color: #ffffff; font-size: 18pt;\">SOBRE OS PROCEDIMENTOS<\/span><\/strong><\/pre>\n<p>&nbsp;<\/p>\n<img loading=\"lazy\" decoding=\"async\" class=\"size-medium wp-image-2046 aligncenter\" src=\"https:\/\/sindag.org.br\/site-antigo\/wp-content\/uploads\/2020\/07\/opera\u00e7\u00e3o-aeroagr\u00edcola-720x462.png\" alt=\"\" width=\"720\" height=\"462\" srcset=\"https:\/\/sindag.org.br\/site-antigo\/wp-content\/uploads\/2020\/07\/opera\u00e7\u00e3o-aeroagr\u00edcola-720x462.png 720w, https:\/\/sindag.org.br\/site-antigo\/wp-content\/uploads\/2020\/07\/opera\u00e7\u00e3o-aeroagr\u00edcola-1920x1231.png 1920w, https:\/\/sindag.org.br\/site-antigo\/wp-content\/uploads\/2020\/07\/opera\u00e7\u00e3o-aeroagr\u00edcola-768x493.png 768w, https:\/\/sindag.org.br\/site-antigo\/wp-content\/uploads\/2020\/07\/opera\u00e7\u00e3o-aeroagr\u00edcola-1536x985.png 1536w, https:\/\/sindag.org.br\/site-antigo\/wp-content\/uploads\/2020\/07\/opera\u00e7\u00e3o-aeroagr\u00edcola.png 1999w\" sizes=\"auto, (max-width: 720px) 100vw, 720px\" \/>\n<p>&nbsp;<\/p>\n<p>Nesse sentido, cumpre explicitar que a aplica\u00e7\u00e3o de defensivos agr\u00edcolas por qualquer empresa de avia\u00e7\u00e3o agr\u00edcola observa crit\u00e9rios r\u00edgidos de seguran\u00e7a, previstos em lei (DL 917\/69, IN\/MAPA 02\/2008), portanto, obrigat\u00f3rios, funcionando da seguinte forma:<\/p>\n<ol>\n<li><strong>a) inicialmente um engenheiro agr\u00f4nomo define a \u00e1rea em que o produto ser\u00e1 aplicado, expedindo Receita Agron\u00f4mica;<\/strong><\/li>\n<li>.<\/li>\n<li><\/li>\n<li><strong>b) com a receita agron\u00f4mica, o produtor rural procede a compra do produto, em que o Engenheiro Agr\u00f4nomo emite Receitu\u00e1rio, definindo a quantidade do produto a ser aplicada na lavoura;<\/strong><\/li>\n<li>.<\/li>\n<li><\/li>\n<li><strong>c) com a libera\u00e7\u00e3o de engenheiro agr\u00f4nomo, o avi\u00e3o \u00e9 carregado por t\u00e9cnico agr\u00edcola executor em avia\u00e7\u00e3o agr\u00edcola, que verifica as condi\u00e7\u00f5es clim\u00e1ticas, velocidade do vento, etc;<\/strong><\/li>\n<li>.<\/li>\n<li><\/li>\n<li><strong>d) com o avi\u00e3o carregado, o piloto agr\u00edcola realiza a aplica\u00e7\u00e3o de acordo com as orienta\u00e7\u00f5es constantes no Planejamento Operacional. Ap\u00f3s, o piloto emite Relat\u00f3rio de Aplica\u00e7\u00e3o que \u00e9 firmado tamb\u00e9m pelo t\u00e9cnico executor e pelo engenheiro agr\u00f4nomo.<\/strong><\/li>\n<li>.<\/li>\n<\/ol>\n<p>Ou seja, trata-se de procedimento complexo e, na sua complexidade, visa obviamente maior efici\u00eancia na aplica\u00e7\u00e3o dos defensivos com o menor risco para o meio ambiente. Observando os itens supracitados, a aplica\u00e7\u00e3o ter\u00e1 sido realizada de forma regular, observando os ditames legais.<\/p>\n<p>&nbsp;<\/p>\n<p style=\"text-align: center;\"><strong>VEJA O PROCEDIMENTO NO AVI\u00c3O AGR\u00cdCOLA<\/strong><\/p>\n<p style=\"text-align: center;\"><iframe loading=\"lazy\" src=\"\/\/www.youtube.com\/embed\/N0-id_HMkiw\" width=\"560\" height=\"314\" allowfullscreen=\"allowfullscreen\"><\/iframe><\/p>\n<p>&nbsp;<\/p>\n<p style=\"text-align: center;\"><strong><span style=\"font-size: 18pt;\">Voc\u00ea saber porque existe a fun\u00e7\u00e3o do T\u00e9cnico Executor?<\/span><\/strong><\/p>\n<p>O Executor de Avia\u00e7\u00e3o Agr\u00edcola \u00e9 um T\u00e9cnico em Agropecu\u00e1ria, especializado em Avia\u00e7\u00e3o Agr\u00edcola por um\u00a0 \u201cCurso de Executores de Avia\u00e7\u00e3o Agr\u00edcola\u201d, ministrado ou autorizado pelo Minist\u00e9rio da Agricultura, Pecu\u00e1ria e Abastecimento. Atualmente o Curso tem a dura\u00e7\u00e3o de 46\u00a0 horas-aula e \u00e9 realizado por diversas entidades privadas, credenciadas por aquele Minist\u00e9rio.<\/p>\n<p>Tem o Executor a fun\u00e7\u00e3o de acompanhar e apoiar, em terra, a atua\u00e7\u00e3o de um avi\u00e3o agr\u00edcola durante sua opera\u00e7\u00e3o..<\/p>\n<p>Antes do advento de tal especializa\u00e7\u00e3o, eram os avi\u00f5es agr\u00edcolas apoiados por auxiliares dos quais n\u00e3o se exigia qualquer qualifica\u00e7\u00e3o. Em algumas regi\u00f5es, tal auxiliar recebia a alcunha de \u201cbadeco\u201d e suas fun\u00e7\u00f5es se restringiam quase que somente a transportar, por terra, os equipamentos e combust\u00edveis destinados \u00e0 opera\u00e7\u00e3o, preparar as caldas dos produtos e abastecer a aeronave, com produtos e combust\u00edveis.<\/p>\n<p>Com o advento da figura do Executor, sendo este um t\u00e9cnico mais qualificado,\u00a0 tornou-se vi\u00e1vel\u00a0 ser a ele atribu\u00edda fun\u00e7\u00e3o mais complexa e importante..<\/p>\n<p>Assim, pode e deve o Executor extrapolar as fun\u00e7\u00f5es\u00a0 do antigo \u201cbadeco\u201d. Dentre outras atribui\u00e7\u00f5es, cabe ao Executor:<\/p>\n<p><em>* Compor, com o piloto agr\u00edcola, equipe de trabalho multiprofissional, em rela\u00e7\u00e3o de trabalho harmoniosa.<br \/>\n<\/em><em>* Representar o Respons\u00e1vel T\u00e9cnico, quando este n\u00e3o puder estar presente \u00e0 aplica\u00e7\u00e3o, devendo seguir suas recomenda\u00e7\u00f5es e ser por ele treinado.<br \/>\n<\/em><em>* Ler, interpretar e por em pr\u00e1tica as recomenda\u00e7\u00f5es contidas nos r\u00f3tulos e bulas dos produtos que ser\u00e3o aplicados, bem como o contido no Receitu\u00e1rio Agron\u00f4mico, dando ci\u00eancia ao<br \/>\n<\/em><em>* Assegurar-se\u00a0 que a opera\u00e7\u00e3o a ser realizada tenha sido objeto de planejamento\u00a0<\/em><em>pr\u00e9vio, dele se inteirando principalmente quanto \u00e0 presen\u00e7a de obst\u00e1culos que possam levar risco ao voo e, ainda, \u00e1reas vizinhas sens\u00edveis \u00e0 aplica\u00e7\u00e3o, alertando o piloto em rela\u00e7\u00e3o a elas.<br \/>\n<\/em><em>* Auxiliar o piloto nos procedimentos de calibra\u00e7\u00e3o e ajuste dos equipamentos.<\/em><\/p>\n<ul>\n<li><em>* Monitorar os par\u00e2metros clim\u00e1ticos, alertando o piloto sempre que tais par\u00e2metros sofram significativas altera\u00e7\u00f5es;<\/em><\/li>\n<li><em>* Estar atento \u00e0 poss\u00edvel ocorr\u00eancia de condi\u00e7\u00f5es eventualmente prop\u00edcias \u00e0\u00a0 deriva inaceit\u00e1vel, alertando o piloto e propondo, se necess\u00e1rio, a interrup\u00e7\u00e3o ou modifica\u00e7\u00f5es na estrat\u00e9gia da aplica\u00e7\u00e3o, visando evitar tal ocorr\u00eancia.<\/em><\/li>\n<li><em>* Monitorar, quando necess\u00e1rio, a correta deposi\u00e7\u00e3o do produto.<\/em><\/li>\n<li><em>* Supervisionar o trabalho dos auxiliares durante o preparo das caldas de produtos, de forma a assegurar-se da dilui\u00e7\u00e3o nas propor\u00e7\u00f5es corretas, uso de equipamentos de prote\u00e7\u00e3o individual, se aplic\u00e1vel, e procedimentos de seguran\u00e7a ambiental, tais como evitar vazamentos e derramamentos que possam vir a contaminar o solo, na etapa de abastecimento da aeronave.<\/em><\/li>\n<li><em>* Supervisionar o correto procedimento de lavagem e inutiliza\u00e7\u00e3o das embalagens vazias, assegurando-se de que sejam elas entregues, lavadas e inutilizadas, ao seu propriet\u00e1rio;<\/em><\/li>\n<li><em>* Finda a aplica\u00e7\u00e3o, providenciar para que a \u00e1rea de abastecimento do avi\u00e3o esteja livre de res\u00edduos acidentais dos produtos aplicados.<\/em><\/li>\n<li><em>* Zelar, junto ao contratante dos servi\u00e7os, pela boa imagem e profissionalismo da empresa, auxiliando, se requerido, o contratante na tomada de decis\u00f5es relativas \u00e0 aplica\u00e7\u00e3o contratada e ao manejo ap\u00f3s aplica\u00e7\u00e3o.<\/em><\/li>\n<\/ul>\n<p>Como vemos, o Executor tem fun\u00e7\u00f5es espec\u00edficas, complexas, que v\u00e3o muito al\u00e9m daquelas dos antigos \u201cbadecos\u201d. Capacit\u00e1-lo e usar na plenitude as suas\u00a0 potencialidades,\u00a0 n\u00e3o o subestimando, agrega valor aos servi\u00e7os prestados pela empresa aeroagr\u00edcola. A companhia que souber aproveitar o potencial\u00a0 deste profissional muito ter\u00e1 a ganhar em seguran\u00e7a e efici\u00eancia. Tamb\u00e9m o piloto, do qual o Executor \u00e9 um parceiro e com ele comp\u00f5e uma equipe, ter\u00e1 nele um auxiliar valioso, que\u00a0 propiciar\u00e1 mais seguran\u00e7a e tranquilidade ao seu trabalho.<\/p>\n","protected":false},"excerpt":{"rendered":"<p>SERVI\u00c7OS PRESTADOS As empresas de avia\u00e7\u00e3o agr\u00edcola do Brasil prestam diversos servi\u00e7os como: Semeadura, Aplica\u00e7\u00e3o de defensivos qu\u00edmicos e biol\u00f3gico para prote\u00e7\u00e3o da lavoura, Povoamento de rios e lagos com peixes; e Combate a inc\u00eandios florestais. &nbsp; &nbsp; SOBRE A SEMEADURA: \u00c9 um bom neg\u00f3cio? \u00c9 bom para o produtor rural? \u00c9 bom para a&#8230;  <a class=\"excerpt-read-more\" href=\"https:\/\/sindag.org.br\/site-antigo\/servicos-e-procedimentos-aeroagricolas\/\" title=\"Read Servi\u00e7os, Lavouras atendidas e Procedimentos Aeroagr\u00edcolas\">Leia mais &raquo;<\/a><\/p>\n","protected":false},"author":5,"featured_media":2070,"parent":0,"menu_order":0,"comment_status":"closed","ping_status":"closed","template":"","meta":{"_monsterinsights_skip_tracking":false,"_monsterinsights_sitenote_active":false,"_monsterinsights_sitenote_note":"","_monsterinsights_sitenote_category":0,"footnotes":"","_links_to":"","_links_to_target":""},"class_list":["post-1382","page","type-page","status-publish","has-post-thumbnail","hentry"],"_links":{"self":[{"href":"https:\/\/sindag.org.br\/site-antigo\/wp-json\/wp\/v2\/pages\/1382","targetHints":{"allow":["GET"]}}],"collection":[{"href":"https:\/\/sindag.org.br\/site-antigo\/wp-json\/wp\/v2\/pages"}],"about":[{"href":"https:\/\/sindag.org.br\/site-antigo\/wp-json\/wp\/v2\/types\/page"}],"author":[{"embeddable":true,"href":"https:\/\/sindag.org.br\/site-antigo\/wp-json\/wp\/v2\/users\/5"}],"replies":[{"embeddable":true,"href":"https:\/\/sindag.org.br\/site-antigo\/wp-json\/wp\/v2\/comments?post=1382"}],"version-history":[{"count":0,"href":"https:\/\/sindag.org.br\/site-antigo\/wp-json\/wp\/v2\/pages\/1382\/revisions"}],"wp:featuredmedia":[{"embeddable":true,"href":"https:\/\/sindag.org.br\/site-antigo\/wp-json\/wp\/v2\/media\/2070"}],"wp:attachment":[{"href":"https:\/\/sindag.org.br\/site-antigo\/wp-json\/wp\/v2\/media?parent=1382"}],"curies":[{"name":"wp","href":"https:\/\/api.w.org\/{rel}","templated":true}]}}