{"id":1458,"date":"2020-07-17T16:15:01","date_gmt":"2020-07-17T19:15:01","guid":{"rendered":"https:\/\/sindag.org.br\/site-antigo\/?page_id=1458"},"modified":"2020-08-17T15:37:59","modified_gmt":"2020-08-17T18:37:59","slug":"porque-ser-associado","status":"publish","type":"page","link":"https:\/\/sindag.org.br\/site-antigo\/porque-ser-associado\/","title":{"rendered":"Por que ser associado?"},"content":{"rendered":"<p style=\"text-align: center;\"><iframe loading=\"lazy\" src=\"\/\/www.youtube.com\/embed\/R-avkfy6T-M?list=PL01mn57SXkiaA8MkpNoKsrCJrurPWMR1m\" width=\"560\" height=\"314\" allowfullscreen=\"allowfullscreen\"><\/iframe><\/p>\n<p><span style=\"font-size: 18pt;\">Por que ser associado?<\/span><\/p>\n<ul style=\"list-style-type: disc;\">\n<li>Para ser representado e defendido em entidades nacionais como ANAC, MAPA, IBAMA, \u00f3rg\u00e3os ambientais estaduais e municipais. Para dar voz a avia\u00e7\u00e3o agr\u00edcola em audi\u00eancias p\u00fablicas e reuni\u00f5es em diversas partes o Brasil.<\/li>\n<li>Para contribuir com a cria\u00e7\u00e3o de mais de v\u00eddeos e publica\u00e7\u00f5es di\u00e1rias que falam sobre a import\u00e2ncia do Setor para a popula\u00e7\u00e3o.<\/li>\n<li>Para ter defesa em mais de 15 projetos de proibi\u00e7\u00e3o da aplica\u00e7\u00e3o a\u00e9rea, propostos por entidades que desconhecem o setor.<\/li>\n<li>Para receber suporte das assessorias t\u00e9cnicas do SINDAG nos temas: documenta\u00e7\u00e3o, jur\u00eddicos, cont\u00e1beis e fiscais, t\u00e9cnicos em aplica\u00e7\u00e3o e de imprensa, para suporte a comunica\u00e7\u00e3o com as m\u00eddias lociais e nacionais.<\/li>\n<li>Para fomentar projetos como o Flapinho, que leva a informa\u00e7\u00e3o do setor as escolas infantis, mostrando a sua import\u00e2ncia para a sa\u00fade humana e para seguran\u00e7a alimentar.<\/li>\n<\/ul>\n<p>&nbsp;<\/p>\n<p><span style=\"font-size: 18pt;\">Por que ser associado?<\/span><\/p>\n<ul style=\"list-style-type: disc;\">\n<li>Para ter acesso ao Projeto Mentoria onde o gestor da empresa recebe suporte na montagem de um plano estrat\u00e9gico para o seu neg\u00f3cio com o contato direto de um consultor profissional;<\/li>\n<li>Para participar do \u00fanico grupo de WhatsApp do Brasil de empres\u00e1rios, assessores e executivos do setor aeroagr\u00edcola nacional, administrado por profissionais do SINDAG que disponibilizam suporte em todas as \u00e1reas da empresa, sempre levando informa\u00e7\u00f5es atualizadas sobre as mudan\u00e7as nas legisla\u00e7\u00f5es e movimenta\u00e7\u00f5es pelo Brasil;<\/li>\n<li>Para ter acesso ao SISVAG \u2013 Sistema Nacional de Documenta\u00e7\u00e3o da Avia\u00e7\u00e3o agr\u00edcola. Nele cont\u00e9m todas a regulamenta\u00e7\u00e3o do setor necess\u00e1rias para trabalhar em todos os Estados do Brasil.<\/li>\n<li>Para ter acesso sem custo, ao maior congresso de avia\u00e7\u00e3o agr\u00edcola do mundo, para o empres\u00e1rio e seus profissionais.<\/li>\n<li>Para colocar seu material a venda ou para comprar materiais de empresas associadas de todo o Brasil no grupo Brique dos Associados;<\/li>\n<li>Para participar da Academia de L\u00edderes do Brasil, que \u00e9 composta por empres\u00e1rios e gestores das associadas, e conduzida por profissionais, consultores e professores, cujo objetivo \u00e9 de fortalecer o conhecimento de gest\u00e3o e lideran\u00e7a<\/li>\n<li>Para desenvolver a avia\u00e7\u00e3o agr\u00edcola do Brasil atrav\u00e9s dos eventos SINDAG na Estrada onde a entidade leva a empresas de todo o Pa\u00eds informa\u00e7\u00f5es e atualiza\u00e7\u00f5es importantes para elevar cada vez mais o n\u00edvel de conhecimento.<\/li>\n<\/ul>\n<p>&nbsp;<\/p>\n<p style=\"text-align: center;\"><span style=\"font-family: impact, sans-serif;\"><strong><span style=\"font-size: 36pt;\">Porque ser associado?<\/span><\/strong><\/span><\/p>\n<p style=\"text-align: center;\"><span style=\"font-size: 18pt;\">Para dinamizar e ampliar ainda mais o avan\u00e7o do <\/span><\/p>\n<p style=\"text-align: center;\"><span style=\"font-size: 18pt;\">setor aeroagr\u00edcola do Brasil!<\/span><\/p>\n<p>&nbsp;<\/p>\n","protected":false},"excerpt":{"rendered":"<p>Por que ser associado? Para ser representado e defendido em entidades nacionais como ANAC, MAPA, IBAMA, \u00f3rg\u00e3os ambientais estaduais e municipais. Para dar voz a avia\u00e7\u00e3o agr\u00edcola em audi\u00eancias p\u00fablicas e reuni\u00f5es em diversas partes o Brasil. Para contribuir com a cria\u00e7\u00e3o de mais de v\u00eddeos e publica\u00e7\u00f5es di\u00e1rias que falam sobre a import\u00e2ncia do&#8230;  <a class=\"excerpt-read-more\" href=\"https:\/\/sindag.org.br\/site-antigo\/porque-ser-associado\/\" title=\"Read Por que ser associado?\">Leia mais &raquo;<\/a><\/p>\n","protected":false},"author":5,"featured_media":2252,"parent":0,"menu_order":0,"comment_status":"closed","ping_status":"closed","template":"","meta":{"_monsterinsights_skip_tracking":false,"_monsterinsights_sitenote_active":false,"_monsterinsights_sitenote_note":"","_monsterinsights_sitenote_category":0,"footnotes":"","_links_to":"","_links_to_target":""},"class_list":["post-1458","page","type-page","status-publish","has-post-thumbnail","hentry"],"_links":{"self":[{"href":"https:\/\/sindag.org.br\/site-antigo\/wp-json\/wp\/v2\/pages\/1458","targetHints":{"allow":["GET"]}}],"collection":[{"href":"https:\/\/sindag.org.br\/site-antigo\/wp-json\/wp\/v2\/pages"}],"about":[{"href":"https:\/\/sindag.org.br\/site-antigo\/wp-json\/wp\/v2\/types\/page"}],"author":[{"embeddable":true,"href":"https:\/\/sindag.org.br\/site-antigo\/wp-json\/wp\/v2\/users\/5"}],"replies":[{"embeddable":true,"href":"https:\/\/sindag.org.br\/site-antigo\/wp-json\/wp\/v2\/comments?post=1458"}],"version-history":[{"count":0,"href":"https:\/\/sindag.org.br\/site-antigo\/wp-json\/wp\/v2\/pages\/1458\/revisions"}],"wp:featuredmedia":[{"embeddable":true,"href":"https:\/\/sindag.org.br\/site-antigo\/wp-json\/wp\/v2\/media\/2252"}],"wp:attachment":[{"href":"https:\/\/sindag.org.br\/site-antigo\/wp-json\/wp\/v2\/media?parent=1458"}],"curies":[{"name":"wp","href":"https:\/\/api.w.org\/{rel}","templated":true}]}}