{"id":152,"date":"2020-05-04T11:50:27","date_gmt":"2020-05-04T14:50:27","guid":{"rendered":"https:\/\/sindag.org.br\/site-antigo\/?page_id=152"},"modified":"2025-08-28T13:34:44","modified_gmt":"2025-08-28T16:34:44","slug":"o-sindag","status":"publish","type":"page","link":"https:\/\/sindag.org.br\/site-antigo\/o-sindag\/","title":{"rendered":"O SINDAG"},"content":{"rendered":"<p style=\"text-align: center;\"><span style=\"font-size: 24pt; font-family: helvetica, arial, sans-serif;\"><strong><span style=\"color: #000000;\">Sobre o SINDAG<\/span><\/strong><\/span><\/p>\n<p style=\"text-align: center;\"><span style=\"color: #000000; font-family: helvetica, arial, sans-serif;\">\u00a0 \u00a0 \u00a0O SINDAG \u00e9 o Sindicato Nacional das Empresas de Avia\u00e7\u00e3o Agr\u00edcola e tem como base todo o territ\u00f3rio brasileiro.<\/span><\/p>\n<p style=\"text-align: center;\"><span style=\"color: #000000; font-family: helvetica, arial, sans-serif;\">\u00a0 \u00a0 Representa as empresas de Servi\u00e7os A\u00e9reos Especializados de Prote\u00e7\u00e3o \u00e0 Lavoura, cuja finalidade \u00e9 proteger ou fomentar o desenvolvimento da agricultura em qualquer de seus aspectos, mediante a aplica\u00e7\u00e3o de fertilizantes, defensivos, sementes, combate a pragas, povoamento de \u00e1guas, combate a inc\u00eandios em campos e florestas ou outro uso que vier a ser recomendado, al\u00e9m do comprometimento com a preserva\u00e7\u00e3o do meio ambiente e sa\u00fade da popula\u00e7\u00e3o.<\/span><\/p>\n<p style=\"text-align: center;\"><span style=\"color: #000000; font-family: helvetica, arial, sans-serif;\">\u00a0 \u00a0 \u00c9 membro efetivo do Conselho Consultivo da ANAC, da C\u00e2mara T\u00e9cnica Setorial da Ind\u00fastria de Manuten\u00e7\u00e3o Aeron\u00e1utica, da C\u00e2mara T\u00e9cnica sobre Regulamenta\u00e7\u00e3o da Avia\u00e7\u00e3o Geral, da Comiss\u00e3o Especial para Assuntos da Avia\u00e7\u00e3o Agr\u00edcola no MAPA, do Comit\u00ea Nacional de Preven\u00e7\u00e3o de Acidentes Aeron\u00e1uticos do CENIPA, da Comiss\u00e3o de Assuntos da Avia\u00e7\u00e3o Agr\u00edcola do CNPAA\/CENIPA, do Comit\u00ea Executivo Aeroagricola Privado do Mercosul (Brasil, Uruguai, Argentina e Chile), do Conselho Consultivo da Reserva do TAIM (RS), do Conselho Consultivo do Parque do Espinilho (RS), da Comiss\u00e3o de Combate aos Impactos dos Agrot\u00f3xicos do Mato Grosso do Sul, da Comiss\u00e3o Brasileira de Agricultura de Precis\u00e3o e Signat\u00e1rio do Pacto Global da ONU.<\/span><\/p>\n<hr \/>\n<h3 style=\"text-align: center;\"><span style=\"font-size: 18pt; font-family: helvetica, arial, sans-serif; color: #000000;\"><strong>Miss\u00e3o<\/strong><\/span><\/h3>\n<p style=\"text-align: center;\"><span style=\"color: #000000;\"><span style=\"font-family: helvetica, arial, sans-serif;\">\u00a0<\/span>Agregar, representar, fortalecer e qualificar o setor Aeroagr\u00edcola.<\/span><\/p>\n<h3 style=\"text-align: center;\"><span style=\"font-size: 18pt; font-family: helvetica, arial, sans-serif; color: #000000;\"><strong>Vis\u00e3o<\/strong><\/span><\/h3>\n<p class=\"p1\" style=\"text-align: center;\"><span style=\"color: #000000;\">Ser refer\u00eancia na seguran\u00e7a alimentar, prote\u00e7\u00e3o ambiental e sa\u00fade humana por meio de a\u00e7\u00f5es em pesquisa, inova\u00e7\u00e3o e parcerias estrat\u00e9gicas que promovam o desenvolvimento do setor aeroagr\u00edcola.<\/span><\/p>\n<h3 style=\"text-align: center;\"><span style=\"font-size: 18pt; font-family: helvetica, arial, sans-serif; color: #000000;\"><strong>Valores<\/strong><\/span><\/h3>\n<p style=\"text-align: center;\"><span style=\"color: #000000; font-family: helvetica, arial, sans-serif;\">Agir com \u00e9tica; Promover a sustentabilidade; Representar com responsabilidade; Promover as boas pr\u00e1ticas; Agir com proatividade; Empatia e Protagonismo.<\/span><\/p>\n<hr \/>\n<h2 style=\"text-align: center;\"><span style=\"color: #000000; font-family: helvetica, arial, sans-serif;\"><strong><span style=\"font-size: 36pt;\">Hist\u00f3ria<br \/>\n<\/span><\/strong><\/span><\/h2>\n<p style=\"text-align: center;\"><span style=\"color: #000000; font-family: helvetica, arial, sans-serif;\">O Sindicato Nacional das Empresas de Avia\u00e7\u00e3o Agr\u00edcola tem a miss\u00e3o de representar, assistir e defender os interesses das empresas associadas e dos integrantes da categoria.<\/span><\/p>\n<p style=\"text-align: center;\"><span style=\"color: #000000; font-family: helvetica, arial, sans-serif;\">O SINDAG foi criado em assembleia realizada no dia 19 de julho de 1991, em S\u00e3o Paulo. O estatuto da entidade teve seu registro completado em 12 de mar\u00e7o de 1992, quando, ent\u00e3o, iniciaram-se oficialmente as atividades do sindicato.<\/span><\/p>\n<p style=\"text-align: center;\"><span style=\"color: #000000; font-family: helvetica, arial, sans-serif;\">O SINDAG foi criado pela necessidade que sentiam as empresas de avia\u00e7\u00e3o agr\u00edcola em ter um sindicato forte, que as representasse legalmente para todos os efeitos, junto aos org\u00e3os oficiais da iniciativa privada e perante a opini\u00e3o p\u00fablica. Antes do SINDAG existia a FENAG \u2013 Federa\u00e7\u00e3o Nacional de Avia\u00e7\u00e3o Agr\u00edcola. Esta entidade prestou grandes servi\u00e7os ao setor, mas n\u00e3o reunia diretamente as empresas, mas sim associa\u00e7\u00f5es regionais de empresas \u2013 em n\u00famero de cinco \u2013 e, por n\u00e3o ter caracter\u00edsticas de representa\u00e7\u00e3o sindical, n\u00e3o podia representar juridicamente os associados. Da\u00ed a necessidade de cria\u00e7\u00e3o do SINDAG, este sim, investido do poder pleno de representa\u00e7\u00e3o da classe.<\/span><\/p>\n","protected":false},"excerpt":{"rendered":"<p>Sobre o SINDAG \u00a0 \u00a0 \u00a0O SINDAG \u00e9 o Sindicato Nacional das Empresas de Avia\u00e7\u00e3o Agr\u00edcola e tem como base todo o territ\u00f3rio brasileiro. \u00a0 \u00a0 Representa as empresas de Servi\u00e7os A\u00e9reos Especializados de Prote\u00e7\u00e3o \u00e0 Lavoura, cuja finalidade \u00e9 proteger ou fomentar o desenvolvimento da agricultura em qualquer de seus aspectos, mediante a aplica\u00e7\u00e3o&#8230;  <a class=\"excerpt-read-more\" href=\"https:\/\/sindag.org.br\/site-antigo\/o-sindag\/\" title=\"Read O SINDAG\">Leia mais &raquo;<\/a><\/p>\n","protected":false},"author":1,"featured_media":1259,"parent":0,"menu_order":0,"comment_status":"closed","ping_status":"closed","template":"","meta":{"_monsterinsights_skip_tracking":false,"_monsterinsights_sitenote_active":false,"_monsterinsights_sitenote_note":"","_monsterinsights_sitenote_category":0,"footnotes":"","_links_to":"","_links_to_target":""},"class_list":["post-152","page","type-page","status-publish","has-post-thumbnail","hentry"],"_links":{"self":[{"href":"https:\/\/sindag.org.br\/site-antigo\/wp-json\/wp\/v2\/pages\/152","targetHints":{"allow":["GET"]}}],"collection":[{"href":"https:\/\/sindag.org.br\/site-antigo\/wp-json\/wp\/v2\/pages"}],"about":[{"href":"https:\/\/sindag.org.br\/site-antigo\/wp-json\/wp\/v2\/types\/page"}],"author":[{"embeddable":true,"href":"https:\/\/sindag.org.br\/site-antigo\/wp-json\/wp\/v2\/users\/1"}],"replies":[{"embeddable":true,"href":"https:\/\/sindag.org.br\/site-antigo\/wp-json\/wp\/v2\/comments?post=152"}],"version-history":[{"count":0,"href":"https:\/\/sindag.org.br\/site-antigo\/wp-json\/wp\/v2\/pages\/152\/revisions"}],"wp:featuredmedia":[{"embeddable":true,"href":"https:\/\/sindag.org.br\/site-antigo\/wp-json\/wp\/v2\/media\/1259"}],"wp:attachment":[{"href":"https:\/\/sindag.org.br\/site-antigo\/wp-json\/wp\/v2\/media?parent=152"}],"curies":[{"name":"wp","href":"https:\/\/api.w.org\/{rel}","templated":true}]}}