{"id":177,"date":"2020-05-04T14:53:05","date_gmt":"2020-05-04T17:53:05","guid":{"rendered":"https:\/\/sindag.org.br\/site-antigo\/?page_id=177"},"modified":"2025-12-15T11:58:51","modified_gmt":"2025-12-15T14:58:51","slug":"diretores-anteriores","status":"publish","type":"page","link":"https:\/\/sindag.org.br\/site-antigo\/diretores-anteriores\/","title":{"rendered":"Conselho de Administra\u00e7\u00e3o"},"content":{"rendered":"<p style=\"text-align: center;\"><span style=\"font-size: 14pt;\"><em>O Conselho de Administra\u00e7\u00e3o \u00e9 o \u00f3rg\u00e3o respons\u00e1vel pelas principais delibera\u00e7\u00f5es e decis\u00f5es estrat\u00e9gicas do neg\u00f3cio. Al\u00e9m de agir conforme os interesses da institui\u00e7\u00e3o, o Conselho tamb\u00e9m \u00e9 respons\u00e1vel pelo monitoramento da diretoria e realizar a ponte entre os diretores e s\u00f3cios.<\/em><\/span><\/p>\n<h2 style=\"text-align: center;\"><span style=\"color: #000000; font-size: 36pt;\"><strong><span style=\"font-family: helvetica, arial, sans-serif;\">Gest\u00e3o 2025 \u2013 2027<\/span><\/strong><\/span><\/h2>\n<p><span style=\"text-decoration: underline;\">Conselheiros\u00a0 de Administra\u00e7\u00e3o Efetivos<\/span><\/p>\n<p>Presidente: Hoana Almeida Santos &#8211; Precisa Aeroagr\u00edcola Ltda &#8211; Lagoa da Confus\u00e3o \/ TO<\/p>\n<p>Vice Presidente: Ricardo Cavina Tavares &#8211; Vale do Paranapanema Avia\u00e7\u00e3o Agr\u00edcola &#8211; Assis \/ SP<\/p>\n<p>Bruno Ricardo de Vasconcelos &#8211; Sana Agro A\u00e9rea Ltda &#8211; S\u00e3o Paulo \/ SP<\/p>\n<p>Jorge Humberto Morato de Toledo &#8211; Imagem Avia\u00e7\u00e3o Agr\u00edcola Ltda -Mon\u00e7\u00f5es \/ SP<\/p>\n<p>Nelson Coutinho Pe\u00f1a &#8211; Mirim Avia\u00e7\u00e3o Agr\u00edcola Ltda &#8211; Pelotas \/ RS<\/p>\n<p>Taylla Lara Scherwinski de Faria &#8211; Jusarah Aeroagr\u00edcola &#8211; Cerejeiras \/ RO<\/p>\n<p>Thiago Magalh\u00e3es Silva -Tangar\u00e1 Avia\u00e7\u00e3o Agr\u00edcola &#8211; Orl\u00e2ndia \/SP<\/p>\n<p>&nbsp;<\/p>\n<p><span style=\"text-decoration: underline;\">Conselheiros de Administra\u00e7\u00e3o &#8211; Suplentes<\/span><\/p>\n<p>Alexandre de Lima Schramm \u2013 Stal Servi\u00e7os Tratamentos A\u00e9reos e Lavouras Ltda -Una\u00ed \/ MG<\/p>\n<p>Airle Heringer Junior &#8211; Globo Avia\u00e7\u00e3o Agr\u00edcola &#8211; Impreratriz \/ MA<\/p>\n<p>Emmanuel Belaus de Arruda Pereira (MS) &#8211; Aviax Avia\u00e7\u00e3o Agr\u00edcola &#8211; Ribas do Rio Pardo\/MS<\/p>\n<p>Ruddigger Alves da Silva &#8211; Amazon Aero Agr\u00edcola Eirelli &#8211; Barreiras \/ BA<\/p>\n<p>S\u00edlvia de Souza Figueredo (RS) &#8211; Arenhart Avia\u00e7\u00e3o Agr\u00edcola &#8211; Uruguaiana\/RS<\/p>\n<p>Tiago Henrique Textor -Textor Avia\u00e7\u00e3o Agr\u00edcola Ltda &#8211; Quirin\u00f3polis \/ GO<\/p>\n<p>William Rambo &#8211; Rambo Avia\u00e7\u00e3o Agr\u00edcola Ltda &#8211; Primavera do Leste \/ MT<\/p>\n","protected":false},"excerpt":{"rendered":"<p>O Conselho de Administra\u00e7\u00e3o \u00e9 o \u00f3rg\u00e3o respons\u00e1vel pelas principais delibera\u00e7\u00f5es e decis\u00f5es estrat\u00e9gicas do neg\u00f3cio. Al\u00e9m de agir conforme os interesses da institui\u00e7\u00e3o, o Conselho tamb\u00e9m \u00e9 respons\u00e1vel pelo monitoramento da diretoria e realizar a ponte entre os diretores e s\u00f3cios. Gest\u00e3o 2025 \u2013 2027 Conselheiros\u00a0 de Administra\u00e7\u00e3o Efetivos Presidente: Hoana Almeida Santos &#8211;&#8230;  <a class=\"excerpt-read-more\" href=\"https:\/\/sindag.org.br\/site-antigo\/diretores-anteriores\/\" title=\"Read Conselho de Administra\u00e7\u00e3o\">Leia mais &raquo;<\/a><\/p>\n","protected":false},"author":1,"featured_media":6523,"parent":0,"menu_order":0,"comment_status":"closed","ping_status":"closed","template":"","meta":{"_monsterinsights_skip_tracking":false,"_monsterinsights_sitenote_active":false,"_monsterinsights_sitenote_note":"","_monsterinsights_sitenote_category":0,"footnotes":"","_links_to":"","_links_to_target":""},"class_list":["post-177","page","type-page","status-publish","has-post-thumbnail","hentry"],"_links":{"self":[{"href":"https:\/\/sindag.org.br\/site-antigo\/wp-json\/wp\/v2\/pages\/177","targetHints":{"allow":["GET"]}}],"collection":[{"href":"https:\/\/sindag.org.br\/site-antigo\/wp-json\/wp\/v2\/pages"}],"about":[{"href":"https:\/\/sindag.org.br\/site-antigo\/wp-json\/wp\/v2\/types\/page"}],"author":[{"embeddable":true,"href":"https:\/\/sindag.org.br\/site-antigo\/wp-json\/wp\/v2\/users\/1"}],"replies":[{"embeddable":true,"href":"https:\/\/sindag.org.br\/site-antigo\/wp-json\/wp\/v2\/comments?post=177"}],"version-history":[{"count":0,"href":"https:\/\/sindag.org.br\/site-antigo\/wp-json\/wp\/v2\/pages\/177\/revisions"}],"wp:featuredmedia":[{"embeddable":true,"href":"https:\/\/sindag.org.br\/site-antigo\/wp-json\/wp\/v2\/media\/6523"}],"wp:attachment":[{"href":"https:\/\/sindag.org.br\/site-antigo\/wp-json\/wp\/v2\/media?parent=177"}],"curies":[{"name":"wp","href":"https:\/\/api.w.org\/{rel}","templated":true}]}}