{"id":179,"date":"2020-05-04T14:53:32","date_gmt":"2020-05-04T17:53:32","guid":{"rendered":"https:\/\/sindag.org.br\/site-antigo\/?page_id=179"},"modified":"2024-04-05T10:12:30","modified_gmt":"2024-04-05T13:12:30","slug":"assessorias-para-o-associado","status":"publish","type":"page","link":"https:\/\/sindag.org.br\/site-antigo\/assessorias-para-o-associado\/","title":{"rendered":"Assessorias para o Associado"},"content":{"rendered":"<p style=\"text-align: left;\"><img loading=\"lazy\" decoding=\"async\" class=\"wp-image-1445 alignleft\" src=\"https:\/\/sindag.org.br\/site-antigo\/wp-content\/uploads\/2020\/07\/bd4a6d2f1208751ee1232c335df96ae0-image-1024x768-crop-e1594932702986-300x166.jpeg\" alt=\"\" width=\"222\" height=\"123\" srcset=\"https:\/\/sindag.org.br\/site-antigo\/wp-content\/uploads\/2020\/07\/bd4a6d2f1208751ee1232c335df96ae0-image-1024x768-crop-e1594932702986-300x166.jpeg 300w, https:\/\/sindag.org.br\/site-antigo\/wp-content\/uploads\/2020\/07\/bd4a6d2f1208751ee1232c335df96ae0-image-1024x768-crop-e1594932702986-768x424.jpeg 768w, https:\/\/sindag.org.br\/site-antigo\/wp-content\/uploads\/2020\/07\/bd4a6d2f1208751ee1232c335df96ae0-image-1024x768-crop-e1594932702986.jpeg 1024w\" sizes=\"auto, (max-width: 222px) 100vw, 222px\" \/>As assessorias do SINDAG tem o objetivo de auxiliar a entidade em seus desafios di\u00e1rios e aos Associados adimplentes em diversos temas. Segue para aprecia\u00e7\u00e3o todas as assessorias dispon\u00edveis com seus respectivos contatos.<br \/>\n<strong>O que \u00e9 Assessoria? <\/strong>Assessoria \u00e9 a a\u00e7\u00e3o realizada por um indiv\u00edduo ou um grupo, que consiste em <strong>dar ou receber aconselhamento e aux\u00edlio<\/strong> sobre um determinado ramo ou assunto. A atividade consiste na pesquisa e fornecimento de dados e informa\u00e7\u00f5es sobre um assunto de interesse para quem solicitou o servi\u00e7o. Ela tamb\u00e9m pode servir para o aconselhamento e assist\u00eancia sobre uma \u00e1rea espec\u00edfica. Normalmente a assessoria \u00e9 uma esp\u00e9cie de servi\u00e7o realizado por um \u00f3rg\u00e3o ou um grupo de pessoas respons\u00e1veis que prestam aux\u00edlio a pessoas jur\u00eddicas ou f\u00edsicas. O profissional que atua nessa \u00e1rea \u00e9 chamado de <strong>assessor<\/strong>. Ele precisa ter os conhecimentos necess\u00e1rios para que o cliente ou a empresa que o contrata possa resolver problemas do cotidiano.<\/p>\n","protected":false},"excerpt":{"rendered":"<p>As assessorias do SINDAG tem o objetivo de auxiliar a entidade em seus desafios di\u00e1rios e aos Associados adimplentes em diversos temas. Segue para aprecia\u00e7\u00e3o todas as assessorias dispon\u00edveis com seus respectivos contatos. O que \u00e9 Assessoria? Assessoria \u00e9 a a\u00e7\u00e3o realizada por um indiv\u00edduo ou um grupo, que consiste em dar ou receber aconselhamento&#8230;  <a class=\"excerpt-read-more\" href=\"https:\/\/sindag.org.br\/site-antigo\/assessorias-para-o-associado\/\" title=\"Read Assessorias para o Associado\">Leia mais &raquo;<\/a><\/p>\n","protected":false},"author":1,"featured_media":2255,"parent":0,"menu_order":0,"comment_status":"closed","ping_status":"closed","template":"","meta":{"_monsterinsights_skip_tracking":false,"_monsterinsights_sitenote_active":false,"_monsterinsights_sitenote_note":"","_monsterinsights_sitenote_category":0,"footnotes":"","_links_to":"","_links_to_target":""},"class_list":["post-179","page","type-page","status-publish","has-post-thumbnail","hentry"],"_links":{"self":[{"href":"https:\/\/sindag.org.br\/site-antigo\/wp-json\/wp\/v2\/pages\/179","targetHints":{"allow":["GET"]}}],"collection":[{"href":"https:\/\/sindag.org.br\/site-antigo\/wp-json\/wp\/v2\/pages"}],"about":[{"href":"https:\/\/sindag.org.br\/site-antigo\/wp-json\/wp\/v2\/types\/page"}],"author":[{"embeddable":true,"href":"https:\/\/sindag.org.br\/site-antigo\/wp-json\/wp\/v2\/users\/1"}],"replies":[{"embeddable":true,"href":"https:\/\/sindag.org.br\/site-antigo\/wp-json\/wp\/v2\/comments?post=179"}],"version-history":[{"count":0,"href":"https:\/\/sindag.org.br\/site-antigo\/wp-json\/wp\/v2\/pages\/179\/revisions"}],"wp:featuredmedia":[{"embeddable":true,"href":"https:\/\/sindag.org.br\/site-antigo\/wp-json\/wp\/v2\/media\/2255"}],"wp:attachment":[{"href":"https:\/\/sindag.org.br\/site-antigo\/wp-json\/wp\/v2\/media?parent=179"}],"curies":[{"name":"wp","href":"https:\/\/api.w.org\/{rel}","templated":true}]}}