{"id":1817,"date":"2020-07-23T13:53:33","date_gmt":"2020-07-23T16:53:33","guid":{"rendered":"https:\/\/sindag.org.br\/site-antigo\/?page_id=1817"},"modified":"2020-07-23T13:54:28","modified_gmt":"2020-07-23T16:54:28","slug":"turma-1-academia-brasileira-de-seguranca-de-voo-aeroagricola","status":"publish","type":"page","link":"https:\/\/sindag.org.br\/site-antigo\/turma-1-academia-brasileira-de-seguranca-de-voo-aeroagricola\/","title":{"rendered":"TURMA 1 &#8211; ACADEMIA BRASILEIRA DE SEGURAN\u00c7A DE VOO AEROAGR\u00cdCOLA"},"content":{"rendered":"<p style=\"text-align: center;\"><span style=\"font-size: 18pt;\"><strong>ALUNOS CERTIFICADOS<\/strong><\/span><\/p>\n<p style=\"text-align: center;\"><span style=\"font-size: 18pt;\"><strong>TURMA CL\u00d3VIS CANDIOTA<\/strong><\/span><\/p>\n<table width=\"263\">\n<tbody>\n<tr>\n<td width=\"263\">Adauto de Andrade Neves<\/td>\n<\/tr>\n<tr>\n<td width=\"263\">Adonias da Silva Neiva<\/td>\n<\/tr>\n<tr>\n<td width=\"263\">Adriana de Souza Pinto<\/td>\n<\/tr>\n<tr>\n<td width=\"263\">Agadir Jhonatan Mossmann<\/td>\n<\/tr>\n<tr>\n<td width=\"263\">Alan Sejer Poulsen<\/td>\n<\/tr>\n<tr>\n<td width=\"263\">Alessandro Bianchi<\/td>\n<\/tr>\n<tr>\n<td width=\"263\">Alexandre Derivi Endres<\/td>\n<\/tr>\n<tr>\n<td width=\"263\">\u00c1lvaro Cunha de Andrade<\/td>\n<\/tr>\n<tr>\n<td width=\"263\">Ana Maria Sides Machado Stival<\/td>\n<\/tr>\n<tr>\n<td width=\"263\">Ana Paula Caetano dos Santos<\/td>\n<\/tr>\n<tr>\n<td width=\"263\">Bruna Peres Xavier<\/td>\n<\/tr>\n<tr>\n<td width=\"263\">Caetano Gheller Egert<\/td>\n<\/tr>\n<tr>\n<td width=\"263\">Carlos Eduardo Romano<\/td>\n<\/tr>\n<tr>\n<td width=\"263\">Carlos Henrique Baldin<\/td>\n<\/tr>\n<tr>\n<td width=\"263\">Caroline Medeiros dos Reis<\/td>\n<\/tr>\n<tr>\n<td width=\"263\">Cat\u00eda Sibele Andrade Nogueira Claudino<\/td>\n<\/tr>\n<tr>\n<td width=\"263\">C\u00e9lia Maria Do Nascimento<\/td>\n<\/tr>\n<tr>\n<td width=\"263\">Christian Neisse Sudbrack<\/td>\n<\/tr>\n<tr>\n<td width=\"263\">Clayson Luiz Lopes Oliveira<\/td>\n<\/tr>\n<tr>\n<td width=\"263\">Cl\u00e9ria Regina Do N. Mossmann<\/td>\n<\/tr>\n<tr>\n<td width=\"263\">Dalcio Mesquita Andrade<\/td>\n<\/tr>\n<tr>\n<td width=\"263\">Daniel Grub<\/td>\n<\/tr>\n<tr>\n<td width=\"263\">Daniela Oliveira da Silva<\/td>\n<\/tr>\n<tr>\n<td width=\"263\">Delvanir Bandeira<\/td>\n<\/tr>\n<tr>\n<td width=\"263\">Denilson Flores<\/td>\n<\/tr>\n<tr>\n<td width=\"263\">Dilmar Martins Cunha<\/td>\n<\/tr>\n<tr>\n<td width=\"263\">Dionas de Freitas Bock<\/td>\n<\/tr>\n<tr>\n<td width=\"263\">Dionatan de Mattos Ara\u00fajo<\/td>\n<\/tr>\n<tr>\n<td width=\"263\">Eliton Isac Rosa<\/td>\n<\/tr>\n<tr>\n<td width=\"263\">Emilio Ricardo Pires<\/td>\n<\/tr>\n<tr>\n<td width=\"263\">Emmanuel Belaus de Arruda Pereira<\/td>\n<\/tr>\n<tr>\n<td width=\"263\">Emmilly E. C. de A. C. Bevilaqua<\/td>\n<\/tr>\n<tr>\n<td width=\"263\">Enio Strapa\u00e7\u00e3o de Cezere<\/td>\n<\/tr>\n<tr>\n<td width=\"263\">Everton Rodolfo Mucke<\/td>\n<\/tr>\n<tr>\n<td width=\"263\">Fabiano Andr\u00e9 Zis<\/td>\n<\/tr>\n<tr>\n<td width=\"263\">F\u00e1bio dos Santos Lima<\/td>\n<\/tr>\n<tr>\n<td width=\"263\">F\u00e1bio Girard Severo<\/td>\n<\/tr>\n<tr>\n<td width=\"263\">F\u00e1bio Gomes Sousa<\/td>\n<\/tr>\n<tr>\n<td width=\"263\">F\u00e1bio Jos\u00e9 Cavalheiros Soares<\/td>\n<\/tr>\n<tr>\n<td width=\"263\">Felipe Polanski Costa<\/td>\n<\/tr>\n<tr>\n<td width=\"263\">Fernando Bonfim Lima Ferreira<\/td>\n<\/tr>\n<tr>\n<td width=\"263\">Fl\u00e1vio Cunha Lemos Filho<\/td>\n<\/tr>\n<tr>\n<td width=\"263\">Fl\u00e1vio dos Santos Leite<\/td>\n<\/tr>\n<tr>\n<td width=\"263\">Francieli Radin<\/td>\n<\/tr>\n<tr>\n<td width=\"263\">Gabriela Silv\u00e9rio<\/td>\n<\/tr>\n<tr>\n<td width=\"263\">Germano Otto Scherdien<\/td>\n<\/tr>\n<tr>\n<td width=\"263\">Geverton de Avila dos Santos<\/td>\n<\/tr>\n<tr>\n<td width=\"263\">Gianni Bozetto<\/td>\n<\/tr>\n<tr>\n<td width=\"263\">Gilberto Irineu Silva Marques<\/td>\n<\/tr>\n<tr>\n<td width=\"263\">Gleison Romias Girelli<\/td>\n<\/tr>\n<tr>\n<td width=\"263\">Guilherme de Mattos Baran<\/td>\n<\/tr>\n<tr>\n<td width=\"263\">Gustavo Felipe Klauck Kern<\/td>\n<\/tr>\n<tr>\n<td width=\"263\">Helena da Silva Oliveira<\/td>\n<\/tr>\n<tr>\n<td width=\"263\">Henrique Do Nascimento Carvalho<\/td>\n<\/tr>\n<tr>\n<td width=\"263\">Hoana Almeida Santos<\/td>\n<\/tr>\n<tr>\n<td width=\"263\">Iago Pereira Silva Oliveira<\/td>\n<\/tr>\n<tr>\n<td width=\"263\">Igor Bueno Pontes<\/td>\n<\/tr>\n<tr>\n<td width=\"263\">Ingomar Storch<\/td>\n<\/tr>\n<tr>\n<td width=\"263\">Janaina Veloso de Morais<\/td>\n<\/tr>\n<tr>\n<td width=\"263\">J\u00e2nio Sanavria<\/td>\n<\/tr>\n<tr>\n<td width=\"263\">Jaques Oliveira Vieira<\/td>\n<\/tr>\n<tr>\n<td width=\"263\">Jeferson Silva Santos<\/td>\n<\/tr>\n<tr>\n<td width=\"263\">Jessica C. Oliveira<\/td>\n<\/tr>\n<tr>\n<td width=\"263\">Jo\u00e3o Os\u00f3rio Egert Filho<\/td>\n<\/tr>\n<tr>\n<td width=\"263\">Joelma Ribeiro de Assis<\/td>\n<\/tr>\n<tr>\n<td width=\"263\">Jonas Gustavo Rubem<\/td>\n<\/tr>\n<tr>\n<td width=\"263\">Jorge Domingos Verissimo Pantoja<\/td>\n<\/tr>\n<tr>\n<td width=\"263\">Jos\u00e9 Eron de Quadros Junior<\/td>\n<\/tr>\n<tr>\n<td width=\"263\">Juliane Cossa<\/td>\n<\/tr>\n<tr>\n<td width=\"263\">Juliano Sim\u00f5es Haas<\/td>\n<\/tr>\n<tr>\n<td width=\"263\">Karolina Cassiano da Silva<\/td>\n<\/tr>\n<tr>\n<td width=\"263\">Leandro Souza da Silva<\/td>\n<\/tr>\n<tr>\n<td width=\"263\">Leandro Araujo<\/td>\n<\/tr>\n<tr>\n<td width=\"263\">Leandro da Silva Costa<\/td>\n<\/tr>\n<tr>\n<td width=\"263\">Leandro de Paula Santos<\/td>\n<\/tr>\n<tr>\n<td width=\"263\">Lennon Magalhaes Lima<\/td>\n<\/tr>\n<tr>\n<td width=\"263\">Leonardo Ongaratto Coronet<\/td>\n<\/tr>\n<tr>\n<td width=\"263\">Lidiane Botellho da Rosa<\/td>\n<\/tr>\n<tr>\n<td width=\"263\">Lincoln Pinto Fassbender<\/td>\n<\/tr>\n<tr>\n<td width=\"263\">Lourival Lopes Freitas<\/td>\n<\/tr>\n<tr>\n<td width=\"263\">Luci Medeiros Lisboa<\/td>\n<\/tr>\n<tr>\n<td width=\"263\">Luiz Carlos Pase<\/td>\n<\/tr>\n<tr>\n<td width=\"263\">Marcella da Silva<\/td>\n<\/tr>\n<tr>\n<td width=\"263\">Marcos Roman dos Santos<\/td>\n<\/tr>\n<tr>\n<td width=\"263\">Marcos Rusch<\/td>\n<\/tr>\n<tr>\n<td width=\"263\">Maril\u00fa Rech<\/td>\n<\/tr>\n<tr>\n<td width=\"263\">M\u00e1rio Anderson Jussiani<\/td>\n<\/tr>\n<tr>\n<td width=\"263\">Mario Roberto Dias Hax<\/td>\n<\/tr>\n<tr>\n<td width=\"263\">Matheus dos Santos Ferreira<\/td>\n<\/tr>\n<tr>\n<td width=\"263\">Matheus Timm Machado<\/td>\n<\/tr>\n<tr>\n<td width=\"263\">Maur\u00edcio da Costa Duarte<\/td>\n<\/tr>\n<tr>\n<td width=\"263\">Max Zenker Justo<\/td>\n<\/tr>\n<tr>\n<td width=\"263\">Milton Cardoso de Lima<\/td>\n<\/tr>\n<tr>\n<td width=\"263\">Natan Franco Arriera<\/td>\n<\/tr>\n<tr>\n<td width=\"263\">Nathalie Fonseca Coelho dos Santos<\/td>\n<\/tr>\n<tr>\n<td width=\"263\">Nelson Coutinho Pe\u00f1a<\/td>\n<\/tr>\n<tr>\n<td width=\"263\">Nelson Renan Colvero de Oliveira<\/td>\n<\/tr>\n<tr>\n<td width=\"263\">Nilson Luiz Pires de Souza<\/td>\n<\/tr>\n<tr>\n<td width=\"263\">Oziel It\u00e1 J\u00faba J\u00e1ra Barbosa Silveira<\/td>\n<\/tr>\n<tr>\n<td width=\"263\">Paulo Ricardo Matielo Lemos<\/td>\n<\/tr>\n<tr>\n<td width=\"263\">Paulo Roberto Miranda Denis<\/td>\n<\/tr>\n<tr>\n<td width=\"263\">Rafaela Alves da Rocha<\/td>\n<\/tr>\n<tr>\n<td width=\"263\">Renato Menna Barreto Simonetto<\/td>\n<\/tr>\n<tr>\n<td width=\"263\">Ricardo Lanfredi Beiersdorf<\/td>\n<\/tr>\n<tr>\n<td width=\"263\">Rodrigo Cesar de Arruda Machado<\/td>\n<\/tr>\n<tr>\n<td width=\"263\">Rodrigo Rosales Boeira<\/td>\n<\/tr>\n<tr>\n<td width=\"263\">Rog\u00e9rio Velludo Ribeiro<\/td>\n<\/tr>\n<tr>\n<td width=\"263\">Ronaldo Berny Xavier<\/td>\n<\/tr>\n<tr>\n<td width=\"263\">Saulo Juliano Rodrigues de Andrade<\/td>\n<\/tr>\n<tr>\n<td width=\"263\">Sergio Pego Barbosa<\/td>\n<\/tr>\n<tr>\n<td width=\"263\">S\u00e9rgio Serres Passamani<\/td>\n<\/tr>\n<tr>\n<td width=\"263\">Silvana Coppo Borges<\/td>\n<\/tr>\n<tr>\n<td width=\"263\">S\u00edlvio Ant\u00f4nio Kempfer<\/td>\n<\/tr>\n<tr>\n<td width=\"263\">Synei Filgueira de Souza<\/td>\n<\/tr>\n<tr>\n<td width=\"263\">Tatiane dos Santos Silva<\/td>\n<\/tr>\n<tr>\n<td width=\"263\">Thiago Paulo Buttelli<\/td>\n<\/tr>\n<tr>\n<td width=\"263\">Thiago Pinto Adolfo<\/td>\n<\/tr>\n<tr>\n<td width=\"263\">Toni Takaski Sato<\/td>\n<\/tr>\n<tr>\n<td width=\"263\">Valdinei Silva de Paula<\/td>\n<\/tr>\n<tr>\n<td width=\"263\">Vin\u00edcius Canez Galarce<\/td>\n<\/tr>\n<tr>\n<td width=\"263\">Vin\u00edcius Ferraz Delgado<\/td>\n<\/tr>\n<tr>\n<td width=\"263\">Vinicius Rosa Costamilan<\/td>\n<\/tr>\n<tr>\n<td width=\"263\">Wendelino Fang<\/td>\n<\/tr>\n<tr>\n<td width=\"263\">Wesley Morais de Oliveira<\/td>\n<\/tr>\n<tr>\n<td width=\"263\">Willen \u00c1vila Ara\u00fajo<\/td>\n<\/tr>\n<tr>\n<td width=\"263\">Wilson Paulo Klauck Junior<\/td>\n<\/tr>\n<\/tbody>\n<\/table>\n","protected":false},"excerpt":{"rendered":"<p>ALUNOS CERTIFICADOS TURMA CL\u00d3VIS CANDIOTA Adauto de Andrade Neves Adonias da Silva Neiva Adriana de Souza Pinto Agadir Jhonatan Mossmann Alan Sejer Poulsen Alessandro Bianchi Alexandre Derivi Endres \u00c1lvaro Cunha de Andrade Ana Maria Sides Machado Stival Ana Paula Caetano dos Santos Bruna Peres Xavier Caetano Gheller Egert Carlos Eduardo Romano Carlos Henrique Baldin Caroline&#8230;  <a class=\"excerpt-read-more\" href=\"https:\/\/sindag.org.br\/site-antigo\/turma-1-academia-brasileira-de-seguranca-de-voo-aeroagricola\/\" title=\"Read TURMA 1 &#8211; ACADEMIA BRASILEIRA DE SEGURAN\u00c7A DE VOO AEROAGR\u00cdCOLA\">Leia mais &raquo;<\/a><\/p>\n","protected":false},"author":5,"featured_media":0,"parent":0,"menu_order":0,"comment_status":"closed","ping_status":"closed","template":"","meta":{"_monsterinsights_skip_tracking":false,"_monsterinsights_sitenote_active":false,"_monsterinsights_sitenote_note":"","_monsterinsights_sitenote_category":0,"footnotes":"","_links_to":"","_links_to_target":""},"class_list":["post-1817","page","type-page","status-publish","hentry"],"_links":{"self":[{"href":"https:\/\/sindag.org.br\/site-antigo\/wp-json\/wp\/v2\/pages\/1817","targetHints":{"allow":["GET"]}}],"collection":[{"href":"https:\/\/sindag.org.br\/site-antigo\/wp-json\/wp\/v2\/pages"}],"about":[{"href":"https:\/\/sindag.org.br\/site-antigo\/wp-json\/wp\/v2\/types\/page"}],"author":[{"embeddable":true,"href":"https:\/\/sindag.org.br\/site-antigo\/wp-json\/wp\/v2\/users\/5"}],"replies":[{"embeddable":true,"href":"https:\/\/sindag.org.br\/site-antigo\/wp-json\/wp\/v2\/comments?post=1817"}],"version-history":[{"count":0,"href":"https:\/\/sindag.org.br\/site-antigo\/wp-json\/wp\/v2\/pages\/1817\/revisions"}],"wp:attachment":[{"href":"https:\/\/sindag.org.br\/site-antigo\/wp-json\/wp\/v2\/media?parent=1817"}],"curies":[{"name":"wp","href":"https:\/\/api.w.org\/{rel}","templated":true}]}}