{"id":1820,"date":"2020-07-23T13:56:08","date_gmt":"2020-07-23T16:56:08","guid":{"rendered":"https:\/\/sindag.org.br\/site-antigo\/?page_id=1820"},"modified":"2020-07-23T13:56:22","modified_gmt":"2020-07-23T16:56:22","slug":"turma-2-academia-brasileira-de-seguranca-de-voo-aeroagricola","status":"publish","type":"page","link":"https:\/\/sindag.org.br\/site-antigo\/turma-2-academia-brasileira-de-seguranca-de-voo-aeroagricola\/","title":{"rendered":"TURMA 2 | ACADEMIA BRASILEIRA DE SEGURAN\u00c7A DE VOO AEROAGR\u00cdCOLA"},"content":{"rendered":"<p style=\"text-align: center;\"><span style=\"font-size: 18pt;\"><strong>ALUNOS CERTIFICADOS<\/strong><\/span><\/p>\n<p style=\"text-align: center;\"><span style=\"font-size: 18pt;\"><strong>TURMA LEONCIO FONTELES<\/strong><\/span><\/p>\n<table width=\"289\">\n<tbody>\n<tr>\n<td width=\"289\">Ademir Ernani Hagemann<\/td>\n<\/tr>\n<tr>\n<td width=\"289\">Alberto Rojas Kath<\/td>\n<\/tr>\n<tr>\n<td width=\"289\">Alessandro Guirro<\/td>\n<\/tr>\n<tr>\n<td width=\"289\">Alexandre de Lima Schramm<\/td>\n<\/tr>\n<tr>\n<td width=\"289\">Alexandro Machado Druzian<\/td>\n<\/tr>\n<tr>\n<td width=\"289\">Ana Paula Kr\u00fcger<\/td>\n<\/tr>\n<tr>\n<td width=\"289\">Andr\u00e9 Cappellari<\/td>\n<\/tr>\n<tr>\n<td width=\"289\">Andr\u00e9 Oscar Schneider<\/td>\n<\/tr>\n<tr>\n<td width=\"289\">Batista Coelho Longarai<\/td>\n<\/tr>\n<tr>\n<td width=\"289\">Bruno Martins Silva<\/td>\n<\/tr>\n<tr>\n<td width=\"289\">Carlos Pl\u00e1 da Silva<\/td>\n<\/tr>\n<tr>\n<td width=\"289\">C\u00e1ssio Coconcelli<\/td>\n<\/tr>\n<tr>\n<td width=\"289\">C\u00e9lia Maria do Nascimento<\/td>\n<\/tr>\n<tr>\n<td width=\"289\">Christiano Jose Menezes da Costa<\/td>\n<\/tr>\n<tr>\n<td width=\"289\">Claudenir Morales de Souza<\/td>\n<\/tr>\n<tr>\n<td width=\"289\">Cleiton dos Santos dornelles<\/td>\n<\/tr>\n<tr>\n<td width=\"289\">david de Oliveira Cap\u00f3 Sobral<\/td>\n<\/tr>\n<tr>\n<td width=\"289\">D\u00e9bora Alexandra Barbosa<\/td>\n<\/tr>\n<tr>\n<td width=\"289\">Diogo da Silva Tozzo<\/td>\n<\/tr>\n<tr>\n<td width=\"289\">douglas Fernandes Vieira<\/td>\n<\/tr>\n<tr>\n<td width=\"289\">douglas Rafael Zapalai<\/td>\n<\/tr>\n<tr>\n<td width=\"289\">Eduardo Martins de Alcantara<\/td>\n<\/tr>\n<tr>\n<td width=\"289\">Eduino Antonio Oliveira Poleto<\/td>\n<\/tr>\n<tr>\n<td width=\"289\">Eliakin Israel Carneiro da Cruz<\/td>\n<\/tr>\n<tr>\n<td width=\"289\">Elizandro Ribeiro de Siqueira<\/td>\n<\/tr>\n<tr>\n<td width=\"289\">Elton Jos\u00e9 Fucilini<\/td>\n<\/tr>\n<tr>\n<td width=\"289\">Emanuel Tavares Maciel<\/td>\n<\/tr>\n<tr>\n<td width=\"289\">Emerson Luis Wille<\/td>\n<\/tr>\n<tr>\n<td width=\"289\">Emilio Coelho de Souza<\/td>\n<\/tr>\n<tr>\n<td width=\"289\">Evandro Coimbra da Silva<\/td>\n<\/tr>\n<tr>\n<td width=\"289\">Evelin Estrambek Leoncini<\/td>\n<\/tr>\n<tr>\n<td width=\"289\">Ewerton Carlos de Oliveira<\/td>\n<\/tr>\n<tr>\n<td width=\"289\">Fabio Fernandes Quiles<\/td>\n<\/tr>\n<tr>\n<td width=\"289\">Felipe Eduardo Ruffino Benevento<\/td>\n<\/tr>\n<tr>\n<td width=\"289\">Fernanda Freires Gon\u00e7alves<\/td>\n<\/tr>\n<tr>\n<td width=\"289\">Fernando da Silva Sousa<\/td>\n<\/tr>\n<tr>\n<td width=\"289\">Francis Raime Zagury Matos<\/td>\n<\/tr>\n<tr>\n<td width=\"289\">Gerson Luis das Neves Santiago<\/td>\n<\/tr>\n<tr>\n<td width=\"289\">Glennda Guimar\u00e3es Rocha Capurro<\/td>\n<\/tr>\n<tr>\n<td width=\"289\">Guilherme Gil Basichetti<\/td>\n<\/tr>\n<tr>\n<td width=\"289\">Gustavo Bazeggio da Rocha<\/td>\n<\/tr>\n<tr>\n<td width=\"289\">Gustavo Henrique Aires de Azevedo<\/td>\n<\/tr>\n<tr>\n<td width=\"289\">Gustavo Monteiro Monasterio<\/td>\n<\/tr>\n<tr>\n<td width=\"289\">Gustavo Plautz de Matos<\/td>\n<\/tr>\n<tr>\n<td width=\"289\">Hallan Sousa Oliveira<\/td>\n<\/tr>\n<tr>\n<td width=\"289\">Ivan Antonio Silva<\/td>\n<\/tr>\n<tr>\n<td width=\"289\">Ivo J\u00fanior Ribeiro Trist\u00e3o<\/td>\n<\/tr>\n<tr>\n<td>Jo\u00e3o Francisco Birkhan Camargo Nogueira<\/td>\n<\/tr>\n<tr>\n<td width=\"289\">Jorge Lu\u00eds Dias Pazos<\/td>\n<\/tr>\n<tr>\n<td width=\"289\">Jos\u00e9 Mario dos Santos Junior<\/td>\n<\/tr>\n<tr>\n<td width=\"289\">Juarez Klein Hanauer<\/td>\n<\/tr>\n<tr>\n<td width=\"289\">Julio Augusto Kampf<\/td>\n<\/tr>\n<tr>\n<td width=\"289\">Laerte Silverio Filho<\/td>\n<\/tr>\n<tr>\n<td width=\"289\">Leandro dellamora Corr\u00eaa<\/td>\n<\/tr>\n<tr>\n<td width=\"289\">Leandro S. Studzinski<\/td>\n<\/tr>\n<tr>\n<td width=\"289\">Leandro Silva Tomaz<\/td>\n<\/tr>\n<tr>\n<td width=\"289\">L\u00e9o Wagner Rosa<\/td>\n<\/tr>\n<tr>\n<td width=\"289\">Lucas da Silva Santiago<\/td>\n<\/tr>\n<tr>\n<td width=\"289\">Lucas Orlando Pavinato<\/td>\n<\/tr>\n<tr>\n<td width=\"289\">Lucas Teixeira Feres<\/td>\n<\/tr>\n<tr>\n<td width=\"289\">Luciano Wender<\/td>\n<\/tr>\n<tr>\n<td width=\"289\">Lucio Pedrotti<\/td>\n<\/tr>\n<tr>\n<td width=\"289\">Lu\u00eds Augusto Heidemann damiani<\/td>\n<\/tr>\n<tr>\n<td width=\"289\">Luis Tiago da Silva dos Santos<\/td>\n<\/tr>\n<tr>\n<td width=\"289\">Marcio Roque Kronbauer<\/td>\n<\/tr>\n<tr>\n<td width=\"289\">Marcos Uillian Brunetta Radecki<\/td>\n<\/tr>\n<tr>\n<td width=\"289\">Marino Vieira de Andrade Neto<\/td>\n<\/tr>\n<tr>\n<td width=\"289\">Mateus Bacelette Otto Quaresma<\/td>\n<\/tr>\n<tr>\n<td width=\"289\">Maxsuel Barros Oliveira<\/td>\n<\/tr>\n<tr>\n<td width=\"289\">Melise Caroline Lima Carvalho<\/td>\n<\/tr>\n<tr>\n<td width=\"289\">Nelso Moschetta Junior<\/td>\n<\/tr>\n<tr>\n<td width=\"289\">Patr\u00edcia Almeida Santos<\/td>\n<\/tr>\n<tr>\n<td width=\"289\">Paulo Jose Vieira dos Santos<\/td>\n<\/tr>\n<tr>\n<td width=\"289\">Paulo Sergio Braz<\/td>\n<\/tr>\n<tr>\n<td width=\"289\">Pedro Marlon Batista de Souza<\/td>\n<\/tr>\n<tr>\n<td width=\"289\">Pedro Oli da Rosa Vargas<\/td>\n<\/tr>\n<tr>\n<td width=\"289\">Rafael Le\u00f4ncio do Esp\u00edrito Santo<\/td>\n<\/tr>\n<tr>\n<td width=\"289\">Rafael Martins<\/td>\n<\/tr>\n<tr>\n<td width=\"289\">Ramon Rossetto dos Santos<\/td>\n<\/tr>\n<tr>\n<td width=\"289\">Rayson Ferreira da Silva<\/td>\n<\/tr>\n<tr>\n<td width=\"289\">Ricardo Jose Modesto<\/td>\n<\/tr>\n<tr>\n<td width=\"289\">Ricardo Velludo Morandini<\/td>\n<\/tr>\n<tr>\n<td width=\"289\">Ricardo Vinicius Corveta Volpe<\/td>\n<\/tr>\n<tr>\n<td width=\"289\">Ricardo Vollbrecht<\/td>\n<\/tr>\n<tr>\n<td width=\"289\">Robertinho Sobroza<\/td>\n<\/tr>\n<tr>\n<td width=\"289\">Rodrigo Vilar Falleiro<\/td>\n<\/tr>\n<tr>\n<td width=\"289\">Rosani Meri Gobi Jaroczinki<\/td>\n<\/tr>\n<tr>\n<td width=\"289\">Saulo Camargo Ghirro<\/td>\n<\/tr>\n<tr>\n<td width=\"289\">Silvana de Souza<\/td>\n<\/tr>\n<tr>\n<td width=\"289\">S\u00edlvio C\u00e9sar Goulart<\/td>\n<\/tr>\n<tr>\n<td width=\"289\">Suely de Sousa\u00a0 Basto<\/td>\n<\/tr>\n<tr>\n<td width=\"289\">Susana Rodrigues de Brito<\/td>\n<\/tr>\n<tr>\n<td width=\"289\">Tassia Oliveira Bernardes<\/td>\n<\/tr>\n<tr>\n<td width=\"289\">Tha\u00eds de Oliveira Dias Gonzaga<\/td>\n<\/tr>\n<tr>\n<td width=\"289\">Thiago Jos\u00e9 de Souza<\/td>\n<\/tr>\n<tr>\n<td width=\"289\">Thiago Ludovino Leoncini<\/td>\n<\/tr>\n<tr>\n<td width=\"289\">Tiago Henrique Textor<\/td>\n<\/tr>\n<tr>\n<td width=\"289\">Valdir Christ<\/td>\n<\/tr>\n<tr>\n<td width=\"289\">Valdomiro Schramm<\/td>\n<\/tr>\n<tr>\n<td width=\"289\">Vanessa Dias dos Santos<\/td>\n<\/tr>\n<tr>\n<td width=\"289\">Vilmar Alves Pires<\/td>\n<\/tr>\n<tr>\n<td width=\"289\">Walter Correia Viegas<\/td>\n<\/tr>\n<tr>\n<td width=\"289\">Wesley dos Santos Mesquita<\/td>\n<\/tr>\n<tr>\n<td width=\"289\">Willian Ricardo Camilo<\/td>\n<\/tr>\n<\/tbody>\n<\/table>\n","protected":false},"excerpt":{"rendered":"<p>ALUNOS CERTIFICADOS TURMA LEONCIO FONTELES Ademir Ernani Hagemann Alberto Rojas Kath Alessandro Guirro Alexandre de Lima Schramm Alexandro Machado Druzian Ana Paula Kr\u00fcger Andr\u00e9 Cappellari Andr\u00e9 Oscar Schneider Batista Coelho Longarai Bruno Martins Silva Carlos Pl\u00e1 da Silva C\u00e1ssio Coconcelli C\u00e9lia Maria do Nascimento Christiano Jose Menezes da Costa Claudenir Morales de Souza Cleiton dos&#8230;  <a class=\"excerpt-read-more\" href=\"https:\/\/sindag.org.br\/site-antigo\/turma-2-academia-brasileira-de-seguranca-de-voo-aeroagricola\/\" title=\"Read TURMA 2 | ACADEMIA BRASILEIRA DE SEGURAN\u00c7A DE VOO AEROAGR\u00cdCOLA\">Leia mais &raquo;<\/a><\/p>\n","protected":false},"author":5,"featured_media":0,"parent":0,"menu_order":0,"comment_status":"closed","ping_status":"closed","template":"","meta":{"_monsterinsights_skip_tracking":false,"_monsterinsights_sitenote_active":false,"_monsterinsights_sitenote_note":"","_monsterinsights_sitenote_category":0,"footnotes":"","_links_to":"","_links_to_target":""},"class_list":["post-1820","page","type-page","status-publish","hentry"],"_links":{"self":[{"href":"https:\/\/sindag.org.br\/site-antigo\/wp-json\/wp\/v2\/pages\/1820","targetHints":{"allow":["GET"]}}],"collection":[{"href":"https:\/\/sindag.org.br\/site-antigo\/wp-json\/wp\/v2\/pages"}],"about":[{"href":"https:\/\/sindag.org.br\/site-antigo\/wp-json\/wp\/v2\/types\/page"}],"author":[{"embeddable":true,"href":"https:\/\/sindag.org.br\/site-antigo\/wp-json\/wp\/v2\/users\/5"}],"replies":[{"embeddable":true,"href":"https:\/\/sindag.org.br\/site-antigo\/wp-json\/wp\/v2\/comments?post=1820"}],"version-history":[{"count":0,"href":"https:\/\/sindag.org.br\/site-antigo\/wp-json\/wp\/v2\/pages\/1820\/revisions"}],"wp:attachment":[{"href":"https:\/\/sindag.org.br\/site-antigo\/wp-json\/wp\/v2\/media?parent=1820"}],"curies":[{"name":"wp","href":"https:\/\/api.w.org\/{rel}","templated":true}]}}