{"id":2054,"date":"2020-07-30T14:54:08","date_gmt":"2020-07-30T17:54:08","guid":{"rendered":"https:\/\/sindag.org.br\/site-antigo\/?page_id=2054"},"modified":"2020-10-09T09:19:55","modified_gmt":"2020-10-09T12:19:55","slug":"representatividade","status":"publish","type":"page","link":"https:\/\/sindag.org.br\/site-antigo\/representatividade\/","title":{"rendered":"Representatividade"},"content":{"rendered":"<p>O SINDAG participa de algumas entidades, c\u00e2maras, comiss\u00f5es, comit\u00eas e conselhos de \u00f3rg\u00e3os federais e regionais, privados e governamentais, visando o alinhamento e a constru\u00e7\u00e3o de setores como agr\u00edcola, a\u00e9reo e de meio ambiente cada vez melhores. Para aprecia\u00e7\u00e3o, segue a lista de representatividade do SINDAG em diversos temas.<\/p>\n<ol>\n<li>1. Conselho Consultivo da ANAC<br \/>\n2. F\u00f3rum das associa\u00e7\u00f5es brasileiras do setor aeron\u00e1utico<br \/>\n3. C\u00e2mara Tem\u00e1tica de Agricultura Sustent\u00e1vel e Irriga\u00e7\u00e3o &#8211; CTASI<br \/>\n4. C\u00e2mara Setorial de Produtos Ap\u00edcolas<br \/>\n5. C\u00e2mara T\u00e9cnica Setorial da Ind\u00fastria de Manuten\u00e7\u00e3o Aeron\u00e1utica<br \/>\n6. C\u00e2mara T\u00e9cnica sobre Regulamenta\u00e7\u00e3o da Avia\u00e7\u00e3o Geral<br \/>\n7. C\u00e2mara Tem\u00e1tica de Agricultura Sustent\u00e1vel e Irriga\u00e7\u00e3o &#8211; CTASI<br \/>\n8. Camara Tem\u00e1tica de Insumos Agropecu\u00e1rios<br \/>\n9. Comiss\u00e3o Brasileira de Agricultura de Precis\u00e3o e Digital &#8211; CBAPD<br \/>\n10. Comiss\u00e3o de Assuntos da Avia\u00e7\u00e3o Agr\u00edcola do CNPAA\/CENIPA<\/li>\n<li>11. Comiss\u00e3o de Combate aos Impactos dos Agrot\u00f3xicos do Mato Grosso do Sul<\/li>\n<li>12. Comiss\u00e3o de Manuten\u00e7\u00e3o do CENIPA<\/li>\n<li>13. Comiss\u00e3o Especial AVAG na FARSUL<\/li>\n<li>14. Comiss\u00e3o Especial para Assuntos da Avia\u00e7\u00e3o Agr\u00edcola no MAPA<\/li>\n<li>15. Comit\u00ea Executivo Aeroagricola Privado do Mercosul (Brasil, Uruguai, Argentina e Chile)<\/li>\n<li>16. Comit\u00ea Nacional de Preven\u00e7\u00e3o de Acidentes Aeron\u00e1uticos do CENIPA<\/li>\n<li>17. Conselho Consultivo da Reserva do TAIM<\/li>\n<li>18. Conselho Consultivo do Parque do Espinilho<\/li>\n<li>19. Conselho Consultivo do Revis Banhado do Ma\u00e7arico<\/li>\n<li>20. Forum das associacoes brasileiras do setor aeronautico<\/li>\n<li>21. Signat\u00e1rio do Pacto Global da ONU<\/li>\n<li>22. F\u00f3rum Agro de SP<\/li>\n<\/ol>\n<p>&nbsp;<\/p>\n<p style=\"text-align: center;\"><strong>Veja neste v\u00eddeo alguns locais que o SINDAG representa o setor aeroagr\u00edcola:<\/strong><\/p>\n<p style=\"text-align: center;\"><iframe loading=\"lazy\" src=\"\/\/www.youtube.com\/embed\/R-avkfy6T-M?list=PL01mn57SXkiaA8MkpNoKsrCJrurPWMR1m\" width=\"560\" height=\"314\" allowfullscreen=\"allowfullscreen\"><\/iframe><\/p>\n","protected":false},"excerpt":{"rendered":"<p>O SINDAG participa de algumas entidades, c\u00e2maras, comiss\u00f5es, comit\u00eas e conselhos de \u00f3rg\u00e3os federais e regionais, privados e governamentais, visando o alinhamento e a constru\u00e7\u00e3o de setores como agr\u00edcola, a\u00e9reo e de meio ambiente cada vez melhores. Para aprecia\u00e7\u00e3o, segue a lista de representatividade do SINDAG em diversos temas. 1. Conselho Consultivo da ANAC 2&#8230;.  <a class=\"excerpt-read-more\" href=\"https:\/\/sindag.org.br\/site-antigo\/representatividade\/\" title=\"Read Representatividade\">Leia mais &raquo;<\/a><\/p>\n","protected":false},"author":5,"featured_media":2253,"parent":0,"menu_order":0,"comment_status":"closed","ping_status":"closed","template":"","meta":{"_monsterinsights_skip_tracking":false,"_monsterinsights_sitenote_active":false,"_monsterinsights_sitenote_note":"","_monsterinsights_sitenote_category":0,"footnotes":"","_links_to":"","_links_to_target":""},"class_list":["post-2054","page","type-page","status-publish","has-post-thumbnail","hentry"],"_links":{"self":[{"href":"https:\/\/sindag.org.br\/site-antigo\/wp-json\/wp\/v2\/pages\/2054","targetHints":{"allow":["GET"]}}],"collection":[{"href":"https:\/\/sindag.org.br\/site-antigo\/wp-json\/wp\/v2\/pages"}],"about":[{"href":"https:\/\/sindag.org.br\/site-antigo\/wp-json\/wp\/v2\/types\/page"}],"author":[{"embeddable":true,"href":"https:\/\/sindag.org.br\/site-antigo\/wp-json\/wp\/v2\/users\/5"}],"replies":[{"embeddable":true,"href":"https:\/\/sindag.org.br\/site-antigo\/wp-json\/wp\/v2\/comments?post=2054"}],"version-history":[{"count":0,"href":"https:\/\/sindag.org.br\/site-antigo\/wp-json\/wp\/v2\/pages\/2054\/revisions"}],"wp:featuredmedia":[{"embeddable":true,"href":"https:\/\/sindag.org.br\/site-antigo\/wp-json\/wp\/v2\/media\/2253"}],"wp:attachment":[{"href":"https:\/\/sindag.org.br\/site-antigo\/wp-json\/wp\/v2\/media?parent=2054"}],"curies":[{"name":"wp","href":"https:\/\/api.w.org\/{rel}","templated":true}]}}