{"id":2909,"date":"2020-09-28T14:40:46","date_gmt":"2020-09-28T17:40:46","guid":{"rendered":"https:\/\/sindag.org.br\/site-antigo\/?page_id=2909"},"modified":"2022-12-16T17:11:15","modified_gmt":"2022-12-16T20:11:15","slug":"academia-brasileira-de-tecnologia-de-aplicacao-aerea","status":"publish","type":"page","link":"https:\/\/sindag.org.br\/site-antigo\/academia-brasileira-de-tecnologia-de-aplicacao-aerea\/","title":{"rendered":"Academia Brasileira de Tecnologia de Aplica\u00e7\u00e3o A\u00e9rea"},"content":{"rendered":"<p style=\"text-align: center;\"><span style=\"font-size: 10pt;\"><strong>AIS DE 350 ALUNOS NAS TR\u00caS EDI\u00c7\u00d5ES<\/strong><\/span><\/p>\n<p style=\"text-align: justify;\"><span style=\"font-weight: 400; color: #2e5e6f; font-family: tahoma, arial, helvetica, sans-serif; font-size: 14pt;\">A Academia Brasileira de Tecnologia de Aplica\u00e7\u00e3o A\u00e9rea tem como objetivo atualizar, aperfei\u00e7oar e capacitar profissionais sobre as melhores pr\u00e1ticas para a pulveriza\u00e7\u00e3o a\u00e9rea, discutindo a evolu\u00e7\u00e3o da tecnologia, formas de otimizar os resultados, dentro dos padr\u00f5es globais de sustentabilidade econ\u00f4mica, social e ambiental.\u00a0<\/span><\/p>\n<table style=\"border-collapse: collapse; width: 106.293%;\">\n<tbody>\n<tr>\n<td style=\"width: 100%; background-color: #306350; text-align: center;\"><span style=\"font-weight: 400; font-size: 14pt; font-family: tahoma, arial, helvetica, sans-serif; color: #ffffff;\"><span style=\"font-weight: 400; font-size: 14pt; font-family: tahoma, arial, helvetica, sans-serif; color: #ffffff;\"><span style=\"font-weight: 400; font-size: 14pt; font-family: tahoma, arial, helvetica, sans-serif; color: #ffffff;\"><strong>P\u00fablico Alvo:<\/strong> Engenheiros Agr\u00f4nomos, T\u00e9cnicos Agr\u00edcolas, Empres\u00e1rios do Setor, Piloto Agr\u00edcola, Gestor de Seguran\u00e7a Operacional \u2013 GSO, Coordenadores de Avia\u00e7\u00e3o, Mec\u00e2nicos, Estudantes de Agronomia, e demais profissionais.<\/span><\/span><\/span><\/td>\n<\/tr>\n<\/tbody>\n<\/table>\n<table style=\"width: 108.206%; border-collapse: collapse;\">\n<tbody>\n<tr>\n<td style=\"width: 787.984px; background-color: #306350; border-color: #306350; text-align: center;\"><a href=\"https:\/\/drive.google.com\/file\/d\/1-yQQ-nWu43rIBi4fEeljJWzUVNpcUkKb\/view?usp=share_link\"><span style=\"color: #ffffff;\"><span style=\"font-size: 24px;\"><b>RELAT\u00d3RIO DA ACADEMIA 2022<\/b><\/span><\/span><\/a><\/td>\n<\/tr>\n<\/tbody>\n<\/table>\n<h6 style=\"text-align: center;\"><span style=\"color: #003366;\"><span style=\"font-family: tahoma, arial, helvetica, sans-serif; font-size: 24pt;\"><strong>Confira os Assuntos que foram apresentados<br \/>\n<\/strong><\/span><strong style=\"font-family: tahoma, arial, helvetica, sans-serif; font-size: 24pt;\">MARATONA de TECNOLOGIA 2022:<br \/>\n<\/strong><\/span><\/h6>\n<table dir=\"ltr\" style=\"height: 1411px; width: 110.123%;\" border=\"1\" cellspacing=\"0\" cellpadding=\"0\">\n<colgroup>\n<col width=\"100\" \/>\n<col width=\"622\" \/><\/colgroup>\n<tbody>\n<tr style=\"height: 2px;\">\n<td style=\"background-color: #599163; width: 803.984px; height: 43px; text-align: center;\" colspan=\"2\" data-sheets-value=\"{&quot;1&quot;:2,&quot;2&quot;:&quot;08 de novembro de 2022&quot;}\"><span style=\"font-size: 14pt;\"><strong><span style=\"color: #ffffff;\">10 apresenta\u00e7\u00f5es por dia, 30 minutos cada uma<\/span><\/strong><\/span><\/td>\n<\/tr>\n<tr style=\"height: 2px;\">\n<td style=\"width: 111.047px; height: 39px; text-align: left;\" data-sheets-value=\"{&quot;1&quot;:2,&quot;2&quot;:&quot;16h&quot;}\"><\/td>\n<td style=\"width: 692.938px; height: 39px; text-align: left;\" data-sheets-value=\"{&quot;1&quot;:2,&quot;2&quot;:&quot;Lan\u00e7amento do Grupo Refer\u00eancia em Tecnologia de Aplica\u00e7\u00e3o A\u00e9rea&quot;}\">Lan\u00e7amento do Grupo Refer\u00eancia em Tecnologia de Aplica\u00e7\u00e3o A\u00e9rea<\/td>\n<\/tr>\n<tr style=\"height: 2px;\">\n<td style=\"width: 111.047px; height: 40px; text-align: left;\"><\/td>\n<td style=\"width: 692.938px; height: 40px; text-align: left;\">A evolu\u00e7\u00e3o da t\u00e9cnica da aplica\u00e7\u00e3o a\u00e9rea ao longo das \u00faltimas d\u00e9cadas<\/td>\n<\/tr>\n<tr style=\"height: 2px;\">\n<td style=\"width: 111.047px; height: 39px; text-align: left;\" data-sheets-value=\"{&quot;1&quot;:2,&quot;2&quot;:&quot;16h e 30min&quot;}\"><\/td>\n<td style=\"width: 692.938px; height: 39px; text-align: left;\" data-sheets-value=\"{&quot;1&quot;:2,&quot;2&quot;:&quot;Tecnologia de aplica\u00e7\u00e3o de herbicidas&quot;}\">Tecnologia de aplica\u00e7\u00e3o de herbicidas<\/td>\n<\/tr>\n<tr style=\"height: 2px;\">\n<td style=\"width: 111.047px; height: 39px; text-align: left;\" data-sheets-value=\"{&quot;1&quot;:2,&quot;2&quot;:&quot;17h&quot;}\"><\/td>\n<td style=\"width: 692.938px; height: 39px; text-align: left;\" data-sheets-value=\"{&quot;1&quot;:2,&quot;2&quot;:&quot;Aplica\u00e7\u00e3o a\u00e9rea sustent\u00e1vel&quot;}\">Aplica\u00e7\u00e3o a\u00e9rea sustent\u00e1vel<\/td>\n<\/tr>\n<tr style=\"height: 2px;\">\n<td style=\"width: 111.047px; height: 39px; text-align: left;\" data-sheets-value=\"{&quot;1&quot;:2,&quot;2&quot;:&quot;17h e 30min&quot;}\"><\/td>\n<td style=\"width: 692.938px; height: 39px; text-align: left;\" data-sheets-value=\"{&quot;1&quot;:2,&quot;2&quot;:&quot;Planejamento operacional para uma boa aplica\u00e7\u00e3o&quot;}\">Planejamento operacional para uma boa aplica\u00e7\u00e3o<\/td>\n<\/tr>\n<tr style=\"height: 2px;\">\n<td style=\"width: 111.047px; height: 39px; text-align: left;\" data-sheets-value=\"{&quot;1&quot;:2,&quot;2&quot;:&quot;18h&quot;}\"><\/td>\n<td style=\"width: 692.938px; height: 39px; text-align: left;\" data-sheets-value=\"{&quot;1&quot;:2,&quot;2&quot;:&quot;Fundamentos aplicados para a forma\u00e7\u00e3o de novos profissionais&quot;}\">Fundamentos aplicados para a forma\u00e7\u00e3o de novos profissionais<\/td>\n<\/tr>\n<tr style=\"height: 2px;\">\n<td style=\"width: 111.047px; height: 39px; text-align: left;\" data-sheets-value=\"{&quot;1&quot;:2,&quot;2&quot;:&quot;18h e 30min&quot;}\"><\/td>\n<td style=\"width: 692.938px; height: 39px; text-align: left;\" data-sheets-value=\"{&quot;1&quot;:2,&quot;2&quot;:&quot;PDCA da Aplica\u00e7\u00e3o A\u00e9rea - Do preparo de Calda \u00e0 Aplica\u00e7\u00e3o!&quot;}\">PDCA da Aplica\u00e7\u00e3o A\u00e9rea &#8211; Do preparo de Calda \u00e0 Aplica\u00e7\u00e3o!<\/td>\n<\/tr>\n<tr style=\"height: 2px;\">\n<td style=\"width: 111.047px; height: 39px; text-align: left;\" data-sheets-value=\"{&quot;1&quot;:2,&quot;2&quot;:&quot;19h&quot;}\"><\/td>\n<td style=\"width: 692.938px; height: 39px; text-align: left;\" data-sheets-value=\"{&quot;1&quot;:2,&quot;2&quot;:&quot;Como a ado\u00e7\u00e3o de novas tecnologias podem aumentar a efici\u00eancia das aplica\u00e7\u00f5es&quot;}\">Como a ado\u00e7\u00e3o de novas tecnologias podem aumentar a efici\u00eancia das aplica\u00e7\u00f5es<\/td>\n<\/tr>\n<tr style=\"height: 2px;\">\n<td style=\"width: 111.047px; height: 39px; text-align: left;\" data-sheets-value=\"{&quot;1&quot;:2,&quot;2&quot;:&quot;20h&quot;}\"><\/td>\n<td style=\"width: 692.938px; height: 39px; text-align: left;\" data-sheets-value=\"{&quot;1&quot;:2,&quot;2&quot;:&quot;Par\u00e2metros t\u00e9cnicos para aplica\u00e7\u00e3o de combate a inc\u00eandios&quot;}\">Par\u00e2metros t\u00e9cnicos para aplica\u00e7\u00e3o de combate a inc\u00eandios<\/td>\n<\/tr>\n<tr style=\"height: 2px;\">\n<td style=\"width: 111.047px; height: 39px; text-align: left;\" data-sheets-value=\"{&quot;1&quot;:2,&quot;2&quot;:&quot;20h e 30min&quot;}\"><\/td>\n<td style=\"width: 692.938px; height: 39px; text-align: left;\" data-sheets-value=\"{&quot;1&quot;:2,&quot;2&quot;:&quot;Como os adjuvantes podem ajudar na aplica\u00e7\u00e3o a\u00e9rea?&quot;}\">Como os adjuvantes podem ajudar na aplica\u00e7\u00e3o a\u00e9rea?<\/td>\n<\/tr>\n<tr style=\"height: 2px;\">\n<td style=\"width: 111.047px; height: 39px; text-align: left;\" data-sheets-value=\"{&quot;1&quot;:2,&quot;2&quot;:&quot;21h-22h&quot;}\"><\/td>\n<td style=\"width: 692.938px; height: 39px; text-align: left;\" data-sheets-value=\"{&quot;1&quot;:2,&quot;2&quot;:&quot;Super Debate do Primeiro Dia&quot;}\">Super Debate do Primeiro Dia<\/td>\n<\/tr>\n<tr style=\"height: 2px;\">\n<td style=\"background-color: #599163; width: 803.984px; height: 39px; text-align: center;\" colspan=\"2\" data-sheets-value=\"{&quot;1&quot;:2,&quot;2&quot;:&quot;09 de novembro de 2022&quot;}\"><span style=\"font-size: 14pt;\"><strong><span style=\"color: #ffffff;\">A Maratona de Tecnologia foi dias 8, 9 e 10 de novembro de 2022<\/span><\/strong><\/span><\/td>\n<\/tr>\n<tr style=\"height: 2px;\">\n<td style=\"width: 111.047px; height: 39px; text-align: left;\" data-sheets-value=\"{&quot;1&quot;:2,&quot;2&quot;:&quot;16h&quot;}\"><\/td>\n<td style=\"width: 692.938px; height: 39px; text-align: left;\" data-sheets-value=\"{&quot;1&quot;:2,&quot;2&quot;:&quot;M\u00e1xima efici\u00eancia da aplica\u00e7\u00e3o com helic\u00f3pteros&quot;}\">Aplica\u00e7\u00e3o com Helic\u00f3ptero<\/td>\n<\/tr>\n<tr style=\"height: 2px;\">\n<td style=\"width: 111.047px; height: 39px; text-align: left;\" data-sheets-value=\"{&quot;1&quot;:2,&quot;2&quot;:&quot;16h e 30min&quot;}\"><\/td>\n<td style=\"width: 692.938px; height: 39px; text-align: left;\" data-sheets-value=\"{&quot;1&quot;:2,&quot;2&quot;:&quot;T\u00e9cnicas para redu\u00e7\u00e3o da deriva&quot;}\">Pulveriza\u00e7\u00e3o a\u00e9rea eletrost\u00e1tica<\/td>\n<\/tr>\n<tr style=\"height: 2px;\">\n<td style=\"width: 111.047px; height: 39px; text-align: left;\" data-sheets-value=\"{&quot;1&quot;:2,&quot;2&quot;:&quot;17h&quot;}\"><\/td>\n<td style=\"width: 692.938px; height: 39px; text-align: left;\" data-sheets-value=\"{&quot;1&quot;:2,&quot;2&quot;:&quot;Impactos da forma\u00e7\u00e3o da gota nas aplica\u00e7\u00f5es&quot;}\">Impactos da forma\u00e7\u00e3o da gota nas aplica\u00e7\u00f5es<\/td>\n<\/tr>\n<tr style=\"height: 2px;\">\n<td style=\"width: 111.047px; height: 41px; text-align: left;\" data-sheets-value=\"{&quot;1&quot;:2,&quot;2&quot;:&quot;17h e 30min&quot;}\"><\/td>\n<td style=\"width: 692.938px; height: 41px; text-align: left;\" data-sheets-value=\"{&quot;1&quot;:2,&quot;2&quot;:&quot;Os benef\u00edcios do Baixo Volume Oleoso BVO e Ultra Baixo Volume UBV nas Aplica\u00e7\u00f5es A\u00e9reas&quot;}\" data-sheets-numberformat=\"{&quot;1&quot;:4,&quot;2&quot;:&quot;[$R$ -416]#,##0.00&quot;}\">Os benef\u00edcios do Baixo Volume Oleoso BVO e Ultra Baixo Volume UBV nas Aplica\u00e7\u00f5es A\u00e9reas<\/td>\n<\/tr>\n<tr style=\"height: 2px;\">\n<td style=\"width: 111.047px; height: 39px; text-align: left;\" data-sheets-value=\"{&quot;1&quot;:2,&quot;2&quot;:&quot;18h&quot;}\"><\/td>\n<td style=\"width: 692.938px; height: 39px; text-align: left;\" data-sheets-value=\"{&quot;1&quot;:2,&quot;2&quot;:&quot;Resultados pr\u00e1ticos da aplica\u00e7\u00e3o com drones&quot;}\">Resultados pr\u00e1ticos da aplica\u00e7\u00e3o com drones<\/td>\n<\/tr>\n<tr style=\"height: 2px;\">\n<td style=\"width: 111.047px; height: 39px; text-align: left;\" data-sheets-value=\"{&quot;1&quot;:2,&quot;2&quot;:&quot;18h e 30min&quot;}\"><\/td>\n<td style=\"width: 692.938px; height: 39px; text-align: left;\" data-sheets-value=\"{&quot;1&quot;:2,&quot;2&quot;:&quot;O que \u00e9 melhor: drone ou avi\u00e3o?&quot;}\">O que \u00e9 melhor: drone ou avi\u00e3o?<\/td>\n<\/tr>\n<tr style=\"height: 2px;\">\n<td style=\"width: 111.047px; height: 39px; text-align: left;\" data-sheets-value=\"{&quot;1&quot;:2,&quot;2&quot;:&quot;19h&quot;}\"><\/td>\n<td style=\"width: 692.938px; height: 39px; text-align: left;\" data-sheets-value=\"{&quot;1&quot;:2,&quot;2&quot;:&quot;Fatores que interferem na cobertura e deposi\u00e7\u00e3o das gotas&quot;}\">Fatores que interferem na cobertura e deposi\u00e7\u00e3o das gotas<\/td>\n<\/tr>\n<tr style=\"height: 2px;\">\n<td style=\"width: 111.047px; height: 39px; text-align: left;\" data-sheets-value=\"{&quot;1&quot;:2,&quot;2&quot;:&quot;19h e 30min&quot;}\"><\/td>\n<td style=\"width: 692.938px; height: 39px; text-align: left;\" data-sheets-value=\"{&quot;1&quot;:2,&quot;2&quot;:&quot;O que \u00e9 melhor: alto ou vaixo volume&quot;}\">O que \u00e9 melhor: alto ou baixo volume<\/td>\n<\/tr>\n<tr style=\"height: 2px;\">\n<td style=\"width: 111.047px; height: 39px; text-align: left;\" data-sheets-value=\"{&quot;1&quot;:2,&quot;2&quot;:&quot;20h&quot;}\"><\/td>\n<td style=\"width: 692.938px; height: 39px; text-align: left;\" data-sheets-value=\"{&quot;1&quot;:2,&quot;2&quot;:&quot;Aplica\u00e7\u00e3o de herbicidas com drones&quot;}\">O uso de drones em grandes \u00e1reas<\/td>\n<\/tr>\n<tr style=\"height: 2px;\">\n<td style=\"width: 111.047px; height: 39px; text-align: left;\" data-sheets-value=\"{&quot;1&quot;:2,&quot;2&quot;:&quot;20h e 30min&quot;}\"><\/td>\n<td style=\"width: 692.938px; height: 39px; text-align: left;\" data-sheets-value=\"{&quot;1&quot;:2,&quot;2&quot;:&quot;Os segredos para combater insetos atrav\u00e9s da aplica\u00e7\u00e3o a\u00e9rea&quot;}\">Os segredos para combater insetos atrav\u00e9s da aplica\u00e7\u00e3o a\u00e9rea<\/td>\n<\/tr>\n<tr style=\"height: 2px;\">\n<td style=\"width: 111.047px; height: 39px; text-align: left;\" data-sheets-value=\"{&quot;1&quot;:2,&quot;2&quot;:&quot;21h-22h&quot;}\"><\/td>\n<td style=\"width: 692.938px; height: 39px; text-align: left;\" data-sheets-value=\"{&quot;1&quot;:2,&quot;2&quot;:&quot;Super Debate do Segundo Dia&quot;}\">Super Debate do Segundo Dia<\/td>\n<\/tr>\n<tr style=\"height: 2px;\">\n<td style=\"background-color: #599163; width: 803.984px; height: 39px; text-align: center;\" colspan=\"2\" data-sheets-value=\"{&quot;1&quot;:2,&quot;2&quot;:&quot;10 de novembro de 2022&quot;}\"><span style=\"color: #ffffff; font-size: 14pt;\"><strong>Totalmente online<\/strong><\/span><\/td>\n<\/tr>\n<tr style=\"height: 2px;\">\n<td style=\"width: 111.047px; height: 39px; text-align: left;\" data-sheets-value=\"{&quot;1&quot;:2,&quot;2&quot;:&quot;16h&quot;}\"><\/td>\n<td style=\"width: 692.938px; height: 39px; text-align: left;\" data-sheets-value=\"{&quot;1&quot;:2,&quot;2&quot;:&quot;Como melhorar o desempenho das aplica\u00e7\u00f5es a\u00e9reas&quot;}\">Sustentabilidade e Biol\u00f3gicos<\/td>\n<\/tr>\n<tr style=\"height: 2px;\">\n<td style=\"width: 111.047px; height: 39px; text-align: left;\" data-sheets-value=\"{&quot;1&quot;:2,&quot;2&quot;:&quot;16h e 30min&quot;}\"><\/td>\n<td style=\"width: 692.938px; height: 39px; text-align: left;\" data-sheets-value=\"{&quot;1&quot;:2,&quot;2&quot;:&quot;Obtendo m\u00e1ximo rendimento na aplica\u00e7\u00e3o com drones&quot;}\">Vantagem do uso de flux\u00f4metro<\/td>\n<\/tr>\n<tr style=\"height: 2px;\">\n<td style=\"width: 111.047px; height: 39px; text-align: left;\" data-sheets-value=\"{&quot;1&quot;:2,&quot;2&quot;:&quot;17h&quot;}\"><\/td>\n<td style=\"width: 692.938px; height: 39px; text-align: left;\" data-sheets-value=\"{&quot;1&quot;:2,&quot;2&quot;:&quot;Como obter o m\u00e1ximo rendimento nas aplica\u00e7\u00f5es \u00e1reas&quot;}\">Como obter o m\u00e1ximo rendimento nas aplica\u00e7\u00f5es \u00e1reas<\/td>\n<\/tr>\n<tr style=\"height: 2px;\">\n<td style=\"width: 111.047px; height: 39px; text-align: left;\" data-sheets-value=\"{&quot;1&quot;:2,&quot;2&quot;:&quot;17h e 30min&quot;}\"><\/td>\n<td style=\"width: 692.938px; height: 39px; text-align: left;\" data-sheets-value=\"{&quot;1&quot;:2,&quot;2&quot;:&quot;Efici\u00eancia de aplica\u00e7\u00f5es com eletrost\u00e1tico&quot;}\">Otimizando aplica\u00e7\u00e3o a\u00e9rea com o uso de adjuvantes<\/td>\n<\/tr>\n<tr style=\"height: 2px;\">\n<td style=\"width: 111.047px; height: 39px; text-align: left;\" data-sheets-value=\"{&quot;1&quot;:2,&quot;2&quot;:&quot;18h&quot;}\"><\/td>\n<td style=\"width: 692.938px; height: 39px; text-align: left;\" data-sheets-value=\"{&quot;1&quot;:2,&quot;2&quot;:&quot;O impacto das condi\u00e7\u00f5es ambientais para uma boa aplica\u00e7\u00e3o&quot;}\">Produtividade e sustentabilidade n\u00e3o precisam ser opostos<\/td>\n<\/tr>\n<tr style=\"height: 2px;\">\n<td style=\"width: 111.047px; height: 39px; text-align: left;\" data-sheets-value=\"{&quot;1&quot;:2,&quot;2&quot;:&quot;18h e 30min&quot;}\"><\/td>\n<td style=\"width: 692.938px; height: 39px; text-align: left;\" data-sheets-value=\"{&quot;1&quot;:2,&quot;2&quot;:&quot;Avan\u00e7os tecnol\u00f3gicos da aplica\u00e7\u00e3o com drones&quot;}\">Avan\u00e7os tecnol\u00f3gicos da aplica\u00e7\u00e3o com drones<\/td>\n<\/tr>\n<tr style=\"height: 2px;\">\n<td style=\"width: 111.047px; height: 39px; text-align: left;\" data-sheets-value=\"{&quot;1&quot;:2,&quot;2&quot;:&quot;19h&quot;}\"><\/td>\n<td style=\"width: 692.938px; height: 39px; text-align: left;\" data-sheets-value=\"{&quot;1&quot;:2,&quot;2&quot;:&quot;Misturas em tanques de pulveriza\u00e7\u00e3o&quot;}\">Misturas em tanques de pulveriza\u00e7\u00e3o<\/td>\n<\/tr>\n<tr style=\"height: 2px;\">\n<td style=\"width: 111.047px; height: 39px; text-align: left;\" data-sheets-value=\"{&quot;1&quot;:2,&quot;2&quot;:&quot;19h e 30min&quot;}\"><\/td>\n<td style=\"width: 692.938px; height: 39px; text-align: left;\" data-sheets-value=\"{&quot;1&quot;:2,&quot;2&quot;:&quot;M\u00e9todos e t\u00e9cnicas para avalia\u00e7\u00e3o da qualidade de aplica\u00e7\u00f5es a\u00e9reas&quot;}\">M\u00e9todos e t\u00e9cnicas para avalia\u00e7\u00e3o da qualidade de aplica\u00e7\u00f5es a\u00e9reas<\/td>\n<\/tr>\n<tr style=\"height: 2px;\">\n<td style=\"width: 111.047px; height: 39px; text-align: left;\" data-sheets-value=\"{&quot;1&quot;:2,&quot;2&quot;:&quot;20h&quot;}\"><\/td>\n<td style=\"width: 692.938px; height: 39px; text-align: left;\" data-sheets-value=\"{&quot;1&quot;:2,&quot;2&quot;:&quot;A evolu\u00e7\u00e3o da t\u00e9cnica da aplica\u00e7\u00e3o a\u00e9rea ao longo das \u00faltimas d\u00e9cadas&quot;}\">Drone pulverizador: aplica\u00e7\u00e3o a\u00e9rea ao alcance de todos<\/td>\n<\/tr>\n<tr style=\"height: 2px;\">\n<td style=\"width: 111.047px; height: 39px; text-align: left;\" data-sheets-value=\"{&quot;1&quot;:2,&quot;2&quot;:&quot;20h e 30min&quot;}\"><\/td>\n<td style=\"width: 692.938px; height: 39px; text-align: left;\" data-sheets-value=\"{&quot;1&quot;:2,&quot;2&quot;:&quot;Como escolher a melhor ponta de pulveriza\u00e7\u00e3o&quot;}\">Como escolher a melhor ponta de pulveriza\u00e7\u00e3o<\/td>\n<\/tr>\n<tr style=\"height: 2px;\">\n<td style=\"width: 111.047px; height: 39px; text-align: left;\" data-sheets-value=\"{&quot;1&quot;:2,&quot;2&quot;:&quot;21h-22h&quot;}\"><\/td>\n<td style=\"width: 692.938px; height: 39px; text-align: left;\" data-sheets-value=\"{&quot;1&quot;:2,&quot;2&quot;:&quot;Super Debate do Terceiro Dia&quot;}\">Super Debate do Terceiro Dia<\/td>\n<\/tr>\n<\/tbody>\n<\/table>\n<pre style=\"text-align: center;\"><span style=\"font-size: 14pt;\"><a href=\"https:\/\/drive.google.com\/file\/d\/1ppEVdxL7yzdOJ36rrSdUaqZjQC5W8yz6\/view?usp=sharing\"><span style=\"color: #ffffff;\"><span style=\"font-family: tahoma, arial, helvetica, sans-serif;\"><strong>Veja aqui o relat\u00f3rio da II Academia de Tecnologia - 2021<\/strong><\/span>\r\n<\/span><\/a><\/span><\/pre>\n<pre style=\"text-align: center;\"><span style=\"font-size: 14pt; font-family: tahoma, arial, helvetica, sans-serif;\"><strong>Programa\u00e7\u00e3o e alunos formados na I Academia 2020<\/strong><\/span><\/pre>\n<pre style=\"text-align: center;\"><strong style=\"font-family: tahoma, arial, helvetica, sans-serif; font-size: 14pt; background-color: #323944; color: #f8f9fa; white-space: pre-wrap;\"><span style=\"color: #ffffff;\"><a style=\"color: #ffffff;\" href=\"https:\/\/drive.google.com\/file\/d\/1KzOMa7oPkA13uZmLvqRXDGhhOBx54Mrk\/view?usp=sharing\">Relat\u00f3rio da I Academia de Tecnologia de Aplica\u00e7\u00e3o A\u00e9rea 2020<\/a><\/span><\/strong><\/pre>\n","protected":false},"excerpt":{"rendered":"<p>AIS DE 350 ALUNOS NAS TR\u00caS EDI\u00c7\u00d5ES A Academia Brasileira de Tecnologia de Aplica\u00e7\u00e3o A\u00e9rea tem como objetivo atualizar, aperfei\u00e7oar e capacitar profissionais sobre as melhores pr\u00e1ticas para a pulveriza\u00e7\u00e3o a\u00e9rea, discutindo a evolu\u00e7\u00e3o da tecnologia, formas de otimizar os resultados, dentro dos padr\u00f5es globais de sustentabilidade econ\u00f4mica, social e ambiental.\u00a0 P\u00fablico Alvo: Engenheiros Agr\u00f4nomos,&#8230;  <a class=\"excerpt-read-more\" href=\"https:\/\/sindag.org.br\/site-antigo\/academia-brasileira-de-tecnologia-de-aplicacao-aerea\/\" title=\"Read Academia Brasileira de Tecnologia de Aplica\u00e7\u00e3o A\u00e9rea\">Leia mais &raquo;<\/a><\/p>\n","protected":false},"author":5,"featured_media":0,"parent":0,"menu_order":0,"comment_status":"closed","ping_status":"closed","template":"","meta":{"_monsterinsights_skip_tracking":false,"_monsterinsights_sitenote_active":false,"_monsterinsights_sitenote_note":"","_monsterinsights_sitenote_category":0,"footnotes":"","_links_to":"","_links_to_target":""},"class_list":["post-2909","page","type-page","status-publish","hentry"],"_links":{"self":[{"href":"https:\/\/sindag.org.br\/site-antigo\/wp-json\/wp\/v2\/pages\/2909","targetHints":{"allow":["GET"]}}],"collection":[{"href":"https:\/\/sindag.org.br\/site-antigo\/wp-json\/wp\/v2\/pages"}],"about":[{"href":"https:\/\/sindag.org.br\/site-antigo\/wp-json\/wp\/v2\/types\/page"}],"author":[{"embeddable":true,"href":"https:\/\/sindag.org.br\/site-antigo\/wp-json\/wp\/v2\/users\/5"}],"replies":[{"embeddable":true,"href":"https:\/\/sindag.org.br\/site-antigo\/wp-json\/wp\/v2\/comments?post=2909"}],"version-history":[{"count":0,"href":"https:\/\/sindag.org.br\/site-antigo\/wp-json\/wp\/v2\/pages\/2909\/revisions"}],"wp:attachment":[{"href":"https:\/\/sindag.org.br\/site-antigo\/wp-json\/wp\/v2\/media?parent=2909"}],"curies":[{"name":"wp","href":"https:\/\/api.w.org\/{rel}","templated":true}]}}