{"id":4084,"date":"2021-03-23T08:59:54","date_gmt":"2021-03-23T11:59:54","guid":{"rendered":"https:\/\/sindag.org.br\/site-antigo\/?page_id=4084"},"modified":"2021-05-05T09:31:52","modified_gmt":"2021-05-05T12:31:52","slug":"formacao-dos-custos-aeroagricolas","status":"publish","type":"page","link":"https:\/\/sindag.org.br\/site-antigo\/formacao-dos-custos-aeroagricolas\/","title":{"rendered":"FORMA\u00c7\u00c3O DOS CUSTOS AEROAGR\u00cdCOLAS"},"content":{"rendered":"<pre class=\"title style-scope ytd-video-primary-info-renderer\" style=\"text-align: center;\"><span style=\"font-size: 14pt; color: #ffffff;\"><strong>PALESTRA - FORMA\u00c7\u00c3O DOS CUSTOS AEROAGR\u00cdCOLAS\r\n<\/strong><\/span><\/pre>\n<p style=\"text-align: center;\"><iframe loading=\"lazy\" src=\"\/\/www.youtube.com\/embed\/0hqCtO2ZHnU\" width=\"560\" height=\"314\" allowfullscreen=\"allowfullscreen\"><\/iframe><\/p>\n<p>&nbsp;<\/p>\n<pre><strong><span style=\"font-size: 14pt; color: #ffffff;\">Como voc\u00ea formula o pre\u00e7o do seu servi\u00e7o?<\/span><\/strong><\/pre>\n<div id=\"content\">\n<div id=\"inner-content\" class=\"wrap cf\">\n<article id=\"post-2829\" class=\"cf post-2829 colunas_sindag type-colunas_sindag status-publish hentry colunistas-cristian-rogerio-foguesatto generos-gestao-empresarial\" role=\"article\">\n<section class=\"entry-content cf\">\n<section class=\"content-single-colunas wrap\">\n<div class=\"content-content-colunas\">\n<p>Um importante e recorrente debate que acontece nas conversas de empres\u00e1rios da avia\u00e7\u00e3o agr\u00edcola \u00e9 sobre o valor do pre\u00e7o a ser cobrado por hectare na pulveriza\u00e7\u00e3o agr\u00edcola. Esse tema \u00e9 relevante porque uma inadequada forma\u00e7\u00e3o de pre\u00e7os afeta n\u00e3o apenas a empresa que cometeu tal \u201cequ\u00edvoco\u201d, mas tamb\u00e9m empres\u00e1rios de toda uma regi\u00e3o. O empres\u00e1rio, que por ventura prop\u00f5em um pre\u00e7o bem abaixo da m\u00e9dia do mercado, por estar, por exemplo, precisando desesperadamente de entradas no seu caixa, causa um impacto negativo na remunera\u00e7\u00e3o dos seus concorrentes, que em muitos casos, tamb\u00e9m ter\u00e3o que baixar o valor dos seus servi\u00e7os.<\/p>\n<p>Dada essa situa\u00e7\u00e3o, e em conversas que venho tendo com empres\u00e1rios e pilotos, aponto quatro formas que v\u00eam sendo utilizadas para a forma\u00e7\u00e3o do pre\u00e7o da pulveriza\u00e7\u00e3o aero agr\u00edcola:<\/p>\n<p><strong>1. An\u00e1lise dos custos do neg\u00f3cio:<\/strong><br \/>\nnesse tipo de forma\u00e7\u00e3o do pre\u00e7o, o empres\u00e1rio foca quase que exclusivamente nos custos do seu neg\u00f3cio, estipulando uma margem de lucro. Nesse caso, ele corre o risco de ofertar um pre\u00e7o muito acima do praticado na regi\u00e3o, ou um pre\u00e7o bem abaixo, caso a sua empresa tenha poder de escala na compra dos insumos (diesel, gasolina, querosene, entre outros).<\/p>\n<p><strong>2. An\u00e1lise do mercado:<\/strong><br \/>\nnesse caso, o empres\u00e1rio usa o pre\u00e7o dos concorrentes como par\u00e2metro para estipular o seu pre\u00e7o. Esse tipo de estrat\u00e9gia pode ser arriscada, visto que, em um mercado competitivo e com margens \u201capertadas\u201d de lucro, o empres\u00e1rio pode estar trabalhando sempre no preju\u00edzo.<\/p>\n<p><strong>3. No \u201cchut\u00f4metro\u201d:<\/strong><br \/>\nquem forma o pre\u00e7o usando essa estrat\u00e9gia (se \u00e9 que se pode chamar de estrat\u00e9gia) n\u00e3o sabe com um n\u00edvel de detalhe adequado o seu custo e estipula um pre\u00e7o por hectare \u201cno chute\u201d, muitas vezes, n\u00e3o considerando a infla\u00e7\u00e3o dos insumos produtivos do seu neg\u00f3cio. \u00c9 de longe a pior estrat\u00e9gia.<\/p>\n<p><strong>4. An\u00e1lise sist\u00eamica:<\/strong><br \/>\no pre\u00e7o \u00e9 formado levando em considera\u00e7\u00e3o diversos fatores, como a sa\u00fade financeira do neg\u00f3cio, seus custos por hectare, por cliente e por talh\u00e3o, por exemplo, e, analisando tamb\u00e9m o pre\u00e7o da regi\u00e3o em que presta os servi\u00e7os. Essa estrat\u00e9gia \u00e9 a mais eficiente e a mais trabalhosa.<\/p>\n<p>\u00c9 por meio da an\u00e1lise sist\u00eamica (an\u00e1lise do todo) que se pode com maior precis\u00e3o, estabelecer um pre\u00e7o adequado. Usando esse tipo de abordagem para a forma\u00e7\u00e3o dos pre\u00e7os, o empres\u00e1rio tamb\u00e9m poder\u00e1 realizar com maior assertividade seu planejamento no curto e longo prazo, elaborando cen\u00e1rios de aumento\/redu\u00e7\u00e3o nos seus custos simultaneamente com a an\u00e1lise de vari\u00e1veis macroecon\u00f4micas.<\/p>\n<\/div>\n<\/section>\n<\/section>\n<\/article>\n<\/div>\n<\/div>\n<p>&nbsp;<\/p>\n<pre><strong><span style=\"font-size: 14pt;\">QUAL A IMPORT\u00c2NCIA DA GEST\u00c3O FINANCEIRA?<\/span><\/strong><\/pre>\n<p style=\"text-align: center;\"><iframe loading=\"lazy\" src=\"\/\/www.youtube.com\/embed\/vmJgW2KsDB4 \" width=\"560\" height=\"314\" allowfullscreen=\"allowfullscreen\"><\/iframe><\/p>\n<p>Assim como em qualquer outra atividade, a realiza\u00e7\u00e3o da gest\u00e3o financeira de forma eficiente \u00e9 um importante pilar para o sucesso dos neg\u00f3cios. No setor da avia\u00e7\u00e3o agr\u00edcola essa situa\u00e7\u00e3o n\u00e3o \u00e9 diferente! E para ser eficiente nesse tipo de gest\u00e3o, n\u00e3o \u00e9 necess\u00e1rio ser um especialistas em matem\u00e1tica, estat\u00edstica ou contabilidade. Muito menos ter um software complexo, repleto de indicadores dif\u00edceis de entender. Longe disso! <strong>O que realmente \u00e9 necess\u00e1rio \u00e9 ter rotina<\/strong>, criar o h\u00e1bito de regularmente anotar os custos, as receitas, entre outros indicadores financeiros da atividade.<\/p>\n<p>Com a mensura\u00e7\u00e3o e entendimento dos custos e das receitas, o empres\u00e1rio poder\u00e1 iniciar a elabora\u00e7\u00e3o de estrat\u00e9gias para \u201c<strong>ter dinheiro em caixa<\/strong>\u201d nos per\u00edodos de entressafra (aquelas onde h\u00e1 baixo volume de presta\u00e7\u00e3o de servi\u00e7o). Assim, poder\u00e1 aproveitar oportunidades de neg\u00f3cio, cumprir com suas obriga\u00e7\u00f5es financeiras, n\u00e3o recorrer a empr\u00e9stimos com altas taxas de juros e, organizar a pr\u00f3xima safra com um pre\u00e7o a ser cobrado por hectare que esteja de acordo com a sua realidade e com a realidade da regi\u00e3o onde atua.<\/p>\n<p>Um dos grandes problemas enfrentados pelo setor \u00e9 justamente a forma\u00e7\u00e3o dos pre\u00e7os feita de forma inadequada (geralmente com valores bem abaixo da m\u00e9dia do mercado). Esse tipo de conduta prejudica o setor de forma geral, afetando o rendimento financeiro de v\u00e1rias empresas aero agr\u00edcolas, visto que elas tamb\u00e9m ter\u00e3o que baixar o pre\u00e7o para \u201cmanterem-se competitivas\u201d. Muitas vezes, o empres\u00e1rio que \u201c<strong>leva o pre\u00e7o l\u00e1 para baixo<\/strong>\u201d \u00e9 aquele que \u201c<strong>falhou<\/strong>\u201d na gest\u00e3o financeira e precisa a todo o custo prestar seus servi\u00e7os em virtude de estar \u201c<strong>estrangulado de contas para pagar<\/strong>\u201d. Isso tudo poderia ter sido evitado, se um fluxo de caixa tivesse sido feito no passado.<\/p>\n<p>Quantos hectares a mais essa empresa que baixou o pre\u00e7o ter\u00e1 que voar a mais para obter a mesma receita, caso n\u00e3o tivesse baixado o pre\u00e7o por hectare? Quantos hectares a mais todas as empresas de avia\u00e7\u00e3o agr\u00edcola ter\u00e3o que pulverizar a mais, dado que tamb\u00e9m baixaram seus pre\u00e7os?<\/p>\n<p>Este \u00e9 apenas um dos problemas que pode ser resolvido ou no m\u00ednimo minimizado, por meio de uma adequada gest\u00e3o financeira! Por meio desse tipo de gest\u00e3o, tamb\u00e9m poder\u00e3o ser feitas an\u00e1lises de investimentos para a decis\u00e3o sobre comprar ou n\u00e3o um novo bem, calcular taxas de juros compostos, analisar os principais custos para a forma\u00e7\u00e3o de pre\u00e7os e muito mais. Ao longo das pr\u00f3ximas semanas, v\u00e1rias dessas quest\u00f5es ser\u00e3o descritas e postadas aqui no site do SINDAG.<\/p>\n<pre><strong><span style=\"font-size: 14pt;\">PESQUISA NACIONAL SOBRE FORMA\u00c7\u00c3O DOS CUSTOS AEROAGR\u00cdCOLAS<\/span><\/strong><\/pre>\n<p>Fa\u00e7a o download do arquivo com todas as informa\u00e7\u00f5es sobre a pesquisa de custos Aeroagr\u00edcolas!!!<\/p>\n<a href=\"https:\/\/sindag.org.br\/site-antigo\/wp-content\/uploads\/2021\/03\/Projeto-Forma%C3%A7%C3%A3o-dos-Custos-na-Avia%C3%A7%C3%A3o-Agr%C3%ADcola.pdf\"><img loading=\"lazy\" decoding=\"async\" class=\"size-full wp-image-4091 aligncenter\" src=\"https:\/\/sindag.org.br\/site-antigo\/wp-content\/uploads\/2021\/03\/capa_forma\u00e7\u00e3o.png\" alt=\"\" width=\"391\" height=\"541\" \/><\/a>\n<p>&nbsp;<\/p>\n<pre><strong><span style=\"font-size: 14pt;\">MEU CONCORRENTE BAIXOU DE PRE\u00c7O, O QUE DEVO FAZER?<\/span><\/strong><\/pre>\n<div class=\"content-content-colunas\">\n<p><strong>Algumas estrat\u00e9gias para contribuir.<br \/>\n<\/strong><\/p>\n<p><strong>\u00a0<\/strong><strong>Em meio a esta pandemia resolvi escrever sobre o tema, motivado pela minha forma\u00e7\u00e3o na \u00e1rea, e pelo desequil\u00edbrio do mercado brasileiro, come\u00e7ando pelo desafio de conviver em um mercado agressivo e as vezes injusto para algumas pessoas.<\/strong><\/p>\n<p>Come\u00e7o afirmando que pre\u00e7o \u00e9 um fator determinante no neg\u00f3cio. Em marketing estudamos que o pre\u00e7o qualifica o produto ou o servi\u00e7o prestado e principalmente deixa \u00e0 mostra a realidade do neg\u00f3cio. Atrav\u00e9s do pre\u00e7o podemos ter diversas hip\u00f3teses como:<\/p>\n<p>\u201caquela empresa est\u00e1 quebrando, praticando estes pre\u00e7os abaixo do mercado\u201d<\/p>\n<p>ou<\/p>\n<p>\u201c aquela empresa est\u00e1 roubando dos clientes a muito tempo com estes pre\u00e7os altos fora do padr\u00e3o de mercado\u201d.<\/p>\n<p>Pre\u00e7o nunca foi brincadeira! N\u00e3o adianta possuir uma \u00f3tima \u00e1rea comercial fechando in\u00fameros pedidos, atingindo metas maravilhosas, mas o neg\u00f3cio perdendo sua sustenta\u00e7\u00e3o por falta de lucratividade em cada venda. Por isso afirmo, pre\u00e7o se constr\u00f3i com cuidados, pois ele pode destruir ou levar a empresa a grandes patamares.<\/p>\n<p><strong>\u00a0<\/strong><\/p>\n<p><strong>Forma\u00e7\u00e3o do pre\u00e7o de venda<\/strong><\/p>\n<p>De forma r\u00e1pida, o pre\u00e7o \u00e9 formado por custos + despesas + lucro, e dentro de cada item existem IN\u00daMERAS vari\u00e1veis a serem estudadas e se alguma ficar de fora o neg\u00f3cio n\u00e3o ser\u00e1 sustent\u00e1vel! O desmembramento da forma\u00e7\u00e3o do pre\u00e7o n\u00e3o \u00e9 objeto deste artigo, mas conv\u00e9m convidar os leitores a buscar informa\u00e7\u00e3o sobre esse tema, pois ele \u00e9 FUNDAMENTAL para qualquer neg\u00f3cio. O que quero chamar a aten\u00e7\u00e3o s\u00e3o para duas vari\u00e1veis sendo elas: o pre\u00e7o t\u00e9cnico (\u00c1rea financeira), que vimos a pouco e o pre\u00e7o de mercado (\u00c1rea de Marketing), que os clientes est\u00e3o pagando ou desejam pagar. O pre\u00e7o ideal est\u00e1 no centro destes dois fatores e para isso, o gestor deve se ater.<\/p>\n<p><strong>\u00a0<\/strong><\/p>\n<p><strong>Problemas de mercado<\/strong><\/p>\n<p>Quando uma empresa resolve baixar seus pre\u00e7os, ela deve estar ciente que toda a cadeia sofrer\u00e1 consequ\u00eancias justamente porque a segunda vari\u00e1vel \u2013 pre\u00e7o de mercado \u2013 \u00e9 alterada! Ao mesmo tempo os concorrentes devem ter claro em mente que a prote\u00e7\u00e3o do seu neg\u00f3cio depende da sua gest\u00e3o de custos, sabendo claramente seus limites e principalmente, sabendo que a negocia\u00e7\u00e3o vai determinar o neg\u00f3cio. Lembrando que dono \u00e9 diferente de ser gestor! A mentalidade deve ser \u2013 sou mais um funcion\u00e1rio deste grande neg\u00f3cio chamado empresa. O meu trabalho como gestor deve agregar valor \u00e0 empresa. O meu pr\u00f3-labore deve retornar a empresa em forma de servi\u00e7o de gest\u00e3o prestado com efic\u00e1cia!<\/p>\n<p>Nunca foi f\u00e1cil lidar com negocia\u00e7\u00e3o!\u00a0 Lembro de quando fui contratado para fechar um neg\u00f3cio com uma grande empresa de moda. Nos preparamos muito para aquele momento, mas quando chegamos, nos deparamos com a estagi\u00e1ria de compras. Quer dizer, temos uma prepara\u00e7\u00e3o violenta para o momento, e quem comanda as compras, n\u00e3o nos deu cr\u00e9dito. Conversamos com a mo\u00e7a, com toda a aten\u00e7\u00e3o devida e no final ela chamou a compradora s\u00eanior. Pelo nosso atendimento e aten\u00e7\u00e3o a estagi\u00e1ria, conseguimos entrar na negocia\u00e7\u00e3o entre tr\u00eas fornecedores. Nosso pre\u00e7o era o mais alto. Lembro que a estrat\u00e9gia que nos fez ganhar foi um servi\u00e7o que oferecemos al\u00e9m dos nossos produtos. Prometemos que ir\u00edamos ministrar um curso sobre forma de aplica\u00e7\u00e3o ideal dos nossos produtos. Enviamos um engenheiro que ministrou uma palestra de 2 horas que nos deu um pedido de 1.5 milh\u00f5es de reais.<\/p>\n<p>Concorr\u00eancia sempre teremos, ilegais ou imorais, mas sempre teremos. Nossa diferen\u00e7a est\u00e1 na decis\u00e3o que iremos tomar. Encaramos ou desistimos. Nunca foi f\u00e1cil, mas para aqueles que querem a jornada do empreendedorismo, devem estar cientes que este caminho \u00e9 sem volta, e sempre teremos que encarar.<\/p>\n<p>Primeiro vamos separar o que \u00e9 ilegal do que \u00e9 imoral!<\/p>\n<p><strong>ILEGAL<\/strong><br \/>\nSe o concorrente estiver na ilegalidade \u00e9 caso de fiscaliza\u00e7\u00e3o ou pol\u00edcia. O que podemos fazer \u00e9 denunciar para o \u00f3rg\u00e3o de fiscaliza\u00e7\u00e3o, para que ele fa\u00e7a o seu trabalho de investiga\u00e7\u00e3o e puni\u00e7\u00e3o se for o caso.<\/p>\n<p><strong>IMORAL<\/strong><\/p>\n<p>Sobre a imoralidade temos muito a fazer, pois hoje em dia, diversos concorrentes est\u00e3o agindo com muita imoralidade, na busca pelo fechamento desenfreado de um neg\u00f3cio. Desde mentindo sobre qualidade dos concorrentes at\u00e9 a entrega dos produtos e servi\u00e7os de forma errada. O problema \u00e9 que at\u00e9 a verdade ser aberta, perderemos os clientes por um tempo.<\/p>\n<p><strong>Por que o concorrente est\u00e1 agindo assim?<\/strong><\/p>\n<h3><strong>1) Est\u00e1 sem caixa:<\/strong><\/h3>\n<p>Neste caso ele pode estar precisando muito de dinheiro! As contas est\u00e3o batendo na sua porta e ele est\u00e1 desesperado para cumprir seus compromissos.<\/p>\n<p><strong>O que fazer?<\/strong><\/p>\n<p>Neste caso, voc\u00ea pode alertar seu cliente que seu produto ou servi\u00e7o n\u00e3o corre risco de perda de fornecimento, praticando um pre\u00e7o justo aos seus olhos. Se for o caso e voc\u00ea tiver confian\u00e7a, abra seus custos ao cliente para que ele tenha o entendimento que voc\u00ea tem. Provavelmente ele sofre com os mesmos problemas de mercado.<\/p>\n<p>Lembrando: nestes casos o seu concorrente pode ter problemas graves no futuro! E para isso, voc\u00ea ter\u00e1 que ter caixa para segurar seus custos e despesas at\u00e9 o pagamento da pr\u00f3xima venda ou presta\u00e7\u00e3o do pr\u00f3ximo servi\u00e7o e a reconquista do cliente.<\/p>\n<h3><strong>2) Conflito pessoal:<\/strong><\/h3>\n<p>ele pode estar em uma briga pessoal com voc\u00ea ou outra pessoa do mesmo mercado.<\/p>\n<p><strong>O que fazer?<\/strong><\/p>\n<p>Uma das coisas que mais acontece nos mercados s\u00e3o os problemas pessoais. Quando a motiva\u00e7\u00e3o do nosso concorrente \u00e9 interna, pessoal, segurar ele pode ser um dos maiores desafios e pode nos custar todo o nosso caixa. Nestes casos, esses concorrentes podem lutar para vencer at\u00e9 a fal\u00eancia da pr\u00f3pria empresa e a sua e provavelmente n\u00e3o \u00e9 o que voc\u00ea quer. Por isso, muito cuidado! N\u00e3o afunde com ele. Busque conversar com este concorrente, tratar esse problema pessoal, se for o caso, para que tudo volte ao normal. E tenha muito folego para segurar os ataques de pre\u00e7os fora do padr\u00e3o mercadol\u00f3gico at\u00e9 ele falir completamente ou o cliente trocar ele por falta de qualidade.<\/p>\n<h3><strong>3) Estrat\u00e9gia comercial:<\/strong><\/h3>\n<p>Esse concorrente investe em gest\u00e3o. Seus custos s\u00e3o controlados, sua negocia\u00e7\u00e3o \u00e9 clara, objetiva e seu produto ou servi\u00e7o \u00e9 impec\u00e1vel. Este tipo de concorrente eleva a qualidade do setor, mas se torna um concorrente de alto n\u00edvel, pois com gest\u00e3o afiada ele foca em tomar uma maior fatia de mercado nos desafiando a uma briga de intelig\u00eancia. Ele reduz bruscamente seu pre\u00e7o para tomar mais espa\u00e7o no mercado. Os que conseguem cativar seu cliente e reduzir ao m\u00e1ximo seus custos, mantendo a qualidade e a legalidade plena conseguem frente a ele, pois TODOS QUEREM PAGAR MENOS POR UM MELHOR PRODUTO OU SERVI\u00c7O!<\/p>\n<p><strong>O que fazer?<\/strong><\/p>\n<p>Estes casos s\u00e3o os piores ao meu ver. Voc\u00ea deve imediatamente rever seus custos internos e procurar inova\u00e7\u00f5es (automatiza\u00e7\u00f5es) no mercado para reduzir o m\u00e1ximo poss\u00edvel. Seu concorrente n\u00e3o ir\u00e1 \u00e0 fal\u00eancia! Ele continuar\u00e1 com este pre\u00e7o e se voc\u00ea n\u00e3o se adequar ir\u00e1 perder mercado aos poucos e ser\u00e1 a famosa morte lenta da empresa. Mas cuidado! Se voc\u00ea errar no diagn\u00f3stico do seu concorrente poder\u00e1 se perder na estrat\u00e9gia. Caso entenda como problema pessoal ou que seu concorrente est\u00e1 sem caixa, voc\u00ea poder\u00e1 adotar a estrat\u00e9gia errada e destruir o seu neg\u00f3cio. Estrat\u00e9gia \u00e9 tudo!<\/p>\n<p>Em alguns casos, os concorrentes acabam abrindo uma nova empresa (Joint Venture), para atender uma regi\u00e3o determinada.<\/p>\n<h3><strong>4) Ignor\u00e2ncia sobre Gest\u00e3o financeira:<\/strong><\/h3>\n<p>Seu concorrente pode desconhecer custos fixos e vari\u00e1veis, e para ser competitivo, ele baixa o pre\u00e7o sem pensar nas consequ\u00eancias, at\u00e9 conquistar mais espa\u00e7o no mercado. Cada cliente que ele tira de voc\u00ea \u00e9 uma grande vit\u00f3ria para ele. Esse concorrente tem seus dias contados, mas pode fazer um grande estrago no seu neg\u00f3cio, se voc\u00ea n\u00e3o tomar uma atitude.<\/p>\n<p><strong>O que fazer?<\/strong><\/p>\n<p>Se voc\u00ea tiver afinidade com este concorrente, voc\u00ea pode sugerir a realiza\u00e7\u00e3o de cursos de forma\u00e7\u00e3o de pre\u00e7o de venda, atrav\u00e9s de alguma entidade de classe e fazer com que ele participe, e entenda que seus pre\u00e7os est\u00e3o destruindo seu pr\u00f3prio neg\u00f3cio, mas cuidado! Se o concorrente notar a sua articula\u00e7\u00e3o, voc\u00ea poder\u00e1 ter um concorrente com problemas pessoais.<\/p>\n<p>Ao mesmo tempo, voc\u00ea pode conversar com o seu cliente mostrando os dados de forma\u00e7\u00e3o do pre\u00e7o de venda, mostrando seu profissionalismo e dando SEGURAN\u00c7A para seu cliente. Normalmente este tipo de concorrente esquece de cumprir alguma legisla\u00e7\u00e3o, pois n\u00e3o tem controle e nem preocupa\u00e7\u00e3o com seu pre\u00e7o. Ent\u00e3o, mostrar ao cliente seus diferenciais e sua solidez como empresa \u00e9 o ideal.<\/p>\n<p><strong>O que fazer em todos os casos?<\/strong><\/p>\n<p>Entregue ao seu cliente o que ningu\u00e9m entrega! Voc\u00ea pode criar um cart\u00e3o fidelidade, premiando o cliente que atingir um n\u00famero \u201cX\u201d de servi\u00e7os ou comprar um n\u00famero \u201cX\u201d de produtos, a verdade \u00e9 que n\u00e3o podemos parar de pensar em nossos clientes, eles sempre ter\u00e3o mais e desejar\u00e3o mais de n\u00f3s, e nossa empresa deve estar preparada para absorver esses desafios, atrav\u00e9s de uma boa gest\u00e3o financeira e de marketing, uma \u00e1rea depende da outra.<\/p>\n<\/div>\n<p>&nbsp;<\/p>\n<p>&nbsp;<\/p>\n<p>&nbsp;<\/p>\n","protected":false},"excerpt":{"rendered":"<p>PALESTRA &#8211; FORMA\u00c7\u00c3O DOS CUSTOS AEROAGR\u00cdCOLAS &nbsp; Como voc\u00ea formula o pre\u00e7o do seu servi\u00e7o? Um importante e recorrente debate que acontece nas conversas de empres\u00e1rios da avia\u00e7\u00e3o agr\u00edcola \u00e9 sobre o valor do pre\u00e7o a ser cobrado por hectare na pulveriza\u00e7\u00e3o agr\u00edcola. Esse tema \u00e9 relevante porque uma inadequada forma\u00e7\u00e3o de pre\u00e7os afeta n\u00e3o&#8230;  <a class=\"excerpt-read-more\" href=\"https:\/\/sindag.org.br\/site-antigo\/formacao-dos-custos-aeroagricolas\/\" title=\"Read FORMA\u00c7\u00c3O DOS CUSTOS AEROAGR\u00cdCOLAS\">Leia mais &raquo;<\/a><\/p>\n","protected":false},"author":5,"featured_media":4425,"parent":0,"menu_order":0,"comment_status":"closed","ping_status":"closed","template":"","meta":{"_monsterinsights_skip_tracking":false,"_monsterinsights_sitenote_active":false,"_monsterinsights_sitenote_note":"","_monsterinsights_sitenote_category":0,"footnotes":"","_links_to":"","_links_to_target":""},"class_list":["post-4084","page","type-page","status-publish","has-post-thumbnail","hentry"],"_links":{"self":[{"href":"https:\/\/sindag.org.br\/site-antigo\/wp-json\/wp\/v2\/pages\/4084","targetHints":{"allow":["GET"]}}],"collection":[{"href":"https:\/\/sindag.org.br\/site-antigo\/wp-json\/wp\/v2\/pages"}],"about":[{"href":"https:\/\/sindag.org.br\/site-antigo\/wp-json\/wp\/v2\/types\/page"}],"author":[{"embeddable":true,"href":"https:\/\/sindag.org.br\/site-antigo\/wp-json\/wp\/v2\/users\/5"}],"replies":[{"embeddable":true,"href":"https:\/\/sindag.org.br\/site-antigo\/wp-json\/wp\/v2\/comments?post=4084"}],"version-history":[{"count":0,"href":"https:\/\/sindag.org.br\/site-antigo\/wp-json\/wp\/v2\/pages\/4084\/revisions"}],"wp:featuredmedia":[{"embeddable":true,"href":"https:\/\/sindag.org.br\/site-antigo\/wp-json\/wp\/v2\/media\/4425"}],"wp:attachment":[{"href":"https:\/\/sindag.org.br\/site-antigo\/wp-json\/wp\/v2\/media?parent=4084"}],"curies":[{"name":"wp","href":"https:\/\/api.w.org\/{rel}","templated":true}]}}