{"id":4170,"date":"2021-04-01T20:33:42","date_gmt":"2021-04-01T23:33:42","guid":{"rendered":"https:\/\/sindag.org.br\/site-antigo\/?page_id=4170"},"modified":"2021-04-07T19:34:18","modified_gmt":"2021-04-07T22:34:18","slug":"curso-basico-de-combate-a-incendios-em-cobertura-vegetal-com-uso-de-aviacao-agricola","status":"publish","type":"page","link":"https:\/\/sindag.org.br\/site-antigo\/curso-basico-de-combate-a-incendios-em-cobertura-vegetal-com-uso-de-aviacao-agricola\/","title":{"rendered":"Curso de Introdu\u00e7\u00e3o ao emprego de Aeronave Agr\u00edcola de asa fixa no combate a inc\u00eandio em coberturas vegetais"},"content":{"rendered":"<pre><span style=\"font-size: 18pt; font-family: helvetica, arial, sans-serif;\"><span style=\"font-size: 18pt;\">OBJETIVO DO CURSO<\/span><\/span><\/pre>\n<p><span style=\"font-size: 18pt;\"><span style=\"font-family: helvetica, arial, sans-serif; font-size: 12pt;\">Informar t\u00e9cnicas b\u00e1sicas de combate a inc\u00eandio em cobertura <\/span><span style=\"font-family: helvetica, arial, sans-serif; font-size: 12pt;\">vegetal com emprego de aeronave agr\u00edcola de asa fixa<\/span><\/span><\/p>\n<pre><span style=\"font-size: 18pt;\"><span style=\"font-family: helvetica, arial, sans-serif;\">DISPOSI\u00c7\u00d5ES GERAIS<\/span><\/span><\/pre>\n<p><span style=\"font-size: 18pt;\"><span style=\"font-family: helvetica, arial, sans-serif; font-size: 12pt;\">O curso apresenta temas acerca do emprego de aeronaves agr\u00edcolas no combate a inc\u00eandio em coberturas vegetais, proporcionando o bom gerenciamento das opera\u00e7\u00f5es de combate a inc\u00eandio.<\/span><br \/>\n<\/span><\/p>\n<img loading=\"lazy\" decoding=\"async\" class=\"size-full wp-image-4196 aligncenter\" src=\"https:\/\/sindag.org.br\/site-antigo\/wp-content\/uploads\/2021\/04\/Copia-de-Banner-curso.png\" alt=\"\" width=\"600\" height=\"340\" \/>\n<pre><span style=\"font-family: helvetica, arial, sans-serif; font-size: 18pt; color: #ffffff;\">P\u00daBLICO-ALVO<\/span><\/pre>\n<p><span style=\"font-family: helvetica, arial, sans-serif;\">Gestores, supervisores, l\u00edderes agr\u00edcolas, engenheiros florestais e <\/span><span style=\"font-family: helvetica, arial, sans-serif;\">agron\u00f4micos, pilotos agr\u00edcolas, engenheiros e t\u00e9cnicos de seguran\u00e7a <\/span><span style=\"font-family: helvetica, arial, sans-serif;\">do trabalho, t\u00e9cnicos aeroagr\u00edcolas, t\u00e9cnicos agr\u00edcolas.<\/span><\/p>\n<img loading=\"lazy\" decoding=\"async\" class=\" wp-image-3777 alignleft\" src=\"https:\/\/sindag.org.br\/site-antigo\/wp-content\/uploads\/2020\/09\/2.png\" alt=\"\" width=\"33\" height=\"33\" \/>\n<p><span style=\"font-family: 'andale mono', monospace; font-size: 14pt; color: #000000;\"><span style=\"color: #800000;\"><strong>Modalidade: <\/strong><\/span>Online com aulas presenciais e ao vivo<\/span><\/p>\n<p><span style=\"font-family: 'andale mono', monospace; font-size: 14pt; color: #000000;\"><br \/>\n<img loading=\"lazy\" decoding=\"async\" class=\" wp-image-3780 alignleft\" src=\"https:\/\/sindag.org.br\/site-antigo\/wp-content\/uploads\/2020\/09\/1.png\" alt=\"\" width=\"43\" height=\"43\" \/><\/span><\/p>\n<p><span style=\"font-family: 'andale mono', monospace; font-size: 14pt; color: #000000;\"><span style=\"color: #800000;\"><strong>Data de In\u00edcio:<\/strong><\/span> 03 de maio de 2021 \/ 19 as 23h<br \/>\n<\/span><\/p>\n<p><span style=\"font-family: 'andale mono', monospace; font-size: 14pt; color: #000000;\"><img loading=\"lazy\" decoding=\"async\" class=\" wp-image-3778 alignleft\" src=\"https:\/\/sindag.org.br\/site-antigo\/wp-content\/uploads\/2020\/09\/3.png\" alt=\"\" width=\"45\" height=\"45\" \/><br \/>\n<span style=\"color: #800000;\"><strong>Dias de aula:<\/strong><\/span> 03, 04, 10 e 11 de maio<\/span><\/p>\n<p><span style=\"font-family: 'andale mono', monospace; font-size: 14pt; color: #000000;\"><img loading=\"lazy\" decoding=\"async\" class=\"wp-image-3779 alignleft\" src=\"https:\/\/sindag.org.br\/site-antigo\/wp-content\/uploads\/2020\/09\/4.png\" alt=\"\" width=\"48\" height=\"48\" \/><br \/>\n<span style=\"color: #800000;\"><strong>Carga Hor\u00e1ria:<\/strong><\/span> 16 horas<\/span><\/p>\n<p style=\"text-align: center;\"><span style=\"font-family: 'andale mono', monospace; color: #ff0000; font-size: 24pt;\">LIMITE DE 30 VAGAS!<\/span><\/p>\n<a href=\"https:\/\/araujortc.eadplataforma.com\/curso\/curso-de-introducao-ao-emprego-de-aeronave-agricola-de-asa-fixa-no-combate-a-inc\/\"><img loading=\"lazy\" decoding=\"async\" class=\"wp-image-4231 aligncenter\" src=\"https:\/\/sindag.org.br\/site-antigo\/wp-content\/uploads\/2021\/04\/124-1245707_0sem-comentrios-ainda-inscreva-se-720x245.jpg\" alt=\"\" width=\"432\" height=\"147\" srcset=\"https:\/\/sindag.org.br\/site-antigo\/wp-content\/uploads\/2021\/04\/124-1245707_0sem-comentrios-ainda-inscreva-se-720x245.jpg 720w, https:\/\/sindag.org.br\/site-antigo\/wp-content\/uploads\/2021\/04\/124-1245707_0sem-comentrios-ainda-inscreva-se-768x261.jpg 768w, https:\/\/sindag.org.br\/site-antigo\/wp-content\/uploads\/2021\/04\/124-1245707_0sem-comentrios-ainda-inscreva-se.jpg 820w\" sizes=\"auto, (max-width: 432px) 100vw, 432px\" \/><\/a>\n<pre><span style=\"font-family: helvetica, arial, sans-serif; font-size: 18pt;\">CONTE\u00daDO PROGRAM\u00c1TICO<\/span><\/pre>\n<p><span style=\"font-family: helvetica, arial, sans-serif;\">a) Introdu\u00e7\u00e3o;<\/span><br \/>\n<span style=\"font-family: helvetica, arial, sans-serif;\">b) Comportamento do fogo e comportamento extremo do fogo;<\/span><br \/>\n<span style=\"font-family: helvetica, arial, sans-serif;\">c) Emprego de aeronave de asa fixa agr\u00edcola nas opera\u00e7\u00f5es de combate a inc\u00eandio em cobertura vegetal;<\/span><br \/>\n<span style=\"font-family: helvetica, arial, sans-serif;\">d) Fundamentos de SCI (Sistema de Comando de Incidente);<\/span><br \/>\n<span style=\"font-family: helvetica, arial, sans-serif;\">e) No\u00e7\u00f5es b\u00e1sicas de aditivos;<\/span><br \/>\n<span style=\"font-family: helvetica, arial, sans-serif;\">f) Pr\u00e9-planejamento de opera\u00e7\u00f5es com uso de aeronave agr\u00edcola;<\/span><br \/>\n<span style=\"font-family: helvetica, arial, sans-serif;\">g) Princ\u00edpios de gerais de seguran\u00e7a de equipes (solo e a\u00e9rea);<\/span><br \/>\n<span style=\"font-family: helvetica, arial, sans-serif;\">h) A\u00e7\u00f5es p\u00f3s-evento de inc\u00eandio;<\/span><br \/>\n<span style=\"font-family: helvetica, arial, sans-serif;\">i) Avalia\u00e7\u00e3o.<\/span><\/p>\n<pre><span style=\"font-size: 18pt; font-family: helvetica, arial, sans-serif;\">INVESTIMENTO<\/span><\/pre>\n<p><strong>N\u00c3O ASSOCIADO<\/strong><br \/>\nR$ 449,00<\/p>\n<p><strong>ASSOCIADO SINDAG\/IBRAVAG<\/strong><br \/>\nR$ 299,00<\/p>\n<pre><span style=\"font-size: 18pt; font-family: helvetica, arial, sans-serif;\">INSTRUTOR<\/span><\/pre>\n<p><img loading=\"lazy\" decoding=\"async\" class=\"wp-image-4172 alignleft\" src=\"https:\/\/sindag.org.br\/site-antigo\/wp-content\/uploads\/2021\/04\/WhatsApp-Image-2021-04-01-at-20.26.09-461x720.jpeg\" alt=\"\" width=\"124\" height=\"194\" srcset=\"https:\/\/sindag.org.br\/site-antigo\/wp-content\/uploads\/2021\/04\/WhatsApp-Image-2021-04-01-at-20.26.09-461x720.jpeg 461w, https:\/\/sindag.org.br\/site-antigo\/wp-content\/uploads\/2021\/04\/WhatsApp-Image-2021-04-01-at-20.26.09-768x1199.jpeg 768w, https:\/\/sindag.org.br\/site-antigo\/wp-content\/uploads\/2021\/04\/WhatsApp-Image-2021-04-01-at-20.26.09.jpeg 820w\" sizes=\"auto, (max-width: 124px) 100vw, 124px\" \/><strong>RODRIGO ARA\u00daJO<\/strong><\/p>\n<p>Tenente Coronel da Reserva do Corpo de Bombeiros\/SP<br \/>\nGest\u00e3o de Riscos<br \/>\nDiretor T\u00e9cnico da RTC<br \/>\nTreinador Bonsucro<\/p>\n","protected":false},"excerpt":{"rendered":"<p>OBJETIVO DO CURSO Informar t\u00e9cnicas b\u00e1sicas de combate a inc\u00eandio em cobertura vegetal com emprego de aeronave agr\u00edcola de asa fixa DISPOSI\u00c7\u00d5ES GERAIS O curso apresenta temas acerca do emprego de aeronaves agr\u00edcolas no combate a inc\u00eandio em coberturas vegetais, proporcionando o bom gerenciamento das opera\u00e7\u00f5es de combate a inc\u00eandio. P\u00daBLICO-ALVO Gestores, supervisores, l\u00edderes agr\u00edcolas,&#8230;  <a class=\"excerpt-read-more\" href=\"https:\/\/sindag.org.br\/site-antigo\/curso-basico-de-combate-a-incendios-em-cobertura-vegetal-com-uso-de-aviacao-agricola\/\" title=\"Read Curso de Introdu\u00e7\u00e3o ao emprego de Aeronave Agr\u00edcola de asa fixa no combate a inc\u00eandio em coberturas vegetais\">Leia mais &raquo;<\/a><\/p>\n","protected":false},"author":5,"featured_media":4229,"parent":0,"menu_order":0,"comment_status":"closed","ping_status":"closed","template":"","meta":{"_monsterinsights_skip_tracking":false,"_monsterinsights_sitenote_active":false,"_monsterinsights_sitenote_note":"","_monsterinsights_sitenote_category":0,"footnotes":"","_links_to":"","_links_to_target":""},"class_list":["post-4170","page","type-page","status-publish","has-post-thumbnail","hentry"],"_links":{"self":[{"href":"https:\/\/sindag.org.br\/site-antigo\/wp-json\/wp\/v2\/pages\/4170","targetHints":{"allow":["GET"]}}],"collection":[{"href":"https:\/\/sindag.org.br\/site-antigo\/wp-json\/wp\/v2\/pages"}],"about":[{"href":"https:\/\/sindag.org.br\/site-antigo\/wp-json\/wp\/v2\/types\/page"}],"author":[{"embeddable":true,"href":"https:\/\/sindag.org.br\/site-antigo\/wp-json\/wp\/v2\/users\/5"}],"replies":[{"embeddable":true,"href":"https:\/\/sindag.org.br\/site-antigo\/wp-json\/wp\/v2\/comments?post=4170"}],"version-history":[{"count":0,"href":"https:\/\/sindag.org.br\/site-antigo\/wp-json\/wp\/v2\/pages\/4170\/revisions"}],"wp:featuredmedia":[{"embeddable":true,"href":"https:\/\/sindag.org.br\/site-antigo\/wp-json\/wp\/v2\/media\/4229"}],"wp:attachment":[{"href":"https:\/\/sindag.org.br\/site-antigo\/wp-json\/wp\/v2\/media?parent=4170"}],"curies":[{"name":"wp","href":"https:\/\/api.w.org\/{rel}","templated":true}]}}