{"id":4412,"date":"2021-05-05T08:47:55","date_gmt":"2021-05-05T11:47:55","guid":{"rendered":"https:\/\/sindag.org.br\/site-antigo\/?page_id=4412"},"modified":"2026-02-24T09:25:09","modified_gmt":"2026-02-24T12:25:09","slug":"iavag-indice-de-inflacao-do-setor","status":"publish","type":"page","link":"https:\/\/sindag.org.br\/site-antigo\/iavag-indice-de-inflacao-do-setor\/","title":{"rendered":"IAVAG &#8211; \u00cdndice de Infla\u00e7\u00e3o do setor Aeroagr\u00edcola"},"content":{"rendered":"<h2><strong><span style=\"font-size: 18pt;\">1. Introdu\u00e7\u00e3o<\/span><\/strong><\/h2>\n<p>O setor de pulveriza\u00e7\u00e3o aeroagr\u00edcola \u00e9 sens\u00edvel a oscila\u00e7\u00f5es cambiais, varia\u00e7\u00f5es inflacion\u00e1rias e custos de combust\u00edveis, al\u00e9m da din\u00e2mica salarial no Brasil.<br \/>\nPara monitorar esses efeitos e oferecer um instrumento confi\u00e1vel de acompanhamento, o SINDAG estruturou o Indicador de Infla\u00e7\u00e3o de Custos da Pulveriza\u00e7\u00e3o Aeroagr\u00edcola (IAVAG).<\/p>\n<p>O IAVAG resulta da combina\u00e7\u00e3o de vari\u00e1veis nacionais e internacionais que refletem os principais determinantes da infla\u00e7\u00e3o de custos do setor.<\/p>\n<p>&nbsp;<\/p>\n<h2><strong><span style=\"font-size: 18pt;\">2. Defini\u00e7\u00e3o das Vari\u00e1veis<\/span><\/strong><\/h2>\n<p>As vari\u00e1veis selecionadas foram:<br \/>\n<strong>1) \u00cdndice Nacional de Pre\u00e7os ao Consumidor (INPC):<\/strong> reflete a varia\u00e7\u00e3o de sal\u00e1rios e encargos da m\u00e3o de obra.<br \/>\n<strong>2) Indicador de Press\u00e3o Externa (IPE):<\/strong> combina o efeito da varia\u00e7\u00e3o do d\u00f3lar (USD\/BRL) e da infla\u00e7\u00e3o americana (CPI), compondo o impacto externo sobre os custos de insumos, pe\u00e7as e servi\u00e7os importados.<br \/>\n<strong>3) Indicador de Combust\u00edveis (IE):<\/strong> representa a varia\u00e7\u00e3o m\u00e9dia do petr\u00f3leo e do etanol, principais energ\u00e9ticos da atividade.<\/p>\n<p>&nbsp;<\/p>\n<h2><strong><span style=\"font-size: 18pt;\">3. Constru\u00e7\u00e3o dos Indicadores Secund\u00e1rios<\/span><\/strong><\/h2>\n<p><strong>3.1 Indicador de Combust\u00edveis (IE)<br \/>\n<\/strong>Devido ao uso diferenciado de petr\u00f3leo e etanol entre empresas, adotou-se a m\u00e9dia aritm\u00e9tica simples entre as duas vari\u00e1veis, conforme a equa\u00e7\u00e3o (1):<\/p>\n<p>IE = (P + E)\/2\u00a0\u00a0\u00a0\u00a0 (1)<\/p>\n<p>onde P \u00e9 a varia\u00e7\u00e3o do petr\u00f3leo e E a varia\u00e7\u00e3o do etanol.<\/p>\n<p><strong>3.2 Indicador de Press\u00e3o Externa (IPE)<\/strong><br \/>\nO IPE combina duas vari\u00e1veis externas \u2014 d\u00f3lar e infla\u00e7\u00e3o americana \u2014, cada uma com peso de 50% dentro do bloco, conforme a equa\u00e7\u00e3o (2):<\/p>\n<p>IPE = (D\u00f3lar + Infla\u00e7\u00e3o_EUA)\/2\u00a0\u00a0\u00a0\u00a0 (2)<\/p>\n<p>&nbsp;<\/p>\n<h2><span style=\"font-size: 18pt;\"><strong>4. Estrutura de Pesos do IAVAG<\/strong><\/span><\/h2>\n<p>A composi\u00e7\u00e3o final do indicador foi definida a partir de testes emp\u00edricos e valida\u00e7\u00e3o junto a empres\u00e1rios do setor. Os pesos estabelecidos foram:<\/p>\n<p>&#8211; INPC: 40%<br \/>\n&#8211; Indicador de Press\u00e3o Externa (IPE): 40%<br \/>\n&#8211; Indicador de Combust\u00edveis (IE): 20%<\/p>\n<p>A f\u00f3rmula geral do \u00edndice est\u00e1 representada na equa\u00e7\u00e3o (3):<\/p>\n<p>IAVAG = (INPC \u00d7 0,40) + (IPE \u00d7 0,40) + (IE \u00d7 0,20)\u00a0\u00a0\u00a0\u00a0 (3)<\/p>\n<p>&nbsp;<\/p>\n<h2><strong><span style=\"font-size: 18pt;\">5. Valida\u00e7\u00e3o Metodol\u00f3gica<\/span><\/strong><\/h2>\n<p>Diferentes combina\u00e7\u00f5es de vari\u00e1veis e pesos foram testadas, tanto com o INPC quanto com o IPCA. O modelo final (equa\u00e7\u00e3o 3) demonstrou maior ader\u00eancia \u00e0 realidade empresarial, reproduzindo de maneira mais fiel as varia\u00e7\u00f5es de custos reportadas pelas empresas no pr\u00e9-teste.<\/p>\n<p>&nbsp;<\/p>\n<h2><span style=\"font-size: 18pt;\"><strong>6. Base de Refer\u00eancia<\/strong><\/span><\/h2>\n<p>O \u00edndice utiliza como marco inicial dezembro de 2002 (BASE 100), per\u00edodo em que os dados de todas as vari\u00e1veis estavam dispon\u00edveis de forma consolidada.<\/p>\n<p>&nbsp;<\/p>\n<h2><span style=\"font-size: 18pt;\"><strong>7. Formas de An\u00e1lise<\/strong><\/span><\/h2>\n<p>O IAVAG pode ser avaliado em duas dimens\u00f5es:<br \/>\n&#8211; Varia\u00e7\u00e3o mensal: oscila\u00e7\u00f5es entre per\u00edodos consecutivos.<br \/>\n&#8211; Varia\u00e7\u00e3o acumulada: trajet\u00f3ria hist\u00f3rica da infla\u00e7\u00e3o de custos do setor.<\/p>\n<p>&nbsp;<\/p>\n<h2><span style=\"font-size: 18pt;\"><strong>8. Conclus\u00e3o<\/strong><\/span><\/h2>\n<p>O IAVAG \u00e9 um indicador robusto e representativo da realidade da pulveriza\u00e7\u00e3o aeroagr\u00edcola. Ao integrar vari\u00e1veis nacionais (INPC, combust\u00edveis) e externas (IPE), oferece um panorama completo da press\u00e3o inflacion\u00e1ria sobre o setor,<br \/>\nservindo como ferramenta de apoio para negocia\u00e7\u00f5es, planejamento estrat\u00e9gico e an\u00e1lise de competitividade.<\/p>\n<p>&nbsp;<\/p>\n<h3><strong>Downloads da s\u00e9rie hist\u00f3rica do IAVAG<\/strong><\/h3>\n<p><a href=\"https:\/\/sindag.org.br\/site-antigo\/iavag-indice-de-inflacao-do-setor\/iavag-serie-historica-atualizada\/\" rel=\"attachment wp-att-14528\">IAVAG &#8211; S\u00e9rie hist\u00f3rica\u00a0<\/a><\/p>\n<p>&nbsp;<\/p>\n<p>&nbsp;<\/p>\n","protected":false},"excerpt":{"rendered":"<p>1. Introdu\u00e7\u00e3o O setor de pulveriza\u00e7\u00e3o aeroagr\u00edcola \u00e9 sens\u00edvel a oscila\u00e7\u00f5es cambiais, varia\u00e7\u00f5es inflacion\u00e1rias e custos de combust\u00edveis, al\u00e9m da din\u00e2mica salarial no Brasil. Para monitorar esses efeitos e oferecer um instrumento confi\u00e1vel de acompanhamento, o SINDAG estruturou o Indicador de Infla\u00e7\u00e3o de Custos da Pulveriza\u00e7\u00e3o Aeroagr\u00edcola (IAVAG). O IAVAG resulta da combina\u00e7\u00e3o de vari\u00e1veis&#8230;  <a class=\"excerpt-read-more\" href=\"https:\/\/sindag.org.br\/site-antigo\/iavag-indice-de-inflacao-do-setor\/\" title=\"Read IAVAG &#8211; \u00cdndice de Infla\u00e7\u00e3o do setor Aeroagr\u00edcola\">Leia mais &raquo;<\/a><\/p>\n","protected":false},"author":5,"featured_media":4424,"parent":0,"menu_order":0,"comment_status":"closed","ping_status":"closed","template":"","meta":{"_monsterinsights_skip_tracking":false,"_monsterinsights_sitenote_active":false,"_monsterinsights_sitenote_note":"","_monsterinsights_sitenote_category":0,"footnotes":"","_links_to":"","_links_to_target":""},"class_list":["post-4412","page","type-page","status-publish","has-post-thumbnail","hentry"],"_links":{"self":[{"href":"https:\/\/sindag.org.br\/site-antigo\/wp-json\/wp\/v2\/pages\/4412","targetHints":{"allow":["GET"]}}],"collection":[{"href":"https:\/\/sindag.org.br\/site-antigo\/wp-json\/wp\/v2\/pages"}],"about":[{"href":"https:\/\/sindag.org.br\/site-antigo\/wp-json\/wp\/v2\/types\/page"}],"author":[{"embeddable":true,"href":"https:\/\/sindag.org.br\/site-antigo\/wp-json\/wp\/v2\/users\/5"}],"replies":[{"embeddable":true,"href":"https:\/\/sindag.org.br\/site-antigo\/wp-json\/wp\/v2\/comments?post=4412"}],"version-history":[{"count":0,"href":"https:\/\/sindag.org.br\/site-antigo\/wp-json\/wp\/v2\/pages\/4412\/revisions"}],"wp:featuredmedia":[{"embeddable":true,"href":"https:\/\/sindag.org.br\/site-antigo\/wp-json\/wp\/v2\/media\/4424"}],"wp:attachment":[{"href":"https:\/\/sindag.org.br\/site-antigo\/wp-json\/wp\/v2\/media?parent=4412"}],"curies":[{"name":"wp","href":"https:\/\/api.w.org\/{rel}","templated":true}]}}