{"id":4661,"date":"2021-06-08T13:28:20","date_gmt":"2021-06-08T16:28:20","guid":{"rendered":"https:\/\/sindag.org.br\/site-antigo\/?page_id=4661"},"modified":"2021-06-08T15:01:31","modified_gmt":"2021-06-08T18:01:31","slug":"guia-para-aplicacao-aerea-segura","status":"publish","type":"page","link":"https:\/\/sindag.org.br\/site-antigo\/guia-para-aplicacao-aerea-segura\/","title":{"rendered":"Guia para Aplica\u00e7\u00e3o A\u00e9rea Segura"},"content":{"rendered":"<pre><span style=\"font-size: 14pt;\"><strong>Orienta\u00e7\u00f5es Guia para Aplica\u00e7\u00e3o A\u00e9rea Segura SINDAG<\/strong><\/span><\/pre>\n<p>Voc\u00ea est\u00e1 prestes a baixar o Guia para Aplica\u00e7\u00e3o A\u00e9rea Segura desenvolvido pelo SINDAG.<\/p>\n<p>Este conte\u00fado foi preparado na extens\u00e3o EPUB, que \u00e9 um formato de arquivo universalmente conhecido como pr\u00f3prio para livros digitais, sendo reconhecido automaticamente por aplicativos para dispositivos m\u00f3veis (celulares e tablets) espec\u00edficos para esta finalidade, assim como, tamb\u00e9m, leitores de livros digitais, como o Amazon Kindle, o Saraiva Lev ou o Kobo, da Livraria Cultura, dentre outros.<\/p>\n<p>No caso da sua aprecia\u00e7\u00e3o em leitores de livros digitais, seus utilizadores j\u00e1 devem estar habituados com suas fun\u00e7\u00f5es. Entretanto, caso voc\u00ea seja um \u201cpiloto de primeira viagem\u201d, algumas dicas importantes podem ser levadas em considera\u00e7\u00e3o para que voc\u00ea possa usufruir deste conte\u00fado da melhor forma poss\u00edvel.<\/p>\n<p>Primeiramente, quanto aos aplicativos que reconhecem este formato de arquivo, recomendamos aqueles que s\u00e3o nativos dos sistemas operacionais de dispositivos m\u00f3veis.<\/p>\n<pre><span style=\"font-size: 14pt;\">COMO BAIXAR?<\/span><\/pre>\n<p><span style=\"font-size: 14pt; font-family: arial, helvetica, sans-serif;\">No caso do Android, recomendamos o Play Livros, que, caso n\u00e3o esteja contido na instala\u00e7\u00e3o de f\u00e1brica do seu sistema, pode ser baixado no seguinte link: <a href=\"https:\/\/play.google.com\/store\/apps\/details?id=com.google.android.apps.books&amp;hl=pt_BR&amp;gl=US\">https:\/\/play.google.com\/store\/apps\/details?id=com.google.android.apps.books&amp;hl=pt_BR&amp;gl=US<\/a><\/span><\/p>\n<p><span style=\"font-size: 14pt; font-family: arial, helvetica, sans-serif;\">Agora, caso voc\u00ea utilize iOS, recomendamos o Apple Books, que j\u00e1 vem instalado nas vers\u00f5es mais recentes do sistema.<\/span><\/p>\n<p>&nbsp;<\/p>\n<p style=\"text-align: center;\"><span style=\"font-size: 18pt;\"><strong>Depois de instalar algum desses aplicativos, clique aqui:<\/strong><\/span><\/p>\n<div id=\"attachment_4629\" style=\"width: 252px\" class=\"wp-caption aligncenter\"><a href=\"https:\/\/drive.google.com\/file\/d\/1Rmi5wF0ELU9gvAz33IMiJb3AJY7pzeB5\/view?usp=sharing\"><img loading=\"lazy\" decoding=\"async\" aria-describedby=\"caption-attachment-4629\" class=\"size-full wp-image-4629\" src=\"https:\/\/sindag.org.br\/site-antigo\/wp-content\/uploads\/2021\/06\/capa-4.jpg\" alt=\"\" width=\"242\" height=\"425\" \/><\/a><p id=\"caption-attachment-4629\" class=\"wp-caption-text\">Clique na imagem para baixar o Guia de Aplica\u00e7\u00e3o completo<\/p><\/div>\n<p>&nbsp;<\/p>\n<p>Embora o nosso livro tenha sido diagramado digitalmente em fonte Arial, e em tamanho padr\u00e3o, para uma leitura mais agrad\u00e1vel, o formato EPUB \u00e9 reconhecido pelos apps como o que poder\u00edamos chamar de \u201carquivo cru\u201d ou \u201cformato fluido\u201d, onde o usu\u00e1rio pode, a qualquer momento, alterar a fonte, tamanho, cores, dentre outros, conforme a sua prefer\u00eancia, e sem perder o conte\u00fado.<\/p>\n<p>Da mesma forma, os apps compat\u00edveis com EPUB, permitem acesso r\u00e1pido ao \u00edndice, independentemente de em qual p\u00e1gina voc\u00ea se encontra, permitindo uma navega\u00e7\u00e3o r\u00e1pida a qualquer cap\u00edtulo ou subcap\u00edtulo do nosso material.<\/p>\n<p style=\"text-align: center;\">Tudo isso, para que voc\u00ea possa ter a melhor experi\u00eancia, tanto em telas maiores, quanto menores, de forma personalizada e que mais lhe agrada, sem contar que, uma vez feito o download, o livro permanece em sua biblioteca por quanto tempo voc\u00ea desejar.<\/p>\n<p style=\"text-align: center;\"><strong><span style=\"font-size: 18pt;\">Para baixar o Guia em formato de PDF clique abaixo:<\/span><\/strong><\/p>\n<p><a href=\"https:\/\/sindag.org.br\/site-antigo\/wp-content\/uploads\/2021\/06\/PDF-Guia-para-aplicac\u0327a\u0303o-ae\u0301ra-segura_.pdf\"><img loading=\"lazy\" decoding=\"async\" class=\"aligncenter wp-image-4671\" src=\"https:\/\/sindag.org.br\/site-antigo\/wp-content\/uploads\/2021\/06\/W.png\" alt=\"\" width=\"321\" height=\"126\" \/><\/a>Baixe agora e leve o Guia para Aplica\u00e7\u00e3o A\u00e9rea Segura do SINDAG para onde voc\u00ea quiser e consulte o conte\u00fado a qualquer momento!<\/p>\n","protected":false},"excerpt":{"rendered":"<p>Orienta\u00e7\u00f5es Guia para Aplica\u00e7\u00e3o A\u00e9rea Segura SINDAG Voc\u00ea est\u00e1 prestes a baixar o Guia para Aplica\u00e7\u00e3o A\u00e9rea Segura desenvolvido pelo SINDAG. Este conte\u00fado foi preparado na extens\u00e3o EPUB, que \u00e9 um formato de arquivo universalmente conhecido como pr\u00f3prio para livros digitais, sendo reconhecido automaticamente por aplicativos para dispositivos m\u00f3veis (celulares e tablets) espec\u00edficos para esta&#8230;  <a class=\"excerpt-read-more\" href=\"https:\/\/sindag.org.br\/site-antigo\/guia-para-aplicacao-aerea-segura\/\" title=\"Read Guia para Aplica\u00e7\u00e3o A\u00e9rea Segura\">Leia mais &raquo;<\/a><\/p>\n","protected":false},"author":5,"featured_media":4669,"parent":0,"menu_order":0,"comment_status":"closed","ping_status":"closed","template":"","meta":{"_monsterinsights_skip_tracking":false,"_monsterinsights_sitenote_active":false,"_monsterinsights_sitenote_note":"","_monsterinsights_sitenote_category":0,"footnotes":"","_links_to":"","_links_to_target":""},"class_list":["post-4661","page","type-page","status-publish","has-post-thumbnail","hentry"],"_links":{"self":[{"href":"https:\/\/sindag.org.br\/site-antigo\/wp-json\/wp\/v2\/pages\/4661","targetHints":{"allow":["GET"]}}],"collection":[{"href":"https:\/\/sindag.org.br\/site-antigo\/wp-json\/wp\/v2\/pages"}],"about":[{"href":"https:\/\/sindag.org.br\/site-antigo\/wp-json\/wp\/v2\/types\/page"}],"author":[{"embeddable":true,"href":"https:\/\/sindag.org.br\/site-antigo\/wp-json\/wp\/v2\/users\/5"}],"replies":[{"embeddable":true,"href":"https:\/\/sindag.org.br\/site-antigo\/wp-json\/wp\/v2\/comments?post=4661"}],"version-history":[{"count":0,"href":"https:\/\/sindag.org.br\/site-antigo\/wp-json\/wp\/v2\/pages\/4661\/revisions"}],"wp:featuredmedia":[{"embeddable":true,"href":"https:\/\/sindag.org.br\/site-antigo\/wp-json\/wp\/v2\/media\/4669"}],"wp:attachment":[{"href":"https:\/\/sindag.org.br\/site-antigo\/wp-json\/wp\/v2\/media?parent=4661"}],"curies":[{"name":"wp","href":"https:\/\/api.w.org\/{rel}","templated":true}]}}