{"id":4673,"date":"2021-06-08T17:38:47","date_gmt":"2021-06-08T20:38:47","guid":{"rendered":"https:\/\/sindag.org.br\/site-antigo\/?page_id=4673"},"modified":"2023-04-05T16:08:19","modified_gmt":"2023-04-05T19:08:19","slug":"sipeagro-mapa-modulo-aviacao-agricola","status":"publish","type":"page","link":"https:\/\/sindag.org.br\/site-antigo\/sipeagro-mapa-modulo-aviacao-agricola\/","title":{"rendered":"Sipeagro | MAPA &#8211; M\u00f3dulo Avia\u00e7\u00e3o Agr\u00edcola"},"content":{"rendered":"<pre><strong><span style=\"font-size: 18pt;\">O QUE \u00c9 O SIPEAGRO<\/span><\/strong><\/pre>\n<p class=\"m_Texto_Justificado_Recuo_Primeira_Linha\">O <a href=\"https:\/\/www.google.com\/url?q=http:\/\/sistemasweb.agricultura.gov.br\/pages\/SIPEAGRO.html&amp;source=gmail-html&amp;ust=1623270609518000&amp;usg=AFQjCNEOgLXRPHUGvkPe75HjeS87KX817A\" target=\"_blank\" rel=\"noopener noreferrer\">SIPEAGRO<\/a> &#8211; SISTEMA INTEGRADO DE PRODUTOS E ESTABELECIMENTOS FOI INSTITU\u00cdDO PELA INSTRU\u00c7\u00c3O NORMATIVA N\u00ba 34 DE 21 DE OUTUBRO DE 2015 (<a id=\"m_lnkSei27101598\" class=\"m_ancoraSei\" rel=\"noreferrer\"><\/a>15375943), DESTINANDO-SE A TODOS OS REGISTROS E CADASTROS EXISTENTES NO MAPA (ENGLOBA TODAS AS \u00c1REAS DE DEFESA AGROPECU\u00c1RIA, DENTRE ESTAS, A AVIA\u00c7\u00c3O AGR\u00cdCOLA).<\/p>\n<p style=\"text-align: center;\"><span style=\"color: #0000ff;\"><a style=\"color: #0000ff;\" href=\"https:\/\/drive.google.com\/drive\/folders\/1GHGcJ7J-LKa6Jq523y0oBSQV7xgBaROx\"><strong>Clique aqui e acesse o DRIVE DE Documentos e formul\u00e1rios para os RELAT\u00d3RIOS MENSAIS do Minist\u00e9rio da Agricultura e Pecu\u00e1ria<\/strong><\/a><strong>. (05.04.2023)<\/strong><br \/>\n<\/span><\/p>\n<p>&nbsp;<\/p>\n<hr \/>\n<p>&nbsp;<\/p>\n<p style=\"text-align: center;\"><strong>Live explicativa do Minist\u00e9rio da Agricultura e Pecu\u00e1ria &#8211; MAP,<br \/>\n<\/strong><strong>sobre o novo formato de envio dos relat\u00f3rios operacionais da avia\u00e7\u00e3o agr\u00edcola do Brasil.<\/strong><\/p>\n<p style=\"text-align: center;\"><iframe loading=\"lazy\" src=\"\/\/www.youtube.com\/embed\/mZCeqDYHJik\" width=\"560\" height=\"314\" allowfullscreen=\"allowfullscreen\"><\/iframe><\/p>\n<p>&nbsp;<\/p>\n<p>&nbsp;<\/p>\n<div>\n<p class=\"m_Citacao\">Art. 2\u00ba O SIPEAGRO tem por finalidade a:<\/p>\n<p class=\"m_Citacao\">I &#8211; coordena\u00e7\u00e3o e gest\u00e3o de cadastros e registro de estabelecimentos, produtos agropecu\u00e1rios e afins; e II &#8211; integra\u00e7\u00e3o com o banco de dados \u00fanico do MAPA.<\/p>\n<p class=\"m_Citacao\">Art. 3\u00ba O SIPEAGRO permite:<\/p>\n<p class=\"m_Citacao\">I &#8211; o registro e cadastro de estabelecimentos, produtos e afins;<\/p>\n<p class=\"m_Citacao\">II &#8211; o gerenciamento t\u00e9cnico, administrativo e operacional de inspe\u00e7\u00e3o e fiscaliza\u00e7\u00e3o agropecu\u00e1ria;<\/p>\n<p class=\"m_Citacao\">III &#8211; o controle dos procedimentos relacionados \u00e0 produ\u00e7\u00e3o, importa\u00e7\u00e3o, exporta\u00e7\u00e3o, comercializa\u00e7\u00e3o e uso na produ\u00e7\u00e3o agropecu\u00e1ria; e<\/p>\n<p class=\"m_Citacao\">IV &#8211; o gerenciamento dos procedimentos administrativos de apura\u00e7\u00e3o de infra\u00e7\u00e3o<\/p>\n<\/div>\n<p style=\"text-align: center;\"><span style=\"color: #ff0000;\"><span style=\"font-size: 14pt;\"><strong>Site do MAPA &#8211;<\/strong> <\/span><a style=\"color: #ff0000;\" href=\"https:\/\/www.gov.br\/agricultura\/pt-br\/assuntos\/insumos-agropecuarios\/aviacao-agricola\" target=\"_blank\" rel=\"noopener\"><span style=\"font-size: 14pt;\">Clique aqui<\/span><\/a><\/span><\/p>\n<p style=\"text-align: center;\"><a href=\"https:\/\/sindag.org.br\/site-antigo\/wp-content\/uploads\/2022\/09\/manual-orientacoes-para-registro-no-sipeagro-convencional-v-05-10-2021-1.pdf\"><strong><span style=\"font-size: 18pt;\"><span style=\"color: #ff0000;\">Apresenta\u00e7\u00e3o do MAPA sobre o SIPEAGRO | Download em PDF<\/span><\/span><\/strong><\/a><\/p>\n<p>&nbsp;<\/p>\n<p>&nbsp;<\/p>\n<p>&nbsp;<\/p>\n<p>&nbsp;<\/p>\n<div>\n<p style=\"text-align: center;\"><strong>Veja o evento que o SINDAG realizou com o MAPA pelo YouTube, sobre o SIPEAGRO &#8211; M\u00f3dulo Avia\u00e7\u00e3o Agr\u00edcola<\/strong><\/p>\n<\/div>\n<p style=\"text-align: center;\"><iframe loading=\"lazy\" src=\"\/\/www.youtube.com\/embed\/bacMqqe7YvE?t=4764s\" width=\"560\" height=\"314\" allowfullscreen=\"allowfullscreen\"><\/iframe><\/p>\n<pre><strong><span style=\"font-size: 18pt;\">COMO FUNCIONA O M\u00d3DULO DA AVIA\u00c7\u00c3O AGR\u00cdCOLA?<\/span><\/strong><\/pre>\n<p class=\"m_Texto_Justificado_Recuo_Primeira_Linha\">O M\u00d3DULO AVIA\u00c7\u00c3O AGR\u00cdCOLA FOI RECENTEMENTE IMPLANTADO E OS OPERADORES TER\u00c3O <strong>1 (UM) ANO<\/strong> A PARTIR DA NOTIFICA\u00c7\u00c3O, PARA EFETIVAREM SEU<strong> REGISTRO <\/strong>NO SIPEAGRO<strong>.<\/strong><\/p>\n<p class=\"m_Texto_Justificado_Recuo_Primeira_Linha\">AL\u00c9M DO REGISTRO, O SISTEMA POSSUI AS FERRAMENTAS <strong>AUTORIZA\u00c7\u00c3O DE TRABALHO TEMPOR\u00c1RIO <\/strong>(PARA OPERADORES QUE PRETENDAM OPERAR TEMPORARIAMENTE FORA DO SEU ESTADO ORIGINAL DE REGISTRO). CONTA AINDA COM UM M\u00d3DULO PARA REMESSA DOS <strong>RELAT\u00d3RIOS MENSAIS<\/strong> (PREVISTO NA IN 02\/2008), E O <strong>PLANEJAMENTO OPERACIONAL<\/strong> (RELAT\u00d3RIO OPERACIONAL, ATUALMENTE PREVISTO NA IN 02\/2008 EM FORMATO F\u00cdSICO &#8211; PAPEL).<\/p>\n<pre class=\"m_Texto_Justificado_Recuo_Primeira_Linha\"><strong><span style=\"font-size: 18pt;\"><u>REGISTROS DE OPERADORES AEROAGR\u00cdCOLAS:<\/u><\/span><\/strong><\/pre>\n<p class=\"m_Texto_Justificado_Recuo_Primeira_Linha\">\u00c9 DESTINADO A TODAS AS PESSOAS F\u00cdSICAS E JUR\u00cdDICAS QUE FAZEM USO DA TECNOLOGIA DE AVIA\u00c7\u00c3O AGR\u00cdCOLA (PRODUTORES RURAIS, EMPRESAS RURAIS, PRESTADORES DE SERVI\u00c7O, COOPERATIVAS, \u00d3RG\u00c3OS P\u00daBLICOS, ENTIDADES DE ENSINO QUE MINISTREM\u00a0CURSOS DE COORDENADOR, T\u00c9CNICO EXECUTOR OU PILOTO AGR\u00cdCOLAS).<\/p>\n<pre class=\"m_Texto_Justificado_Recuo_Primeira_Linha\"><strong><span style=\"font-size: 18pt;\"><u>INCLUS\u00c3O E BAIXA DE AERONAVES<\/u><\/span><\/strong><\/pre>\n<p class=\"m_Texto_Justificado_Recuo_Primeira_Linha\">UMA VEZ REGISTRADO NO SIPEAGRO, O OPERADOR PODER\u00c1 EFETUAR AUTOMATICAMENTE A INCLUS\u00c3O OU A BAIXA DE AERONAVES NO SEU REGISTRO, SEM NECESSIDADE DE INTERVEN\u00c7\u00c3O DO MAPA.<\/p>\n<p>&nbsp;<\/p>\n<pre class=\"m_Texto_Justificado_Recuo_Primeira_Linha\"><strong><span style=\"font-size: 18pt;\"><u>AUTORIZA\u00c7\u00c3O DE TRABALHO TEMPOR\u00c1RIO<\/u><\/span><\/strong><\/pre>\n<p class=\"m_Texto_Justificado_Recuo_Primeira_Linha\">UMA VEZ REGISTRADO, O OPERADOR PODER\u00c1 REQUERER AUTORIZA\u00c7\u00c3O (\u00d5ES) DE TRABALHO TEMPOR\u00c1RIO, PARA ATUAR EM OUTROS ESTADOS DA FEDERA\u00c7\u00c3O.<\/p>\n<p class=\"m_Texto_Justificado_Recuo_Primeira_Linha\">OS M\u00d3DULOS REGISTRO, AUTORIZA\u00c7\u00c3O E RELAT\u00d3RIOS MENSAIS S\u00c3O DE APLICA\u00c7\u00c3O IMEDIATA. J\u00c1 O PLANEJAMENTO OPERACIONAL FICAR\u00c1 EM PER\u00cdODO DE TESTES PARA POSTERIORES AJUSTES\/VALIDA\u00c7\u00c3O E IMPLANTA\u00c7\u00c3O DEFINITIVA.\u00a0POR ORA, ESTE M\u00d3DULO N\u00c3O SERVIR\u00c1 COMO BASE DE DADOS PARA GERENCIAMENTO DAS OPERA\u00c7\u00d5ES. NO ENTANTO, UMA VEZ IMPLANTADO, SER\u00c1 UMA IMPORTANTE FERRAMENTA DE GEST\u00c3O, POIS TODAS AS OPERA\u00c7\u00d5ES AEROAGR\u00cdCOLAS DEVER\u00c3O SER REALIZADAS COM BASE NO PLANEJAMENTO E OPERACIONAL, A SER EXPEDIDO VIA SISTEMA.<\/p>\n<p class=\"m_Texto_Justificado_Recuo_Primeira_Linha\">QUANDO O SISTEMA ABARCAR UMA BASE DE DADOS ROBUSTA (A MEDIDA QUE OS OPERADORES MIGRAREM PARA O NOVO SISTEMA) SER\u00c1 POSS\u00cdVEL A EMISS\u00c3O DE RELAT\u00d3RIOS ESTAT\u00cdSTICOS E GERENCIAS SOBRE A ATIVIDADE. E DIVERSAS INFORMA\u00c7\u00d5ES PASSAR\u00c3O A SER DISPONBILIZADAS EM PA\u00cdNEIS DE LIVRE ACESSO PELOS USU\u00c1RIOS (DADOS ABERTOS).<\/p>\n<p class=\"m_Texto_Justificado_Recuo_Primeira_Linha\">POR FIM, A M\u00c9DIO PRAZO, SER\u00c1 TAMB\u00c9M IMPLANTADO O M\u00d3DULO <strong>FISCALIZA\u00c7\u00c3O<\/strong>, QUE ABARCAR\u00c1 TODOS OS DOCUMENTOS E INFORMA\u00c7\u00d5ES REFERENTES AS FISCALIZA\u00c7\u00d5ES EFETUADAS PELO MAPA (TERMOS DE FISCALIZA\u00c7\u00c3O, AUTOS DE INFRA\u00c7\u00c3O, INTIMA\u00c7\u00d5ES, ETC).<\/p>\n<pre><span style=\"font-size: 18pt;\"><strong><span dir=\"ltr\">PARA REGISTROS E AUTORIZA\u00c7\u00d5ES<\/span><\/strong><\/span><\/pre>\n<p><span dir=\"ltr\">Registro &#8211; <a href=\"https:\/\/www.gov.br\/agricultura\/pt-br\/assuntos\/insumos-agropecuarios\/aviacao-agricola\/registro\">Clique aqui.<\/a><br \/>\n<\/span><\/p>\n<p><span dir=\"ltr\">Autoriza\u00e7\u00e3o &#8211;<\/span><span dir=\"ltr\"><a href=\"https:\/\/www.gov.br\/agricultura\/pt-br\/assuntos\/insumos-agropecuarios\/aviacao-agricola\/autorizacao\">Clique aqui.<\/a><br \/>\n<\/span><\/p>\n<p>&nbsp;<\/p>\n<p>&nbsp;<\/p>\n<p>&nbsp;<\/p>\n<p style=\"text-align: center;\"><strong>Segue no bot\u00e3o abaixo um PDF com as instru\u00e7\u00f5es de como se cadastrar no SIPAEGRO.<\/strong><\/p>\n<a class=\"https:\/\/sindag.org.br\/site-antigo\/wp-content\/uploads\/2022\/09\/manual-orientacoes-para-registro-no-sipeagro-convencional-v-05-10-2021-1.pdf\" href=\"https:\/\/sindag.org.br\/site-antigo\/wp-content\/uploads\/2022\/09\/manual-orientacoes-para-registro-no-sipeagro-convencional-v-05-10-2021-1.pdf\" target=\"_blank\" rel=\"https:\/\/sindag.org.br\/site-antigo\/wp-content\/uploads\/2022\/09\/manual-orientacoes-para-registro-no-sipeagro-convencional-v-05-10-2021-1.pdf noopener\"><img loading=\"lazy\" decoding=\"async\" class=\"https:\/\/sindag.org.br\/site-antigo\/wp-content\/uploads\/2022\/09\/manual-orientacoes-para-registro-no-sipeagro-convencional-v-05-10-2021-1.pdf aligncenter wp-image-4671\" title=\"https:\/\/sindag.org.br\/site-antigo\/wp-content\/uploads\/2022\/09\/manual-orientacoes-para-registro-no-sipeagro-convencional-v-05-10-2021-1.pdf\" src=\"https:\/\/sindag.org.br\/site-antigo\/wp-content\/uploads\/2021\/06\/W.png\" alt=\"\" width=\"290\" height=\"114\" \/><\/a>\n<p>&nbsp;<\/p>\n<p>&nbsp;<\/p>\n<p>&nbsp;<\/p>\n<p>&nbsp;<\/p>\n<p>&nbsp;<\/p>\n","protected":false},"excerpt":{"rendered":"<p>O QUE \u00c9 O SIPEAGRO O SIPEAGRO &#8211; SISTEMA INTEGRADO DE PRODUTOS E ESTABELECIMENTOS FOI INSTITU\u00cdDO PELA INSTRU\u00c7\u00c3O NORMATIVA N\u00ba 34 DE 21 DE OUTUBRO DE 2015 (15375943), DESTINANDO-SE A TODOS OS REGISTROS E CADASTROS EXISTENTES NO MAPA (ENGLOBA TODAS AS \u00c1REAS DE DEFESA AGROPECU\u00c1RIA, DENTRE ESTAS, A AVIA\u00c7\u00c3O AGR\u00cdCOLA). Clique aqui e acesse o&#8230;  <a class=\"excerpt-read-more\" href=\"https:\/\/sindag.org.br\/site-antigo\/sipeagro-mapa-modulo-aviacao-agricola\/\" title=\"Read Sipeagro | MAPA &#8211; M\u00f3dulo Avia\u00e7\u00e3o Agr\u00edcola\">Leia mais &raquo;<\/a><\/p>\n","protected":false},"author":5,"featured_media":4728,"parent":0,"menu_order":0,"comment_status":"closed","ping_status":"closed","template":"","meta":{"_monsterinsights_skip_tracking":false,"_monsterinsights_sitenote_active":false,"_monsterinsights_sitenote_note":"","_monsterinsights_sitenote_category":0,"footnotes":"","_links_to":"","_links_to_target":""},"class_list":["post-4673","page","type-page","status-publish","has-post-thumbnail","hentry"],"_links":{"self":[{"href":"https:\/\/sindag.org.br\/site-antigo\/wp-json\/wp\/v2\/pages\/4673","targetHints":{"allow":["GET"]}}],"collection":[{"href":"https:\/\/sindag.org.br\/site-antigo\/wp-json\/wp\/v2\/pages"}],"about":[{"href":"https:\/\/sindag.org.br\/site-antigo\/wp-json\/wp\/v2\/types\/page"}],"author":[{"embeddable":true,"href":"https:\/\/sindag.org.br\/site-antigo\/wp-json\/wp\/v2\/users\/5"}],"replies":[{"embeddable":true,"href":"https:\/\/sindag.org.br\/site-antigo\/wp-json\/wp\/v2\/comments?post=4673"}],"version-history":[{"count":0,"href":"https:\/\/sindag.org.br\/site-antigo\/wp-json\/wp\/v2\/pages\/4673\/revisions"}],"wp:featuredmedia":[{"embeddable":true,"href":"https:\/\/sindag.org.br\/site-antigo\/wp-json\/wp\/v2\/media\/4728"}],"wp:attachment":[{"href":"https:\/\/sindag.org.br\/site-antigo\/wp-json\/wp\/v2\/media?parent=4673"}],"curies":[{"name":"wp","href":"https:\/\/api.w.org\/{rel}","templated":true}]}}