{"id":6063,"date":"2021-11-03T16:00:21","date_gmt":"2021-11-03T19:00:21","guid":{"rendered":"https:\/\/sindag.org.br\/site-antigo\/?page_id=6063"},"modified":"2022-01-21T09:54:41","modified_gmt":"2022-01-21T12:54:41","slug":"biblioteca-digital","status":"publish","type":"page","link":"https:\/\/sindag.org.br\/site-antigo\/biblioteca-digital\/","title":{"rendered":"BIBLIOTECA DIGITAL"},"content":{"rendered":"<pre><span style=\"font-size: 14pt;\"><strong>O que \u00e9 uma biblioteca digital?<\/strong><\/span><\/pre>\n<p><span class=\"ILfuVd\"><span class=\"hgKElc\">Por n\u00e3o possuir livros na forma convencional, os t\u00edtulos podem ser acessados em locais espec\u00edficos e de forma remota, por meio de um computador, tablet ou smartphone. Com isso, a informa\u00e7\u00e3o digitalizada pode ser compartilhada instantaneamente e com um custo relativamente baixo, o que \u00e9 uma grande vantagem.<\/span><\/span><\/p>\n<pre><span style=\"font-size: 14pt;\"><strong>Qual o seu objetivo?<\/strong><\/span><\/pre>\n<p>A biblioteca digital tem o objetivo de preservar mem\u00f3ria institucional, al\u00e9m de servir de base para estudos cient\u00edficos na gera\u00e7\u00e3o de estudos no \u00e2mbito acad\u00eamico, atrav\u00e9s de publica\u00e7\u00f5es eletr\u00f4nicas. Os livros podem trazer cole\u00e7\u00f5es hist\u00f3ricas, assim como estudos recentes estudos sobre o setor de avia\u00e7\u00e3o agr\u00edcola.<\/p>\n<pre><strong><span style=\"font-size: 14pt;\">Como ter acesso?<\/span><\/strong><\/pre>\n<p>Voc\u00ea pode acessar nos links abaixo, no subitem cole\u00e7\u00f5es.Em breve teremos mais livros no acervo.<\/p>\n<p>Se voc\u00ea tem interesse em compartilhar livros com o SINDAG, envie um e-mail para sindag@sindag.org.br para passar pelo processo interno da biblioteca digital.<\/p>\n<pre><strong><span style=\"font-size: 14pt;\">Cole\u00e7\u00f5es<\/span><\/strong><\/pre>\n<blockquote><p><strong>Acervo com mais de 70 livros sobre tecnologia de aplica\u00e7\u00e3o<\/strong> &#8211; Doa\u00e7\u00e3o do Eng. Agr. Prof. Jos\u00e9 Carlos Christofolleti &#8211; <span style=\"color: #000080;\"><a style=\"color: #000080;\" href=\"https:\/\/docvirt.com\/docreader.net\/DocReader.aspx?bib=trb_tangara&amp;pagfis=56200\"><strong>Clique aqui e tenha acesso.<\/strong><\/a><\/span><\/p>\n<p>&nbsp;<\/p>\n<p><strong>Planilha de C\u00e1lculo de Produtividade das Aeronaves Agr\u00edcolas<\/strong> &#8211; Desenvolvida pelo Eng. Agr. Eduardo Cordeiro de Ara\u00fajo &#8211; <strong><a href=\"https:\/\/drive.google.com\/file\/d\/10zUx0EtYISWIKJsnpvJZLT_1vH-m1BEQ\/view?usp=sharing\"><span style=\"color: #000080;\">Clique aqui para realizar o download <\/span><\/a>\u00a0 (<\/strong>este programa necessita ser instalado em computador com sistema Windows)<\/p>\n<p>&nbsp;<\/p>\n<p><strong>Fundamentos para aplica\u00e7\u00e3o de herbicidas em cana-de-a\u00e7\u00facar<\/strong> &#8211; Boletim T\u00e9cnico IAC<br \/>\n<span style=\"color: #000080;\"><strong><a style=\"color: #000080;\" href=\"https:\/\/sindag.org.br\/site-antigo\/wp-content\/uploads\/2022\/01\/CANA-DE-ACUCAR-Fundamentos-Aplicacao-Herbicidas-IAC.pdf\">Clique aqui e tenha acesso<\/a><\/strong><\/span><\/p><\/blockquote>\n","protected":false},"excerpt":{"rendered":"<p>O que \u00e9 uma biblioteca digital? Por n\u00e3o possuir livros na forma convencional, os t\u00edtulos podem ser acessados em locais espec\u00edficos e de forma remota, por meio de um computador, tablet ou smartphone. Com isso, a informa\u00e7\u00e3o digitalizada pode ser compartilhada instantaneamente e com um custo relativamente baixo, o que \u00e9 uma grande vantagem. Qual&#8230;  <a class=\"excerpt-read-more\" href=\"https:\/\/sindag.org.br\/site-antigo\/biblioteca-digital\/\" title=\"Read BIBLIOTECA DIGITAL\">Leia mais &raquo;<\/a><\/p>\n","protected":false},"author":5,"featured_media":6065,"parent":0,"menu_order":0,"comment_status":"closed","ping_status":"closed","template":"","meta":{"_monsterinsights_skip_tracking":false,"_monsterinsights_sitenote_active":false,"_monsterinsights_sitenote_note":"","_monsterinsights_sitenote_category":0,"footnotes":"","_links_to":"","_links_to_target":""},"class_list":["post-6063","page","type-page","status-publish","has-post-thumbnail","hentry"],"_links":{"self":[{"href":"https:\/\/sindag.org.br\/site-antigo\/wp-json\/wp\/v2\/pages\/6063","targetHints":{"allow":["GET"]}}],"collection":[{"href":"https:\/\/sindag.org.br\/site-antigo\/wp-json\/wp\/v2\/pages"}],"about":[{"href":"https:\/\/sindag.org.br\/site-antigo\/wp-json\/wp\/v2\/types\/page"}],"author":[{"embeddable":true,"href":"https:\/\/sindag.org.br\/site-antigo\/wp-json\/wp\/v2\/users\/5"}],"replies":[{"embeddable":true,"href":"https:\/\/sindag.org.br\/site-antigo\/wp-json\/wp\/v2\/comments?post=6063"}],"version-history":[{"count":0,"href":"https:\/\/sindag.org.br\/site-antigo\/wp-json\/wp\/v2\/pages\/6063\/revisions"}],"wp:featuredmedia":[{"embeddable":true,"href":"https:\/\/sindag.org.br\/site-antigo\/wp-json\/wp\/v2\/media\/6065"}],"wp:attachment":[{"href":"https:\/\/sindag.org.br\/site-antigo\/wp-json\/wp\/v2\/media?parent=6063"}],"curies":[{"name":"wp","href":"https:\/\/api.w.org\/{rel}","templated":true}]}}