{"id":6175,"date":"2021-11-17T14:54:36","date_gmt":"2021-11-17T17:54:36","guid":{"rendered":"https:\/\/sindag.org.br\/site-antigo\/?page_id=6175"},"modified":"2021-11-17T15:02:09","modified_gmt":"2021-11-17T18:02:09","slug":"programa-decolar","status":"publish","type":"page","link":"https:\/\/sindag.org.br\/site-antigo\/programa-decolar\/","title":{"rendered":"Decolar"},"content":{"rendered":"<h2 style=\"text-align: center;\"><span style=\"color: #ff6600;\">Programa de Desenvolvimento de Colaboradores<\/span><a href=\"https:\/\/sindag.org.br\/site-antigo\/wp-content\/uploads\/2021\/11\/decolar-logo-e1637169903624.png\"><img loading=\"lazy\" decoding=\"async\" class=\"aligncenter wp-image-6177\" src=\"https:\/\/sindag.org.br\/site-antigo\/wp-content\/uploads\/2021\/11\/decolar-logo-e1637169903624.png\" alt=\"\" width=\"81\" height=\"123\" \/><\/a><\/h2>\n<pre style=\"text-align: left;\"><span style=\"font-size: 14pt;\">Objetivo<\/span><\/pre>\n<p>Alavancar o desenvolvimento da equipe Sindag e potencializar as habilidades individuais.<\/p>\n<p style=\"text-align: center;\"><span style=\"color: #ff6600;\"><em>&#8220;Visualizar o futuro \u00e9 importante.<\/em><\/span><br \/>\n<span style=\"color: #ff6600;\"><em>Estar preparado para chegar l\u00e1 \u00e9 essencial.&#8221;<\/em><\/span><\/p>\n<pre><span style=\"font-size: 14pt;\">Maiores benef\u00edcios de um Plano de Desenvolvimento Individual:<\/span><\/pre>\n<ul>\n<li>&#8211; Identificar habilidades e compet\u00eancias<\/li>\n<li>&#8211; Compreender a tend\u00eancia de capacidade potencial futura<\/li>\n<li>&#8211; Aperfei\u00e7oar as entregas profissionais<\/li>\n<li>&#8211; Estar preparado para o cen\u00e1rio de 2022<\/li>\n<li>&#8211; Facilidade na programa\u00e7\u00e3o de a\u00e7\u00f5es futuras<\/li>\n<li>&#8211; Proporcionar autoconhecimento<\/li>\n<\/ul>\n<pre><span style=\"font-size: 14pt;\">Defini\u00e7\u00e3o das compet\u00eancias da equipe<\/span><\/pre>\n<a href=\"https:\/\/sindag.org.br\/site-antigo\/wp-content\/uploads\/2021\/11\/planta.png\"><img loading=\"lazy\" decoding=\"async\" class=\"wp-image-6180 alignleft\" src=\"https:\/\/sindag.org.br\/site-antigo\/wp-content\/uploads\/2021\/11\/planta.png\" alt=\"\" width=\"82\" height=\"82\" srcset=\"https:\/\/sindag.org.br\/site-antigo\/wp-content\/uploads\/2021\/11\/planta.png 1080w, https:\/\/sindag.org.br\/site-antigo\/wp-content\/uploads\/2021\/11\/planta-720x720.png 720w, https:\/\/sindag.org.br\/site-antigo\/wp-content\/uploads\/2021\/11\/planta-480x480.png 480w, https:\/\/sindag.org.br\/site-antigo\/wp-content\/uploads\/2021\/11\/planta-768x768.png 768w, https:\/\/sindag.org.br\/site-antigo\/wp-content\/uploads\/2021\/11\/planta-150x150.png 150w, https:\/\/sindag.org.br\/site-antigo\/wp-content\/uploads\/2021\/11\/planta-125x125.png 125w\" sizes=\"auto, (max-width: 82px) 100vw, 82px\" \/><\/a>\n<p><strong>Neg\u00f3cio<\/strong><br \/>\nConhecer o neg\u00f3cio aprendendo e reaprendendo.<\/p>\n<p>&nbsp;<\/p>\n<a href=\"https:\/\/sindag.org.br\/site-antigo\/wp-content\/uploads\/2021\/11\/trator.png\"><img loading=\"lazy\" decoding=\"async\" class=\"wp-image-6179 alignleft\" src=\"https:\/\/sindag.org.br\/site-antigo\/wp-content\/uploads\/2021\/11\/trator.png\" alt=\"\" width=\"92\" height=\"92\" srcset=\"https:\/\/sindag.org.br\/site-antigo\/wp-content\/uploads\/2021\/11\/trator.png 1080w, https:\/\/sindag.org.br\/site-antigo\/wp-content\/uploads\/2021\/11\/trator-720x720.png 720w, https:\/\/sindag.org.br\/site-antigo\/wp-content\/uploads\/2021\/11\/trator-480x480.png 480w, https:\/\/sindag.org.br\/site-antigo\/wp-content\/uploads\/2021\/11\/trator-768x768.png 768w, https:\/\/sindag.org.br\/site-antigo\/wp-content\/uploads\/2021\/11\/trator-150x150.png 150w, https:\/\/sindag.org.br\/site-antigo\/wp-content\/uploads\/2021\/11\/trator-125x125.png 125w\" sizes=\"auto, (max-width: 92px) 100vw, 92px\" \/><\/a>\n<p><strong>Gest\u00e3o<\/strong><br \/>\nImport\u00e2ncia da execu\u00e7\u00e3o dos processos e ritos.<\/p>\n<p>&nbsp;<\/p>\n<a href=\"https:\/\/sindag.org.br\/site-antigo\/wp-content\/uploads\/2021\/11\/fazenda.png\"><img loading=\"lazy\" decoding=\"async\" class=\"wp-image-6181 alignleft\" src=\"https:\/\/sindag.org.br\/site-antigo\/wp-content\/uploads\/2021\/11\/fazenda.png\" alt=\"\" width=\"92\" height=\"92\" srcset=\"https:\/\/sindag.org.br\/site-antigo\/wp-content\/uploads\/2021\/11\/fazenda.png 1080w, https:\/\/sindag.org.br\/site-antigo\/wp-content\/uploads\/2021\/11\/fazenda-720x720.png 720w, https:\/\/sindag.org.br\/site-antigo\/wp-content\/uploads\/2021\/11\/fazenda-480x480.png 480w, https:\/\/sindag.org.br\/site-antigo\/wp-content\/uploads\/2021\/11\/fazenda-768x768.png 768w, https:\/\/sindag.org.br\/site-antigo\/wp-content\/uploads\/2021\/11\/fazenda-150x150.png 150w, https:\/\/sindag.org.br\/site-antigo\/wp-content\/uploads\/2021\/11\/fazenda-125x125.png 125w\" sizes=\"auto, (max-width: 92px) 100vw, 92px\" \/><\/a>\n<p><strong>Gente<\/strong><br \/>\nTer clareza das compet\u00eancias ecomportamentos necess\u00e1rios para atingiros resultados propostos.<\/p>\n<p>&nbsp;<\/p>\n<pre><span style=\"font-size: 14pt;\">Linha do Tempo<\/span><\/pre>\n<p style=\"text-align: center;\"><strong><span style=\"font-size: 14pt;\">Calend\u00e1rio de desenvolvimento:<\/span><\/strong><\/p>\n<a href=\"https:\/\/sindag.org.br\/site-antigo\/wp-content\/uploads\/2021\/11\/decolar.png\"><img loading=\"lazy\" decoding=\"async\" class=\"aligncenter size-full wp-image-6176\" src=\"https:\/\/sindag.org.br\/site-antigo\/wp-content\/uploads\/2021\/11\/decolar.png\" alt=\"\" width=\"947\" height=\"334\" srcset=\"https:\/\/sindag.org.br\/site-antigo\/wp-content\/uploads\/2021\/11\/decolar.png 947w, https:\/\/sindag.org.br\/site-antigo\/wp-content\/uploads\/2021\/11\/decolar-720x254.png 720w, https:\/\/sindag.org.br\/site-antigo\/wp-content\/uploads\/2021\/11\/decolar-768x271.png 768w\" sizes=\"auto, (max-width: 947px) 100vw, 947px\" \/><\/a>\n<pre><span style=\"font-size: 14pt;\">Coordenadora do Projeto:<\/span><\/pre>\n<p><strong><span style=\"font-size: 14pt;\"><a href=\"https:\/\/sindag.org.br\/site-antigo\/wp-content\/uploads\/2021\/11\/mulher.png\"><img loading=\"lazy\" decoding=\"async\" class=\"wp-image-6178 alignleft\" src=\"https:\/\/sindag.org.br\/site-antigo\/wp-content\/uploads\/2021\/11\/mulher.png\" alt=\"\" width=\"213\" height=\"213\" srcset=\"https:\/\/sindag.org.br\/site-antigo\/wp-content\/uploads\/2021\/11\/mulher.png 1080w, https:\/\/sindag.org.br\/site-antigo\/wp-content\/uploads\/2021\/11\/mulher-720x720.png 720w, https:\/\/sindag.org.br\/site-antigo\/wp-content\/uploads\/2021\/11\/mulher-480x480.png 480w, https:\/\/sindag.org.br\/site-antigo\/wp-content\/uploads\/2021\/11\/mulher-768x768.png 768w, https:\/\/sindag.org.br\/site-antigo\/wp-content\/uploads\/2021\/11\/mulher-150x150.png 150w, https:\/\/sindag.org.br\/site-antigo\/wp-content\/uploads\/2021\/11\/mulher-125x125.png 125w\" sizes=\"auto, (max-width: 213px) 100vw, 213px\" \/><\/a>Ana L. Lunardi<\/span><\/strong><\/p>\n<p>Psic\u00f3loga, Consultora na \u00e1rea de pessoas, Coach decarreira e de executivos, especialista em perfilcomportamental e desenvolvimento individual e grupos.Mestre em Engenharia de Produ\u00e7\u00e3o. Viv\u00eancia de mais de15 anos em Recursos Humanos atuando em cargos deespecialista e gest\u00e3o. Vasta experi\u00eancia na cria\u00e7\u00e3o,facilita\u00e7\u00e3o e coordena\u00e7\u00e3o de equipes de lideran\u00e7a.<\/p>\n","protected":false},"excerpt":{"rendered":"<p>Programa de Desenvolvimento de Colaboradores Objetivo Alavancar o desenvolvimento da equipe Sindag e potencializar as habilidades individuais. &#8220;Visualizar o futuro \u00e9 importante. Estar preparado para chegar l\u00e1 \u00e9 essencial.&#8221; Maiores benef\u00edcios de um Plano de Desenvolvimento Individual: &#8211; Identificar habilidades e compet\u00eancias &#8211; Compreender a tend\u00eancia de capacidade potencial futura &#8211; Aperfei\u00e7oar as entregas profissionais&#8230;  <a class=\"excerpt-read-more\" href=\"https:\/\/sindag.org.br\/site-antigo\/programa-decolar\/\" title=\"Read Decolar\">Leia mais &raquo;<\/a><\/p>\n","protected":false},"author":5,"featured_media":6182,"parent":0,"menu_order":0,"comment_status":"closed","ping_status":"closed","template":"","meta":{"_monsterinsights_skip_tracking":false,"_monsterinsights_sitenote_active":false,"_monsterinsights_sitenote_note":"","_monsterinsights_sitenote_category":0,"footnotes":"","_links_to":"","_links_to_target":""},"class_list":["post-6175","page","type-page","status-publish","has-post-thumbnail","hentry"],"_links":{"self":[{"href":"https:\/\/sindag.org.br\/site-antigo\/wp-json\/wp\/v2\/pages\/6175","targetHints":{"allow":["GET"]}}],"collection":[{"href":"https:\/\/sindag.org.br\/site-antigo\/wp-json\/wp\/v2\/pages"}],"about":[{"href":"https:\/\/sindag.org.br\/site-antigo\/wp-json\/wp\/v2\/types\/page"}],"author":[{"embeddable":true,"href":"https:\/\/sindag.org.br\/site-antigo\/wp-json\/wp\/v2\/users\/5"}],"replies":[{"embeddable":true,"href":"https:\/\/sindag.org.br\/site-antigo\/wp-json\/wp\/v2\/comments?post=6175"}],"version-history":[{"count":0,"href":"https:\/\/sindag.org.br\/site-antigo\/wp-json\/wp\/v2\/pages\/6175\/revisions"}],"wp:featuredmedia":[{"embeddable":true,"href":"https:\/\/sindag.org.br\/site-antigo\/wp-json\/wp\/v2\/media\/6182"}],"wp:attachment":[{"href":"https:\/\/sindag.org.br\/site-antigo\/wp-json\/wp\/v2\/media?parent=6175"}],"curies":[{"name":"wp","href":"https:\/\/api.w.org\/{rel}","templated":true}]}}