{"id":6254,"date":"2021-11-25T14:48:39","date_gmt":"2021-11-25T17:48:39","guid":{"rendered":"https:\/\/sindag.org.br\/site-antigo\/?page_id=6254"},"modified":"2026-02-12T18:33:49","modified_gmt":"2026-02-12T21:33:49","slug":"clube-de-vantagens-2","status":"publish","type":"page","link":"https:\/\/sindag.org.br\/site-antigo\/clube-de-vantagens-2\/","title":{"rendered":"Clube de Vantagens"},"content":{"rendered":"<img loading=\"lazy\" decoding=\"async\" class=\"wp-image-6251 aligncenter\" src=\"https:\/\/sindag.org.br\/site-antigo\/wp-content\/uploads\/2021\/11\/cv-sem-1.png\" alt=\"\" width=\"137\" height=\"137\" srcset=\"https:\/\/sindag.org.br\/site-antigo\/wp-content\/uploads\/2021\/11\/cv-sem-1.png 1080w, https:\/\/sindag.org.br\/site-antigo\/wp-content\/uploads\/2021\/11\/cv-sem-1-720x720.png 720w, https:\/\/sindag.org.br\/site-antigo\/wp-content\/uploads\/2021\/11\/cv-sem-1-480x480.png 480w, https:\/\/sindag.org.br\/site-antigo\/wp-content\/uploads\/2021\/11\/cv-sem-1-768x768.png 768w, https:\/\/sindag.org.br\/site-antigo\/wp-content\/uploads\/2021\/11\/cv-sem-1-150x150.png 150w, https:\/\/sindag.org.br\/site-antigo\/wp-content\/uploads\/2021\/11\/cv-sem-1-125x125.png 125w\" sizes=\"auto, (max-width: 137px) 100vw, 137px\" \/>\n<p style=\"text-align: center;\"><strong><span style=\"font-size: 18pt;\">Sabia que o associado SINDAG tem diversos benef\u00edcios?<\/span><\/strong><\/p>\n<p style=\"text-align: center;\">No\u00a0<strong>clube de vantagens<\/strong>\u00a0sua empresa tem acesso a descontos que podem alavancar o neg\u00f3cio!<br \/>\n<em>Fa\u00e7a contato com as empresas que participam desta parceria e aproveite os privil\u00e9gios!<\/em><\/p>\n<p style=\"text-align: center;\"><span style=\"font-size: 18pt;\"><strong>Qualquer d\u00favida, entre em contato com:<\/strong><\/span><\/p>\n<ol>\n<li style=\"text-align: center;\"><strong><span style=\"font-family: helvetica, arial, sans-serif; font-size: 14pt;\">\u00c9rika Vanuzi Rodrigues<\/span><\/strong><\/li>\n<li style=\"text-align: center;\"><span style=\"font-size: 12pt;\"><strong><span style=\"font-family: helvetica, arial, sans-serif;\">\u00a0Financeiro do SINDAG<\/span><\/strong><\/span><\/li>\n<li style=\"text-align: center;\"><strong>Email: financeiro@sindag.org.br<\/strong><\/li>\n<\/ol>\n<p style=\"text-align: center;\"><strong><span style=\"font-family: helvetica, arial, sans-serif; font-size: 14pt;\">Fone\/Whats: <\/span><\/strong><strong><span style=\"font-family: helvetica, arial, sans-serif; font-size: 14pt;\">(51) 3337.5013 &#8211; <span style=\"color: #000080;\"><a style=\"color: #000080;\" href=\"https:\/\/contate.me\/sindag\">Clique aqui para WhatsApp<\/a><\/span><\/span><\/strong><\/p>\n<pre><span style=\"font-size: 24pt;\"> QUAIS MEUS BENEF\u00cdCIOS?<\/span><\/pre>\n<p>&nbsp;<\/p>\n<a href=\"https:\/\/www.orbia.ag\/\"><img loading=\"lazy\" decoding=\"async\" class=\"wp-image-6248 alignleft\" src=\"https:\/\/sindag.org.br\/site-antigo\/wp-content\/uploads\/2021\/11\/Logo-orbia-menor.png\" alt=\"\" width=\"288\" height=\"77\" \/><\/a>\n<p>As empresas associadas ao SINDAG,\u00a0 podem participar do Programa de pontos da ORBIA, onde os produtores trocam seus pontos por aplica\u00e7\u00e3o a\u00e9rea!<br \/>\n<strong>Como participar? <\/strong>Empresas interessadas em participar da ORBIA devem preencher o formul\u00e1rio:<br \/>\n<a href=\"https:\/\/orbia.zeev.it\/2.0\/anonymous?c=jo6LGph9a3mRtUx6rxPpnA3yz7uNmUB9cfTLNoWP1MI6iJVms7g1EhnsCw2Dpmn0OvpxAJXWbXaMSxsVuQ60GMzwoG7otHkPP3MdPzKBEdE%3D#top\"><img loading=\"lazy\" decoding=\"async\" class=\"aligncenter wp-image-6268\" src=\"https:\/\/sindag.org.br\/site-antigo\/wp-content\/uploads\/2021\/11\/FORM.png\" alt=\"\" width=\"97\" height=\"97\" srcset=\"https:\/\/sindag.org.br\/site-antigo\/wp-content\/uploads\/2021\/11\/FORM.png 1080w, https:\/\/sindag.org.br\/site-antigo\/wp-content\/uploads\/2021\/11\/FORM-720x720.png 720w, https:\/\/sindag.org.br\/site-antigo\/wp-content\/uploads\/2021\/11\/FORM-480x480.png 480w, https:\/\/sindag.org.br\/site-antigo\/wp-content\/uploads\/2021\/11\/FORM-768x768.png 768w, https:\/\/sindag.org.br\/site-antigo\/wp-content\/uploads\/2021\/11\/FORM-150x150.png 150w, https:\/\/sindag.org.br\/site-antigo\/wp-content\/uploads\/2021\/11\/FORM-125x125.png 125w\" sizes=\"auto, (max-width: 97px) 100vw, 97px\" \/><\/a><\/p>\n<p style=\"text-align: center;\">VALOR DO CONTRATO \ud83d\udcb0 \u2013 R$65 por hectare (a descontar R$3,25 comiss\u00e3o da Orbia por hectare e R$3,57 por hectare que o associado deve fazer o repasse ao Sindag ap\u00f3s recebimento pela presta\u00e7\u00e3o do servi\u00e7o) Valor final para empresa R$58,18\u00a0por\u00a0hectare<\/p>\n<pre><span style=\"font-size: 24pt;\">EMPRESAS PARCEIRAS\r\n<\/span><\/pre>\n<h3><span style=\"color: #333333;\"><strong><span style=\"font-family: georgia, palatino, serif;\">As empresas listadas a baixo tem parceria com o Sindicato e portanto fornecem descontos aos nossos associados! \u00c9 s\u00f3 entrar em contato com a que melhor se encaixa no seu empreendimento e aproveitar o benef\u00edcio \ud83d\ude42<\/span><\/strong><\/span><\/h3>\n<p>&nbsp;<\/p>\n<p><a href=\"https:\/\/sindag.org.br\/site-antigo\/wp-content\/uploads\/2021\/12\/prevone.png\"><img loading=\"lazy\" decoding=\"async\" class=\"wp-image-6329 alignleft\" src=\"https:\/\/sindag.org.br\/site-antigo\/wp-content\/uploads\/2021\/12\/prevone.png\" alt=\"\" width=\"190\" height=\"158\" \/><\/a>Empresa capacitada a prevenir, identificar e tratar casos de uso abusivo de \u00e1lcool e drogas e de depend\u00eancia qu\u00edmica, utilizando conhecimentos atualizados com abordagens cientificamente validadas.<br \/>\n<strong>Servi\u00e7os oferecidos:<\/strong> RBAC 120, sa\u00fade mental, tabagismo, hipertens\u00e3o, diabetes e obesidade.<br \/>\n<strong>Como contratar?<\/strong> Mande um e-mail para: Gleice &#8211; <span style=\"color: #3366ff;\"><a style=\"color: #3366ff;\" href=\"mailto:comercial@prev-one.com.br\">comercial@prev-one.com.br<\/a><\/span><\/p>\n<p>&nbsp;<\/p>\n<a href=\"https:\/\/sindag.org.br\/site-antigo\/wp-content\/uploads\/2021\/12\/prevone2.png\"><img loading=\"lazy\" decoding=\"async\" class=\"aligncenter wp-image-6330\" src=\"https:\/\/sindag.org.br\/site-antigo\/wp-content\/uploads\/2021\/12\/prevone2.png\" alt=\"\" width=\"553\" height=\"161\" srcset=\"https:\/\/sindag.org.br\/site-antigo\/wp-content\/uploads\/2021\/12\/prevone2.png 1071w, https:\/\/sindag.org.br\/site-antigo\/wp-content\/uploads\/2021\/12\/prevone2-720x210.png 720w, https:\/\/sindag.org.br\/site-antigo\/wp-content\/uploads\/2021\/12\/prevone2-768x224.png 768w\" sizes=\"auto, (max-width: 553px) 100vw, 553px\" \/><\/a>\n<p>&nbsp;<\/p>\n<p><iframe loading=\"lazy\" title=\"AVAGCAST Epis\u00f3dio VI PREVONE\" width=\"680\" height=\"383\" src=\"https:\/\/www.youtube.com\/embed\/Mv9i_8K2LVU?start=66&#038;feature=oembed\" frameborder=\"0\" allow=\"accelerometer; autoplay; clipboard-write; encrypted-media; gyroscope; picture-in-picture; web-share\" referrerpolicy=\"strict-origin-when-cross-origin\" allowfullscreen><\/iframe><\/p>\n<p style=\"text-align: center;\">_________________________________________________________________________________________________________________________<\/p>\n<p>&nbsp;<\/p>\n<p><a href=\"https:\/\/sindag.org.br\/site-antigo\/wp-content\/uploads\/2023\/02\/WhatsApp-Image-2023-02-19-at-20.18.58.jpeg\"><img loading=\"lazy\" decoding=\"async\" class=\" wp-image-8862 alignleft\" src=\"https:\/\/sindag.org.br\/site-antigo\/wp-content\/uploads\/2023\/02\/WhatsApp-Image-2023-02-19-at-20.18.58.jpeg\" alt=\"\" width=\"360\" height=\"154\" srcset=\"https:\/\/sindag.org.br\/site-antigo\/wp-content\/uploads\/2023\/02\/WhatsApp-Image-2023-02-19-at-20.18.58.jpeg 1600w, https:\/\/sindag.org.br\/site-antigo\/wp-content\/uploads\/2023\/02\/WhatsApp-Image-2023-02-19-at-20.18.58-720x308.jpeg 720w, https:\/\/sindag.org.br\/site-antigo\/wp-content\/uploads\/2023\/02\/WhatsApp-Image-2023-02-19-at-20.18.58-768x328.jpeg 768w, https:\/\/sindag.org.br\/site-antigo\/wp-content\/uploads\/2023\/02\/WhatsApp-Image-2023-02-19-at-20.18.58-1536x657.jpeg 1536w\" sizes=\"auto, (max-width: 360px) 100vw, 360px\" \/><\/a>BoosterPRO \u00e9 a maior plataforma de intelig\u00eancia clim\u00e1tica da Am\u00e9rica Latina que gera modelos agron\u00f4micos e clim\u00e1ticos que permitem uma melhor tomada de decis\u00f5es em campo. Isso, atrav\u00e9s do monitoramento das lavouras via sensores, imagens de sat\u00e9lite, caderno de campo digital e outras aplica\u00e7\u00f5es que integram diferentes fontes de dados. J\u00e1 s\u00e3o mais de 100 mil produtores e 48 milh\u00f5es de hectares em 9 pa\u00edses<br \/>\n<strong>Como contratar?\u00a0<\/strong>Fale com Victor Teles: (19) 99707-9287<br \/>\n<strong>Site: <\/strong><a href=\"http:\/\/agrosmart.com.br\">agrosmart.com.br<\/a><\/p>\n<p>&nbsp;<\/p>\n<p style=\"text-align: center;\">_________________________________________________________________________________________________________________________<\/p>\n<p>&nbsp;<\/p>\n<h3><span style=\"font-size: 14pt;\"><strong>SEGURO DE VIDA<\/strong><\/span><\/h3>\n<h3><span style=\"font-size: 12pt;\">Imperd\u00edvel condi\u00e7\u00e3o em Seguro de Vida para os colaboradores da sua empresa e conta com possibilidade de inclus\u00e3o dos <strong>PILOTOS AGR\u00cdCOLAS.<\/strong><\/span><\/h3>\n<h3><span style=\"font-size: 12pt;\">Entre os diferenciais est\u00e3o:\u00a0o custo extremamente reduzido em rela\u00e7\u00e3o ao mercado e tamb\u00e9m a agilidade em acessar os benef\u00edcios do Seguro, caso for acionado, o que pode colaborar muito em caso de ocorrer o falecimento de um colaborador.<\/span><\/h3>\n<h3><span style=\"font-size: 12pt;\">Em parceria com a empresa MONGERAL, este seguro j\u00e1 foi testado\u00a0por empresas da diretoria do Sindag, e aprovado!<\/span><\/h3>\n<p><strong><a href=\"https:\/\/www.youtube.com\/watch?v=mjFJdQu6W4c\">CLIQUE AQUI PARA VER A GRAVA\u00c7\u00c3O DA LIVE COM TODAS AS INFORMA\u00c7\u00d5ES<\/a>\u00a0<\/strong><\/p>\n<h3><span style=\"font-size: 12pt;\"><strong><span style=\"color: #000080;\"><a style=\"color: #000080;\" href=\"https:\/\/whatsform.com\/SINDAG\">Clique aqui para receber informa\u00e7\u00f5es e or\u00e7amento.<\/a><\/span><\/strong><\/span><\/h3>\n<p><iframe loading=\"lazy\" title=\"Clube de Vantagens SINDAG - Seguro de Vida\" width=\"680\" height=\"383\" src=\"https:\/\/www.youtube.com\/embed\/mjFJdQu6W4c?start=6&#038;feature=oembed\" frameborder=\"0\" allow=\"accelerometer; autoplay; clipboard-write; encrypted-media; gyroscope; picture-in-picture; web-share\" referrerpolicy=\"strict-origin-when-cross-origin\" allowfullscreen><\/iframe><\/p>\n<p>&nbsp;<\/p>\n<p><iframe loading=\"lazy\" title=\"AVAGCAST Epis\u00f3dio VII PUTTINI\" width=\"680\" height=\"383\" src=\"https:\/\/www.youtube.com\/embed\/h_Wel2zzod0?start=88&#038;feature=oembed\" frameborder=\"0\" allow=\"accelerometer; autoplay; clipboard-write; encrypted-media; gyroscope; picture-in-picture; web-share\" referrerpolicy=\"strict-origin-when-cross-origin\" allowfullscreen><\/iframe><\/p>\n<p style=\"text-align: center;\">____________________________________________________________________________________________________________________<\/p>\n<p>&nbsp;<\/p>\n<p style=\"text-align: left;\"><img loading=\"lazy\" decoding=\"async\" class=\"alignleft wp-image-6927 \" src=\"https:\/\/sindag.org.br\/site-antigo\/wp-content\/uploads\/2022\/03\/Agencia-Viagens-480x346.jpg\" alt=\"\" width=\"210\" height=\"152\" \/><\/p>\n<p style=\"text-align: left;\">Na Big Dream, acreditamos que as viagens podem transformar a sua vida, e por isso nos propomos a ser a melhor assessoria e curadoria para <strong>viagens de lazer e corporativas<\/strong>.<\/p>\n<p style=\"text-align: left;\"><strong>N\u00famero geral da ag\u00eancia:<\/strong> +55 54 99266 0008<\/p>\n<p style=\"text-align: left; padding-left: 240px;\"><strong>Email:<\/strong> atendimento@bigdream.com.br<\/p>\n<p><iframe loading=\"lazy\" title=\"AVAGCAST Epis\u00f3dio V BIGDREAM\" width=\"680\" height=\"383\" src=\"https:\/\/www.youtube.com\/embed\/eQCTCbPgdME?feature=oembed\" frameborder=\"0\" allow=\"accelerometer; autoplay; clipboard-write; encrypted-media; gyroscope; picture-in-picture; web-share\" referrerpolicy=\"strict-origin-when-cross-origin\" allowfullscreen><\/iframe><\/p>\n<p style=\"text-align: center;\">_________________________________________________________________________________________________________________________<\/p>\n<p>&nbsp;<\/p>\n<p style=\"text-align: center;\"><span style=\"font-size: 14pt;\"><strong>SISTEMA DE GEST\u00c3O AEROAGR\u00cdCOLA<\/strong><\/span><\/p>\n<a href=\"https:\/\/sindag.org.br\/site-antigo\/wp-content\/uploads\/2023\/04\/Logo-AgroFly-Sistemas-2000x1200-1.png\"><img loading=\"lazy\" decoding=\"async\" class=\"wp-image-9237 alignleft\" src=\"https:\/\/sindag.org.br\/site-antigo\/wp-content\/uploads\/2023\/04\/Logo-AgroFly-Sistemas-2000x1200-1.png\" alt=\"\" width=\"310\" height=\"186\" srcset=\"https:\/\/sindag.org.br\/site-antigo\/wp-content\/uploads\/2023\/04\/Logo-AgroFly-Sistemas-2000x1200-1.png 2000w, https:\/\/sindag.org.br\/site-antigo\/wp-content\/uploads\/2023\/04\/Logo-AgroFly-Sistemas-2000x1200-1-720x432.png 720w, https:\/\/sindag.org.br\/site-antigo\/wp-content\/uploads\/2023\/04\/Logo-AgroFly-Sistemas-2000x1200-1-1920x1152.png 1920w, https:\/\/sindag.org.br\/site-antigo\/wp-content\/uploads\/2023\/04\/Logo-AgroFly-Sistemas-2000x1200-1-768x461.png 768w, https:\/\/sindag.org.br\/site-antigo\/wp-content\/uploads\/2023\/04\/Logo-AgroFly-Sistemas-2000x1200-1-1536x922.png 1536w\" sizes=\"auto, (max-width: 310px) 100vw, 310px\" \/><\/a>\n<p>Com foco em empresas aeroagr\u00edcolas, a AgroFly Sistemas disp\u00f5e do software AF Agr\u00edcola que gerencia e acelera os processos de gest\u00e3o operacional e administrativa, coordena\u00e7\u00e3o, manuten\u00e7\u00e3o e SGSO, agilizando os fluxos de trabalho dentro da empresa e mantendo os gestores informados sobre a situa\u00e7\u00e3o atual das aplica\u00e7\u00f5es com seus clientes.<br \/>\n<strong>Tenha o controle da sua safra e obtenha as informa\u00e7\u00f5es operacionais de seus pilotos em tempo real<\/strong> com nosso APLICATIVO M\u00d3VEL que interage diretamente com o software AF Agr\u00edcola, fornecendo recursos de sincroniza\u00e7\u00e3o de ordens de servi\u00e7o, di\u00e1rio de bordo, reportes operacionais, etc. Ap\u00f3s sincronizados, os dados ficam dispon\u00edveis tanto on-line quanto off-line no aparelho. O piloto ter\u00e1 na palma das m\u00e3os os dados da aplica\u00e7\u00e3o como cliente, fazenda, pista, hectares, vaz\u00e3o, produtos, cultura, informes de hor\u00edmetros da aeronave, di\u00e1rio de bordo, gastos e reportes operacionais, tudo em tempo real, permitindo assim uma melhor organiza\u00e7\u00e3o dos servi\u00e7os.<\/p>\n<p style=\"text-align: center;\"><a href=\"https:\/\/api.whatsapp.com\/send?phone=5565992660168\"><span style=\"font-size: 14pt;\"><strong>WhatsApp:<\/strong> (65) 99266-0168 Raldiney Santos<\/span><\/a><\/p>\n<p><iframe loading=\"lazy\" title=\"AVAGCAST Epis\u00f3dio IV AGROFLY SISTEMAS\" width=\"680\" height=\"383\" src=\"https:\/\/www.youtube.com\/embed\/uHCx0cKXbDI?start=33&#038;feature=oembed\" frameborder=\"0\" allow=\"accelerometer; autoplay; clipboard-write; encrypted-media; gyroscope; picture-in-picture; web-share\" referrerpolicy=\"strict-origin-when-cross-origin\" allowfullscreen><\/iframe><\/p>\n<p style=\"text-align: center;\">_________________________________________________________________________________________________________________________<\/p>\n<p>&nbsp;<\/p>\n<img loading=\"lazy\" decoding=\"async\" class=\"size-full wp-image-7321 alignleft\" src=\"https:\/\/sindag.org.br\/site-antigo\/wp-content\/uploads\/2022\/05\/Imagem2.png\" alt=\"\" width=\"300\" height=\"86\" \/>\n<p><strong>Adquira seu diploma de t\u00e9cnico por compet\u00eancia em 30 dias, v\u00e1lido em todo Brasil.\u00a0<\/strong>Se voc\u00ea tem mais de um ano de experi\u00eancia na sua \u00e1rea de atua\u00e7\u00e3o, poder\u00e1 ser reconhecido como T\u00e9cnico por Compet\u00eancia. Processo 100% EAD e sem burocracia.<\/p>\n<p>&nbsp;<\/p>\n<p style=\"text-align: center;\"><span style=\"font-size: 14pt; color: #0000ff;\"><em><a style=\"color: #0000ff;\" href=\"https:\/\/wa.me\/message\/YLBQGMPGUQCNJ1\">Converse com a Daniele &#8211; Gerente Comercial do IBQP.\u00a0 Clique aqui!<\/a><\/em><\/span><\/p>\n<p>&nbsp;<\/p>\n<p style=\"text-align: center;\">_________________________________________________________________________________________________________________________<\/p>\n<p>&nbsp;<\/p>\n<p><b><a href=\"https:\/\/sindag.org.br\/site-antigo\/wp-content\/uploads\/2023\/04\/WhatsApp-Image-2023-04-28-at-10.25.12.jpeg\"><img loading=\"lazy\" decoding=\"async\" class=\"wp-image-9240 alignleft\" src=\"https:\/\/sindag.org.br\/site-antigo\/wp-content\/uploads\/2023\/04\/WhatsApp-Image-2023-04-28-at-10.25.12.jpeg\" alt=\"\" width=\"377\" height=\"267\" srcset=\"https:\/\/sindag.org.br\/site-antigo\/wp-content\/uploads\/2023\/04\/WhatsApp-Image-2023-04-28-at-10.25.12.jpeg 1600w, https:\/\/sindag.org.br\/site-antigo\/wp-content\/uploads\/2023\/04\/WhatsApp-Image-2023-04-28-at-10.25.12-720x509.jpeg 720w, https:\/\/sindag.org.br\/site-antigo\/wp-content\/uploads\/2023\/04\/WhatsApp-Image-2023-04-28-at-10.25.12-768x543.jpeg 768w, https:\/\/sindag.org.br\/site-antigo\/wp-content\/uploads\/2023\/04\/WhatsApp-Image-2023-04-28-at-10.25.12-1536x1086.jpeg 1536w\" sizes=\"auto, (max-width: 377px) 100vw, 377px\" \/><\/a>CONCESS\u00c3O DE CR\u00c9DITO RURAL PARA AQUISI\u00c7\u00c3O DE AERONAVES, DRONES, M\u00c1QUINAS E IMPLEMENTOS.<\/b><\/p>\n<p>Cr\u00e9dito com taxar espec9iais aos associados.<\/p>\n<p><span style=\"color: #993300;\"><strong>Contato:<\/strong><\/span> comercial@sgconsorcios.com.br<br \/>\n<span style=\"color: #993300;\"><strong>Site:<\/strong><\/span> sgconsorcios.com.br<\/p>\n<p>&nbsp;<\/p>\n<p><iframe loading=\"lazy\" title=\"AVAGCAST Epis\u00f3dio III SG CONS\u00d3RCIOS\" width=\"680\" height=\"383\" src=\"https:\/\/www.youtube.com\/embed\/fTO_c7LDTdA?start=43&#038;feature=oembed\" frameborder=\"0\" allow=\"accelerometer; autoplay; clipboard-write; encrypted-media; gyroscope; picture-in-picture; web-share\" referrerpolicy=\"strict-origin-when-cross-origin\" allowfullscreen><\/iframe><\/p>\n<p>&nbsp;<\/p>\n<p style=\"text-align: center;\">_________________________________________________________________________________________________________________________<\/p>\n<p>&nbsp;<\/p>\n<p><b><a href=\"https:\/\/sindag.org.br\/site-antigo\/wp-content\/uploads\/2023\/09\/142421.png\"><img loading=\"lazy\" decoding=\"async\" class=\"size-full wp-image-10131 alignleft\" src=\"https:\/\/sindag.org.br\/site-antigo\/wp-content\/uploads\/2023\/09\/142421.png\" alt=\"\" width=\"339\" height=\"165\" \/><\/a>TRABALHAMOS COM O MELHOR EM TECNOLOGIA E QUALIDADE.<br \/>\n<\/b><\/p>\n<p>Somos uma empresa de Distribui\u00e7\u00e3o de Combust\u00edveis Automotivos e de Avia\u00e7\u00e3o. Atuamos na venda para redes de postos e grandes consumidores no segmento automotivo e para revendedores e consumidores finais PF e PJ no segmento de avia\u00e7\u00e3o.<\/p>\n<p><span style=\"color: #000000;\"><strong>Tel:<\/strong><\/span> (11) 3892-5505<br \/>\n<span style=\"color: #000000;\"><strong>Site:<\/strong><\/span> www.granpetro.com.br<\/p>\n<p><iframe loading=\"lazy\" title=\"Live GRANPETRO e SINDAG\" width=\"680\" height=\"383\" src=\"https:\/\/www.youtube.com\/embed\/KF9Ofz1E9c4?feature=oembed\" frameborder=\"0\" allow=\"accelerometer; autoplay; clipboard-write; encrypted-media; gyroscope; picture-in-picture; web-share\" referrerpolicy=\"strict-origin-when-cross-origin\" allowfullscreen><\/iframe><\/p>\n<p>&nbsp;<\/p>\n<p>_________________________________________________________________________________________________________________________<\/p>\n<p>&nbsp;<\/p>\n<a href=\"https:\/\/sindag.org.br\/site-antigo\/wp-content\/uploads\/2023\/10\/9c2246c6-a003-44e1-8909-2c66b9c259dc.jpg\"><img loading=\"lazy\" decoding=\"async\" class=\"aligncenter size-full wp-image-10152\" src=\"https:\/\/sindag.org.br\/site-antigo\/wp-content\/uploads\/2023\/10\/9c2246c6-a003-44e1-8909-2c66b9c259dc.jpg\" alt=\"\" width=\"1178\" height=\"343\" srcset=\"https:\/\/sindag.org.br\/site-antigo\/wp-content\/uploads\/2023\/10\/9c2246c6-a003-44e1-8909-2c66b9c259dc.jpg 1178w, https:\/\/sindag.org.br\/site-antigo\/wp-content\/uploads\/2023\/10\/9c2246c6-a003-44e1-8909-2c66b9c259dc-720x210.jpg 720w, https:\/\/sindag.org.br\/site-antigo\/wp-content\/uploads\/2023\/10\/9c2246c6-a003-44e1-8909-2c66b9c259dc-768x224.jpg 768w\" sizes=\"auto, (max-width: 1178px) 100vw, 1178px\" \/><\/a>\n<p style=\"text-align: center;\">_________________________________________________________________________________________________________________________<\/p>\n<p><a href=\"https:\/\/sindag.org.br\/site-antigo\/clube-de-vantagens-2\/whatsapp-image-2026-02-12-at-18-09-45\/\" rel=\"attachment wp-att-14470\"><img loading=\"lazy\" decoding=\"async\" class=\"alignleft wp-image-14470\" src=\"https:\/\/sindag.org.br\/site-antigo\/wp-content\/uploads\/2026\/02\/WhatsApp-Image-2026-02-12-at-18.09.45-e1770930634941.jpeg\" alt=\"\" width=\"431\" height=\"303\" srcset=\"https:\/\/sindag.org.br\/site-antigo\/wp-content\/uploads\/2026\/02\/WhatsApp-Image-2026-02-12-at-18.09.45-e1770930634941.jpeg 1280w, https:\/\/sindag.org.br\/site-antigo\/wp-content\/uploads\/2026\/02\/WhatsApp-Image-2026-02-12-at-18.09.45-e1770930634941-720x506.jpeg 720w, https:\/\/sindag.org.br\/site-antigo\/wp-content\/uploads\/2026\/02\/WhatsApp-Image-2026-02-12-at-18.09.45-e1770930634941-768x540.jpeg 768w\" sizes=\"auto, (max-width: 431px) 100vw, 431px\" \/><\/a><span style=\"color: #000000;\">ADS LATIN \u00e9 uma empresa focada no mercado de avia\u00e7\u00e3o de asas rotativas, sediada em Nova Lima \u2013 Minas Gerais e com base em S\u00e3o Paulo. \u00c9 formada por uma equipe t\u00e9cnica h\u00e1 d\u00e9cadas no mercado de avia\u00e7\u00e3o (off-shore, militar e civil) garantindo um atendimento de qualidade em: Manuten\u00e7\u00e3o de helic\u00f3pteros; Reparos e revis\u00f5es de componentes hidr\u00e1ulicos; Venda de aeronaves; Solda Aeron\u00e1utica; Fornecimento de pe\u00e7as, lubrificantes, flu\u00eddos hidr\u00e1ulicos e de preserva\u00e7\u00e3o; Consultoria e auditoria aeron\u00e1utica.<\/span><\/p>\n<p><span style=\"color: #000000;\"><strong>Site:<\/strong> www.adslatin.com<\/span><br \/>\n<span style=\"color: #000000;\"><strong>Telefone\/WhatsApp:<\/strong> + 55 31 3097-3302<\/span><\/p>\n<p style=\"text-align: center;\">_________________________________________________________________________________________________________________________<\/p>\n<p><a href=\"https:\/\/sindag.org.br\/site-antigo\/clube-de-vantagens-2\/logo-contel-verde\/\" rel=\"attachment wp-att-14471\"><img loading=\"lazy\" decoding=\"async\" class=\"alignleft  wp-image-14471\" src=\"https:\/\/sindag.org.br\/site-antigo\/wp-content\/uploads\/2026\/02\/Logo-Contel-Verde.png\" alt=\"\" width=\"464\" height=\"139\" srcset=\"https:\/\/sindag.org.br\/site-antigo\/wp-content\/uploads\/2026\/02\/Logo-Contel-Verde.png 1652w, https:\/\/sindag.org.br\/site-antigo\/wp-content\/uploads\/2026\/02\/Logo-Contel-Verde-720x215.png 720w, https:\/\/sindag.org.br\/site-antigo\/wp-content\/uploads\/2026\/02\/Logo-Contel-Verde-768x230.png 768w, https:\/\/sindag.org.br\/site-antigo\/wp-content\/uploads\/2026\/02\/Logo-Contel-Verde-1536x459.png 1536w\" sizes=\"auto, (max-width: 464px) 100vw, 464px\" \/><\/a><span style=\"color: #000000;\">O Grupo Contel \u00e9 o resultado de mais de 12 anos de trabalho e empenho dedicados a um \u00fanico prop\u00f3sito: dar \u00e0s pessoas o poder de se conectar sem complexidade. Confira os benef\u00edcios para sua empresa:<\/span><br \/>\n<span style=\"color: #000000;\">\u2714 Planos com valores justos, adaptados \u00e0 rotina do setor aeroagr\u00edcola.<\/span><br \/>\n<span style=\"color: #000000;\">\u2714 Atendimento humanizado e r\u00e1pido, sem burocracia.<\/span><br \/>\n<span style=\"color: #000000;\">\u2714 Suporte direto para quem precisa de comunica\u00e7\u00e3o eficiente, dentro e fora do campo.<\/span><\/p>\n<p><span style=\"color: #000000;\"><strong>Site<\/strong>: https:\/\/conteltelecom.com.br\/<\/span><br \/>\n<span style=\"color: #000000;\"><strong>Telefone\/WhatsApp<\/strong>: +55 54 99196-4068<\/span><\/p>\n","protected":false},"excerpt":{"rendered":"<p>Sabia que o associado SINDAG tem diversos benef\u00edcios? No\u00a0clube de vantagens\u00a0sua empresa tem acesso a descontos que podem alavancar o neg\u00f3cio! Fa\u00e7a contato com as empresas que participam desta parceria e aproveite os privil\u00e9gios! Qualquer d\u00favida, entre em contato com: \u00c9rika Vanuzi Rodrigues \u00a0Financeiro do SINDAG Email: financeiro@sindag.org.br Fone\/Whats: (51) 3337.5013 &#8211; Clique aqui para&#8230;  <a class=\"excerpt-read-more\" href=\"https:\/\/sindag.org.br\/site-antigo\/clube-de-vantagens-2\/\" title=\"Read Clube de Vantagens\">Leia mais &raquo;<\/a><\/p>\n","protected":false},"author":5,"featured_media":6256,"parent":0,"menu_order":0,"comment_status":"closed","ping_status":"closed","template":"","meta":{"_monsterinsights_skip_tracking":false,"_monsterinsights_sitenote_active":false,"_monsterinsights_sitenote_note":"","_monsterinsights_sitenote_category":0,"footnotes":"","_links_to":"","_links_to_target":""},"class_list":["post-6254","page","type-page","status-publish","has-post-thumbnail","hentry"],"_links":{"self":[{"href":"https:\/\/sindag.org.br\/site-antigo\/wp-json\/wp\/v2\/pages\/6254","targetHints":{"allow":["GET"]}}],"collection":[{"href":"https:\/\/sindag.org.br\/site-antigo\/wp-json\/wp\/v2\/pages"}],"about":[{"href":"https:\/\/sindag.org.br\/site-antigo\/wp-json\/wp\/v2\/types\/page"}],"author":[{"embeddable":true,"href":"https:\/\/sindag.org.br\/site-antigo\/wp-json\/wp\/v2\/users\/5"}],"replies":[{"embeddable":true,"href":"https:\/\/sindag.org.br\/site-antigo\/wp-json\/wp\/v2\/comments?post=6254"}],"version-history":[{"count":0,"href":"https:\/\/sindag.org.br\/site-antigo\/wp-json\/wp\/v2\/pages\/6254\/revisions"}],"wp:featuredmedia":[{"embeddable":true,"href":"https:\/\/sindag.org.br\/site-antigo\/wp-json\/wp\/v2\/media\/6256"}],"wp:attachment":[{"href":"https:\/\/sindag.org.br\/site-antigo\/wp-json\/wp\/v2\/media?parent=6254"}],"curies":[{"name":"wp","href":"https:\/\/api.w.org\/{rel}","templated":true}]}}