{"id":709,"date":"2020-05-12T11:13:16","date_gmt":"2020-05-12T14:13:16","guid":{"rendered":"https:\/\/sindag.org.br\/site-antigo\/?page_id=709"},"modified":"2026-02-25T16:08:23","modified_gmt":"2026-02-25T19:08:23","slug":"dados-sobre-a-aviacao-agricola","status":"publish","type":"page","link":"https:\/\/sindag.org.br\/site-antigo\/dados-sobre-a-aviacao-agricola\/","title":{"rendered":"Dados e perspectivas sobre o setor aeroagr\u00edcola"},"content":{"rendered":"<h3><strong>PERSPECTIVAS ECON\u00d4MICAS E DE SUSTENTABILIDADE AEROAGR\u00cdCOLA | PESA<\/strong><\/h3>\n<p><a href=\"https:\/\/sindag.org.br\/site-antigo\/dados-sobre-a-aviacao-agricola\/perspectivas-economicas-e-de-sustentabilidade-aeroagricola-2025\/\" rel=\"attachment wp-att-13634\"><span style=\"color: #808080;\">Perspectivas Econ\u00f4micas e de Sustentabilidade Aeroagr\u00edcola 2025<\/span><\/a><\/p>\n<p><a href=\"https:\/\/sindag.org.br\/site-antigo\/noticias_sindag\/relatorio-mostra-protagonismo-economico-e-sustentavel-do-setor\/perspectivas-economicas-e-de-sustentabilidade-do-setor-aeroagricola-2024-2\/\" rel=\"attachment wp-att-12166\"><span style=\"color: #808080;\">Perspectivas Econ\u00f4micas e de Sustentabilidade do Setor Aeroagr\u00edcola 2024 (2)<\/span><\/a><\/p>\n<p>&nbsp;<\/p>\n<h3><strong>FROTA AEROAGR\u00cdCOLA<\/strong><\/h3>\n<p>FROTA AEROAGR\u00cdCOLA TRIPULADA 2025AN\u00c1LISE DA FROTA AEROAGR\u00cdCOLA BRASILEIRA DE AVI\u00d5ES E HELICOPTEROS_2025<\/p>\n<p><span style=\"font-size: 12pt; color: #808080;\"><a style=\"color: #808080;\" href=\"https:\/\/sindag.org.br\/site-antigo\/dados-sobre-a-aviacao-agricola\/analise-da-frota-aeroagricola-brasileira-de-avioes-e-helicopteros_2024_ver2\/\" rel=\"attachment wp-att-13350\">FROTA AEROAGR\u00cdCOLA TRIPULADA 2024 &#8211; VER.2<\/a><\/span><\/p>\n<p><span style=\"color: #808080; font-size: 12pt;\"><a style=\"color: #808080;\" href=\"https:\/\/sindag.org.br\/site-antigo\/wp-content\/uploads\/2024\/12\/ANALISE-DA-FROTA-AEROAGRICOLA-BRASILEIRA-DE-AVIOES-E-HELICOPTEROS-2023.pdf\" target=\"_blank\" rel=\"noopener\">FROTA AEROAGR\u00cdCOLA BRASILEIRA 2023<\/a><\/span><\/p>\n<p><span style=\"color: #808080; font-size: 12pt;\"><a style=\"color: #808080;\" href=\"https:\/\/sindag.org.br\/site-antigo\/wp-content\/uploads\/2022\/02\/Frota-2021-texto-versao-2.0.pdf\" target=\"_blank\" rel=\"noopener\">FROTA AEROAGR\u00cdCOLA TRIPULADA 2021<\/a><\/span><\/p>\n<p><span style=\"color: #808080; font-size: 12pt;\"><a style=\"color: #808080;\" href=\"https:\/\/sindag.org.br\/site-antigo\/wp-content\/uploads\/2021\/05\/frota-2020-versao-2.pdf\" target=\"_blank\" rel=\"noopener\">FROTA AEROAGR\u00cdCOLA TRIPULADA 2020<\/a><\/span><\/p>\n<p><span style=\"color: #808080; font-size: 12pt;\"><a style=\"color: #808080;\" href=\"https:\/\/sindag.org.br\/site-antigo\/wp-content\/uploads\/2020\/05\/Frota-Agricola-2019-texto-versao-2.0.final_.pdf\">FROTA AEROAGR\u00cdCOLA TRIPULADA\u00a0 2019<\/a><\/span><\/p>\n<p><span style=\"color: #808080; font-size: 12pt;\"><a style=\"color: #808080;\" href=\"https:\/\/sindag.org.br\/site-antigo\/wp-content\/uploads\/2020\/05\/Frota-Agr\u00edcola-20181.pdf\">FROTA AEROAGR\u00cdCOLA TRIPULADA 2018<\/a><\/span><\/p>\n<p>&nbsp;<\/p>\n<h3><strong>EMPRESAS E OPERADORES PRIVADOS<\/strong><\/h3>\n<p><span style=\"color: #808080;\">2021 &#8211; <a style=\"color: #808080;\" href=\"https:\/\/sindag.org.br\/site-antigo\/wp-content\/uploads\/2022\/03\/Araujo-Relatorio-de-operadores-de-aviacao-agricola-2021-Brasil-versao-2.0.pdf\" target=\"_blank\" rel=\"noopener\">Empresas SAE e Operadores Privados (TPP) 2021<\/a><\/span><\/p>\n<p><span style=\"color: #808080;\">2018 &#8211; <a style=\"color: #808080;\" href=\"https:\/\/sindag.org.br\/site-antigo\/wp-content\/uploads\/2020\/05\/Empresas-SAE-e-Operadores-Privados-TPP-2018.pdf\">Empresas SAE e Operadores Privados (TPP) 2018<\/a><\/span><\/p>\n<p>&nbsp;<\/p>\n<h3><strong>OCORR\u00caNCIAS AERON\u00c1UTICAS<\/strong><\/h3>\n<p><span style=\"color: #808080;\">2024 &#8211; <\/span><a href=\"https:\/\/sindag.org.br\/site-antigo\/dados-sobre-a-aviacao-agricola\/analise-das-ocorrencias-aeronauticas-na-aviacao-agricola-do-brasil-de-avioes-e-helicopteros-2024_ver6\/\" rel=\"attachment wp-att-13170\"><span style=\"color: #808080;\">AN\u00c1LISE DAS OCORR\u00caNCIAS AERON\u00c1UTICAS NA AVIA\u00c7\u00c3O AGR\u00cdCOLA DO BRASIL DE AVI\u00d5ES E HELICOPTEROS 2024_Ver6<\/span><\/a><\/p>\n<p>&nbsp;<\/p>\n","protected":false},"excerpt":{"rendered":"<p>PERSPECTIVAS ECON\u00d4MICAS E DE SUSTENTABILIDADE AEROAGR\u00cdCOLA | PESA Perspectivas Econ\u00f4micas e de Sustentabilidade Aeroagr\u00edcola 2025 Perspectivas Econ\u00f4micas e de Sustentabilidade do Setor Aeroagr\u00edcola 2024 (2) &nbsp; FROTA AEROAGR\u00cdCOLA FROTA AEROAGR\u00cdCOLA TRIPULADA 2025AN\u00c1LISE DA FROTA AEROAGR\u00cdCOLA BRASILEIRA DE AVI\u00d5ES E HELICOPTEROS_2025 FROTA AEROAGR\u00cdCOLA TRIPULADA 2024 &#8211; VER.2 FROTA AEROAGR\u00cdCOLA BRASILEIRA 2023 FROTA AEROAGR\u00cdCOLA TRIPULADA 2021 FROTA&#8230;  <a class=\"excerpt-read-more\" href=\"https:\/\/sindag.org.br\/site-antigo\/dados-sobre-a-aviacao-agricola\/\" title=\"Read Dados e perspectivas sobre o setor aeroagr\u00edcola\">Leia mais &raquo;<\/a><\/p>\n","protected":false},"author":5,"featured_media":2066,"parent":0,"menu_order":0,"comment_status":"closed","ping_status":"closed","template":"","meta":{"_monsterinsights_skip_tracking":false,"_monsterinsights_sitenote_active":false,"_monsterinsights_sitenote_note":"","_monsterinsights_sitenote_category":0,"footnotes":"","_links_to":"","_links_to_target":""},"class_list":["post-709","page","type-page","status-publish","has-post-thumbnail","hentry"],"_links":{"self":[{"href":"https:\/\/sindag.org.br\/site-antigo\/wp-json\/wp\/v2\/pages\/709","targetHints":{"allow":["GET"]}}],"collection":[{"href":"https:\/\/sindag.org.br\/site-antigo\/wp-json\/wp\/v2\/pages"}],"about":[{"href":"https:\/\/sindag.org.br\/site-antigo\/wp-json\/wp\/v2\/types\/page"}],"author":[{"embeddable":true,"href":"https:\/\/sindag.org.br\/site-antigo\/wp-json\/wp\/v2\/users\/5"}],"replies":[{"embeddable":true,"href":"https:\/\/sindag.org.br\/site-antigo\/wp-json\/wp\/v2\/comments?post=709"}],"version-history":[{"count":0,"href":"https:\/\/sindag.org.br\/site-antigo\/wp-json\/wp\/v2\/pages\/709\/revisions"}],"wp:featuredmedia":[{"embeddable":true,"href":"https:\/\/sindag.org.br\/site-antigo\/wp-json\/wp\/v2\/media\/2066"}],"wp:attachment":[{"href":"https:\/\/sindag.org.br\/site-antigo\/wp-json\/wp\/v2\/media?parent=709"}],"curies":[{"name":"wp","href":"https:\/\/api.w.org\/{rel}","templated":true}]}}