{"id":711,"date":"2020-05-12T11:14:39","date_gmt":"2020-05-12T14:14:39","guid":{"rendered":"https:\/\/sindag.org.br\/site-antigo\/?page_id=711"},"modified":"2020-08-18T15:17:50","modified_gmt":"2020-08-18T18:17:50","slug":"regulamentacao-e-fiscalizacao","status":"publish","type":"page","link":"https:\/\/sindag.org.br\/site-antigo\/regulamentacao-e-fiscalizacao\/","title":{"rendered":"Regulamenta\u00e7\u00e3o e Fiscaliza\u00e7\u00e3o"},"content":{"rendered":"<h3 style=\"text-align: center;\"><span style=\"font-size: 18pt;\"><strong>SOBRE A LEGISLA\u00c7\u00c3O<\/strong><\/span><\/h3>\n<p>&nbsp;<\/p>\n<p>A Avia\u00e7\u00e3o Agr\u00edcola vem regulada pelo <strong>Decreto-Lei n\u00ba. 917, de 1969<\/strong>, o qual disciplina esta atividade, autorizando o seu funcionamento dentro de determinadas condi\u00e7\u00f5es. De acordo com a Constitui\u00e7\u00e3o Federal e a jurisprud\u00eancia, frente \u00e0 lei federal, cabe aos Estados e aos Munic\u00edpios apenas respeitar esta legisla\u00e7\u00e3o, n\u00e3o podendo impor qualquer outra medida que contrarie a lei editada pela Uni\u00e3o. Por conseguinte, n\u00e3o pode a lei estadual ou municipal pretender legislar de modo contr\u00e1rio ao que j\u00e1 normatizou a Uni\u00e3o. Como a lei federal autoriza as empresas a trabalharem, dentro de determinadas condi\u00e7\u00f5es e limites, <strong>\u00e9 inconstitucional qualquer lei, estadual ou municipal, que pretenda impor outras exig\u00eancias \u00e0 atividade. <\/strong><\/p>\n<p>Para contribuir com os Associados, o SINDAG criou um Sistema espec\u00edfico para acompanhar as mudan\u00e7as nacionais das legisla\u00e7\u00f5es. Para aprecia\u00e7\u00e3o dos Associados, clique aqui, e conhe\u00e7a utilize o Sistema Nacional de Documenta\u00e7\u00e3o da Avia\u00e7\u00e3o Agr\u00edcola.<\/p>\n<p style=\"text-align: center;\"><iframe loading=\"lazy\" src=\"\/\/www.youtube.com\/embed\/nNKALay3tMw#action=share\" width=\"560\" height=\"314\" allowfullscreen=\"allowfullscreen\"><\/iframe><\/p>\n<p>&nbsp;<\/p>\n<p style=\"text-align: center;\"><iframe loading=\"lazy\" src=\"\/\/www.youtube.com\/embed\/z_dvDGnXtnE?t=23s\" width=\"560\" height=\"314\" allowfullscreen=\"allowfullscreen\"><\/iframe><\/p>\n<p>&nbsp;<\/p>\n<p style=\"text-align: center;\"><iframe loading=\"lazy\" src=\"\/\/www.youtube.com\/embed\/CMR_T863Llk\" width=\"560\" height=\"314\" allowfullscreen=\"allowfullscreen\"><\/iframe><\/p>\n<p>&nbsp;<\/p>\n<p style=\"text-align: center;\"><iframe loading=\"lazy\" src=\"\/\/www.youtube.com\/embed\/MxtSVHG646c?t=11s\" width=\"560\" height=\"314\" allowfullscreen=\"allowfullscreen\"><\/iframe><\/p>\n<p>&nbsp;<\/p>\n<pre style=\"text-align: center;\"><span style=\"font-size: 18pt; color: #ffffff;\"><strong>DOCUMENTOS NECESS\u00c1RIOS<\/strong><\/span><\/pre>\n<p style=\"text-align: center;\">Projeto Avia\u00e7\u00e3o Agr\u00edcola 100% Legal<\/p>\n<ul style=\"list-style-type: disc;\">\n<li><span style=\"font-size: 18pt; color: #333399;\"><strong><span style=\"font-family: Arial;\"><small><a style=\"color: #333399;\" href=\"http:\/\/legislacao.planalto.gov.br\/legisla\/legislacao.nsf\/Viw_Identificacao\/DEL%20917-1969?OpenDocument\">DECRETO-LEI N\u00ba 917, DE 8 DE OUTUBRO DE 1969.<\/a><\/small><\/span>\u00a0<\/strong><\/span><\/li>\n<li><span style=\"font-size: 12pt;\"><a href=\"http:\/\/legislacao.planalto.gov.br\/legisla\/legislacao.nsf\/Viw_Identificacao\/DEC%2086.765-1981?OpenDocument\"><span style=\"font-size: 14pt;\"><strong><span style=\"color: #333399;\">Decreto N\u00ba 86.765, de 22 de dezembro de 1981<\/span><\/strong><\/span><\/a><\/span><\/li>\n<li>Cadastro Nacional Da Pessoa Jur\u00eddica, Contrato Social, Registro na Junta Comercial;<\/li>\n<li>Registro das Aeronaves no RAB &#8211; Registro Aeron\u00e1utico Brasileiro;<\/li>\n<li>Certifica\u00e7\u00e3o junto a ANAC \u2013 Ag\u00eancia Nacional de Avia\u00e7\u00e3o Civil (Certificado de Operador Aeroagricola, Especifica\u00e7\u00f5es Operativas, Outorga de Autoriza\u00e7\u00e3o para Operar, SGSO \u2013 Sistema de Gerenciamento de Seguran\u00e7a Operacional, PPSP &#8211; RBAC 120 &#8211; Programa de Preven\u00e7\u00e3o do Risco Associado ao uso indevido de Subst\u00e2ncias Psicoativas na Avia\u00e7\u00e3o Civil, Programa de Treinamento para Tripulantes, MGSO &#8211; Manual de Seguran\u00e7a Operacional, PRE \u2013 Plano de Resposta de Emerg\u00eancia, Declara\u00e7\u00e3o de Conformidade)<\/li>\n<li>Registro no MAPA &#8211; Minist\u00e9rio da Agricultura, Pecu\u00e1ria e Abastecimento (P\u00e1tio de Descontamina\u00e7\u00e3o, Relat\u00f3rios de aplica\u00e7\u00e3o &#8211; conforme IN 02 do MAPA; Receitu\u00e1rio Agron\u00f4mico dos produtos aplicados)<\/li>\n<li>IBAMA &#8211; Cadastro T\u00e9cnico Federal de Atividades Potencialmente Poluidoras e Utilizadoras de Recursos Ambientais &#8211; CTF\/APP;<\/li>\n<li>CFTA &#8211; Conselho Federal dos T\u00e9cnicos Agr\u00edcolas &#8211; TRT dos t\u00e9cnicos.<\/li>\n<li>CREA \u2013Conselho Regional de Engenharia e Arquitetura (Registro da empresa; ART de responsabilidade t\u00e9cnica do eng. Agr\u00f4nomo respons\u00e1vel; ART das aplica\u00e7\u00f5es);<\/li>\n<li>Registro na Secretaria do Meio Ambiente \u2013 Estadual;<\/li>\n<li>Registro na Ag\u00eancia Estadual de Defesa Sanit\u00e1ria Animal e Vegetal;<\/li>\n<li>Alvara de localiza\u00e7\u00e3o e funcionamento e Alvara Sanit\u00e1rio &#8211; Municipal;<\/li>\n<li>Bombeiros &#8211; Plano de Seguran\u00e7a Contra Inc\u00eandio e P\u00e2nico \u2013 PSCIP;<\/li>\n<li>Seguran\u00e7a, Sa\u00fade e Medicina do Trabalho (L.T.C.A.T &#8211; Laudo T\u00e9cnico das Condi\u00e7\u00f5es do Ambiente de Trabalho; P.P.R.A &#8211; Programa de Preven\u00e7\u00e3o de Riscos Ambientais; P.C.M.S.O &#8211; Programa de Controle M\u00e9dico de Sa\u00fade Ocupacional; Ordem de servi\u00e7o &#8211; seguran\u00e7a do trabalho; Ficha de EPI &#8211; equipamento de prote\u00e7\u00e3o individual, etc)<\/li>\n<\/ul>\n<p>&nbsp;<\/p>\n<pre style=\"text-align: center;\"><strong><span style=\"font-size: 18pt; color: #ffffff;\">CURSOS E TREINAMENTOS RECOMENDADOS<\/span><\/strong><\/pre>\n<ul style=\"list-style-type: disc;\">\n<li>NR 31.8 &#8211; Preven\u00e7\u00e3o de Acidentes com Defensivos Agr\u00edcolas<\/li>\n<li>Curso NR 6 \u2013 Equipamento de Prote\u00e7\u00e3o Individual;<\/li>\n<li>Curso NR 20 \u2013 Seguran\u00e7a e Sa\u00fade no Trabalho com Combust\u00edveis e Inflam\u00e1veis;<\/li>\n<li>CURSO MOPPE &#8211; transporte de produtos perigosos;<\/li>\n<li>Curso T\u00e9cnico Executor em Avia\u00e7\u00e3o Agr\u00edcola;<\/li>\n<\/ul>\n<p><strong>\u00a0<\/strong><\/p>\n<pre style=\"text-align: center;\"><span style=\"font-size: 18pt; color: #ffffff;\"><strong>SOBRE A FISCALIZA\u00c7\u00c3O<\/strong><\/span><\/pre>\n<p>Em todos os Estados Brasileiros a atividade \u00e9 fiscalizada continuamente pelos \u00f3rg\u00e3os de fiscaliza\u00e7\u00e3o, citados abaixo:<\/p>\n<p><strong>1.\u00a0\u00a0\u00a0\u00a0 MAPA (Minist\u00e9rio de Agricultura, Pecu\u00e1ria e Abastecimento)<br \/>\n2.\u00a0\u00a0\u00a0\u00a0 ANAC (Ag\u00eancia Nacional de Avia\u00e7\u00e3o Civil)<br \/>\n3.\u00a0\u00a0\u00a0\u00a0 IBAMA (Meio Ambiente)<br \/>\n4.\u00a0\u00a0\u00a0\u00a0 Secretarias Estaduais de Meio Ambiente<br \/>\n5.\u00a0\u00a0\u00a0\u00a0 Secretarias Municipais de Meio Ambiente<br \/>\n6.\u00a0\u00a0\u00a0\u00a0 CREA (Profissionais \u2013 Agr\u00f4nomo e T\u00e9cnico)<br \/>\n7.\u00a0\u00a0\u00a0\u00a0 Bombeiros<\/strong><\/p>\n<pre style=\"text-align: center;\"><span style=\"font-size: 18pt; color: #ffffff;\"><strong>SOBRE ALGUMAS NORMAS REGULAMENTADORES \r\n(LEI DO TRABALHO)<\/strong><\/span><\/pre>\n<table width=\"833\">\n<tbody>\n<tr>\n<td width=\"833\" height=\"20\">NR-6 &#8211; EQUIPAMENTO DE PROTE\u00c7\u00c3O INDIVIDUAL &#8211; EPI<\/td>\n<\/tr>\n<tr>\n<td height=\"20\">NR-7 &#8211; PROGRAMA DE CONTROLE M\u00c9DICO DE SA\u00daDE OCUPACIONAL<\/td>\n<\/tr>\n<tr>\n<td height=\"20\">NR-9 &#8211; PROGRAMA DE PREVEN\u00c7\u00c3O DE RISCOS AMBIENTAIS<\/td>\n<\/tr>\n<tr>\n<td height=\"20\">NR-15 &#8211; ATIVIDADES E OPERA\u00c7\u00d5ES INSALUBRES<\/td>\n<\/tr>\n<tr>\n<td height=\"20\">NR-16 &#8211; ATIVIDADES E OPERA\u00c7\u00d5ES PERIGOSAS<\/td>\n<\/tr>\n<tr>\n<td height=\"20\">NR-20 &#8211; SEGURAN\u00c7A E SA\u00daDE NO TRABALHO COM INFLAM\u00c1VEIS E COMBUST\u00cdVEIS<\/td>\n<\/tr>\n<tr>\n<td height=\"20\">NR-31 &#8211; SEGURAN\u00c7A E SA\u00daDE NO TRABALHO NA AGRICULTURA, PECU\u00c1RIA SILVICULTURA, EXPLORA\u00c7\u00c3O FLORESTAL E AQUICULTURA<\/td>\n<\/tr>\n<\/tbody>\n<\/table>\n<p><strong>INFORMA\u00c7\u00c3O COMPLETA PELO:<\/strong><\/p>\n<p><a href=\"https:\/\/sit.trabalho.gov.br\/portal\/index.php\/seguranca-e-saude-no-trabalho\/legislacao-sst\/normas-regulamentadoras?view=default\">https:\/\/sit.trabalho.gov.br\/portal\/index.php\/seguranca-e-saude-no-trabalho\/legislacao-sst\/normas-regulamentadoras?view=default<\/a><\/p>\n","protected":false},"excerpt":{"rendered":"<p>SOBRE A LEGISLA\u00c7\u00c3O &nbsp; A Avia\u00e7\u00e3o Agr\u00edcola vem regulada pelo Decreto-Lei n\u00ba. 917, de 1969, o qual disciplina esta atividade, autorizando o seu funcionamento dentro de determinadas condi\u00e7\u00f5es. De acordo com a Constitui\u00e7\u00e3o Federal e a jurisprud\u00eancia, frente \u00e0 lei federal, cabe aos Estados e aos Munic\u00edpios apenas respeitar esta legisla\u00e7\u00e3o, n\u00e3o podendo impor qualquer&#8230;  <a class=\"excerpt-read-more\" href=\"https:\/\/sindag.org.br\/site-antigo\/regulamentacao-e-fiscalizacao\/\" title=\"Read Regulamenta\u00e7\u00e3o e Fiscaliza\u00e7\u00e3o\">Leia mais &raquo;<\/a><\/p>\n","protected":false},"author":5,"featured_media":2072,"parent":0,"menu_order":0,"comment_status":"closed","ping_status":"closed","template":"","meta":{"_monsterinsights_skip_tracking":false,"_monsterinsights_sitenote_active":false,"_monsterinsights_sitenote_note":"","_monsterinsights_sitenote_category":0,"footnotes":"","_links_to":"","_links_to_target":""},"class_list":["post-711","page","type-page","status-publish","has-post-thumbnail","hentry"],"_links":{"self":[{"href":"https:\/\/sindag.org.br\/site-antigo\/wp-json\/wp\/v2\/pages\/711","targetHints":{"allow":["GET"]}}],"collection":[{"href":"https:\/\/sindag.org.br\/site-antigo\/wp-json\/wp\/v2\/pages"}],"about":[{"href":"https:\/\/sindag.org.br\/site-antigo\/wp-json\/wp\/v2\/types\/page"}],"author":[{"embeddable":true,"href":"https:\/\/sindag.org.br\/site-antigo\/wp-json\/wp\/v2\/users\/5"}],"replies":[{"embeddable":true,"href":"https:\/\/sindag.org.br\/site-antigo\/wp-json\/wp\/v2\/comments?post=711"}],"version-history":[{"count":0,"href":"https:\/\/sindag.org.br\/site-antigo\/wp-json\/wp\/v2\/pages\/711\/revisions"}],"wp:featuredmedia":[{"embeddable":true,"href":"https:\/\/sindag.org.br\/site-antigo\/wp-json\/wp\/v2\/media\/2072"}],"wp:attachment":[{"href":"https:\/\/sindag.org.br\/site-antigo\/wp-json\/wp\/v2\/media?parent=711"}],"curies":[{"name":"wp","href":"https:\/\/api.w.org\/{rel}","templated":true}]}}