{"id":7242,"date":"2022-05-04T17:26:08","date_gmt":"2022-05-04T20:26:08","guid":{"rendered":"https:\/\/sindag.org.br\/site-antigo\/?page_id=7242"},"modified":"2022-05-04T17:40:19","modified_gmt":"2022-05-04T20:40:19","slug":"politica-de-privacidade-e-termos-de-uso","status":"publish","type":"page","link":"https:\/\/sindag.org.br\/site-antigo\/politica-de-privacidade-e-termos-de-uso\/","title":{"rendered":"Pol\u00edtica de privacidade e termos de uso"},"content":{"rendered":"<p>A p\u00e1gina informa sobre nossas pol\u00edticas relacionadas \u00e0 coleta, uso e divulga\u00e7\u00e3o de informa\u00e7\u00f5es pessoais quando voc\u00ea usa nosso servi\u00e7o.<\/p>\n<p>N\u00e3o usaremos ou compartilharemos suas informa\u00e7\u00f5es com ningu\u00e9m, exceto conforme descrito nesta Pol\u00edtica de Privacidade.<\/p>\n<p>Usamos suas Informa\u00e7\u00f5es Pessoais para fornecer e melhorar o Servi\u00e7o. Ao usar o Servi\u00e7o, voc\u00ea concorda com a coleta e uso de informa\u00e7\u00f5es de acordo com esta pol\u00edtica. Salvo defini\u00e7\u00e3o em contr\u00e1rio nesta Pol\u00edtica de Privacidade, os termos usados \u200b\u200bnesta Pol\u00edtica de Privacidade t\u00eam os mesmos significados que em nossos Termos e Condi\u00e7\u00f5es, acess\u00edveis em www.sindag.org.br<\/p>\n<h2>Coleta e uso de informa\u00e7\u00f5es<\/h2>\n<p>Ao usar nosso Servi\u00e7o, podemos solicitar que voc\u00ea nos forne\u00e7a determinadas informa\u00e7\u00f5es de identifica\u00e7\u00e3o pessoal que podem ser usadas para contat\u00e1-lo ou identific\u00e1-lo. As informa\u00e7\u00f5es de identifica\u00e7\u00e3o pessoal (\u201cInforma\u00e7\u00f5es Pessoais\u201d) podem incluir, mas n\u00e3o se limitam a:<\/p>\n<p><strong>Nome<\/strong><br \/>\n<strong>Endere\u00e7o de email<\/strong><br \/>\n<strong>N\u00famero de telefone<\/strong><br \/>\n<strong>Dados de registro<\/strong><\/p>\n<p>Coletamos informa\u00e7\u00f5es que seu navegador envia sempre que voc\u00ea visita nosso Servi\u00e7o (\u201cDados de registro\u201d). Esses Dados de Registro podem incluir informa\u00e7\u00f5es como o endere\u00e7o do Protocolo de Internet (\u201cIP\u201d) do seu computador, tipo de navegador, vers\u00e3o do navegador, as p\u00e1ginas de nosso Servi\u00e7o que voc\u00ea visita, a hora e a data de sua visita, o tempo gasto nessas p\u00e1ginas e outros Estat\u00edsticas.<\/p>\n<h2>Cookies<\/h2>\n<p>Cookies s\u00e3o arquivos com pequena quantidade de dados, que podem incluir um identificador \u00fanico an\u00f4nimo. Os cookies s\u00e3o enviados para o seu navegador a partir de um site e armazenados no disco r\u00edgido do seu computador.<\/p>\n<p>Usamos \u201ccookies\u201d para coletar informa\u00e7\u00f5es. Voc\u00ea pode instruir seu navegador para recusar todos os cookies ou para indicar quando um cookie est\u00e1 sendo enviado. No entanto, se voc\u00ea n\u00e3o aceitar cookies, talvez n\u00e3o consiga usar algumas partes do nosso Servi\u00e7o.<\/p>\n<h2>Provedores de servi\u00e7o<\/h2>\n<p>Podemos empregar empresas e indiv\u00edduos terceirizados para facilitar nosso Servi\u00e7o, fornecer o Servi\u00e7o em nosso nome, executar servi\u00e7os relacionados ao Servi\u00e7o ou nos ajudar a analisar como nosso Servi\u00e7o \u00e9 usado.<\/p>\n<p>Esses terceiros t\u00eam acesso \u00e0s suas informa\u00e7\u00f5es pessoais apenas para realizar essas tarefas em nosso nome e s\u00e3o obrigados a n\u00e3o divulg\u00e1-las ou us\u00e1-las para qualquer outra finalidade.<\/p>\n<h2>Seguran\u00e7a<\/h2>\n<p>A seguran\u00e7a de suas Informa\u00e7\u00f5es Pessoais \u00e9 importante para n\u00f3s, mas lembre-se de que nenhum m\u00e9todo de transmiss\u00e3o pela Internet ou m\u00e9todo de armazenamento eletr\u00f4nico \u00e9 100% seguro. Embora nos esforcemos para usar meios comercialmente aceit\u00e1veis \u200b\u200bpara proteger suas Informa\u00e7\u00f5es Pessoais, n\u00e3o podemos garantir sua seguran\u00e7a absoluta.<\/p>\n<p>Links para outros sites<\/p>\n<p>Nosso Servi\u00e7o pode conter links para outros sites que n\u00e3o s\u00e3o operados por n\u00f3s. Se voc\u00ea clicar em um link de terceiros, ser\u00e1 direcionado ao site desse terceiro. Aconselhamos vivamente que reveja a Pol\u00edtica de Privacidade de cada site que visitar.<\/p>\n<p>N\u00e3o temos controle e n\u00e3o assumimos responsabilidade pelo conte\u00fado, pol\u00edticas de privacidade ou pr\u00e1ticas de quaisquer sites ou servi\u00e7os de terceiros.<\/p>\n<h2>Conformidade com as leis<\/h2>\n<p>Divulgaremos suas Informa\u00e7\u00f5es Pessoais quando exigido por lei ou intima\u00e7\u00e3o.<\/p>\n<h2>Altera\u00e7\u00f5es a esta pol\u00edtica de privacidade<\/h2>\n<p>Podemos atualizar nossa Pol\u00edtica de Privacidade de tempos em tempos. Notificaremos voc\u00ea sobre quaisquer altera\u00e7\u00f5es publicando a nova Pol\u00edtica de Privacidade nesta p\u00e1gina.<\/p>\n<p>Voc\u00ea \u00e9 aconselhado a revisar esta Pol\u00edtica de Privacidade periodicamente para quaisquer altera\u00e7\u00f5es. As altera\u00e7\u00f5es a esta Pol\u00edtica de Privacidade s\u00e3o efetivas quando publicadas nesta p\u00e1gina.<\/p>\n<h1>Termos de uso<\/h1>\n<p>Seu acesso e uso do Servi\u00e7o est\u00e1 condicionado \u00e0 sua aceita\u00e7\u00e3o e cumprimento destes Termos. Estes Termos se aplicam a todos os visitantes, usu\u00e1rios e outros que acessam ou usam o Servi\u00e7o.<\/p>\n<p>Ao acessar ou usar o Servi\u00e7o, voc\u00ea concorda em ficar vinculado a estes Termos. Se voc\u00ea discordar de qualquer parte dos termos, n\u00e3o poder\u00e1 acessar o Servi\u00e7o.<\/p>\n<h2>Propriedade intelectual<\/h2>\n<p>O Servi\u00e7o e seu conte\u00fado original, recursos e funcionalidades s\u00e3o e permanecer\u00e3o propriedade exclusiva de Sindag e seus licenciadores.<\/p>\n<h2>Links para outros sites<\/h2>\n<p>Nosso Servi\u00e7o pode conter links para sites ou servi\u00e7os de terceiros que n\u00e3o s\u00e3o de propriedade ou controlados por Sindag .<\/p>\n<p>Sindag n\u00e3o tem controle e n\u00e3o assume nenhuma responsabilidade pelo conte\u00fado, pol\u00edticas de privacidade ou pr\u00e1ticas de quaisquer sites ou servi\u00e7os de terceiros. Voc\u00ea tamb\u00e9m reconhece e concorda que Sindag n\u00e3o ser\u00e1 respons\u00e1vel, direta ou indiretamente, por qualquer dano ou perda causada ou alegadamente causada por ou em conex\u00e3o com o uso ou depend\u00eancia de qualquer conte\u00fado, bens ou servi\u00e7os dispon\u00edveis em ou atrav\u00e9s de tais sites ou servi\u00e7os.<\/p>\n<p>Recomendamos vivamente que leia os termos e condi\u00e7\u00f5es e as pol\u00edticas de privacidade de quaisquer sites ou servi\u00e7os de terceiros que visite.<\/p>\n<h2>Termina\u00e7\u00e3o<\/h2>\n<p>Podemos encerrar ou suspender o acesso ao nosso Servi\u00e7o imediatamente, sem aviso pr\u00e9vio ou responsabilidade, por qualquer motivo, incluindo, sem limita\u00e7\u00e3o, se voc\u00ea violar os Termos.<\/p>\n<p>Todas as disposi\u00e7\u00f5es dos Termos que por sua natureza devem sobreviver \u00e0 rescis\u00e3o sobreviver\u00e3o \u00e0 rescis\u00e3o, incluindo, sem limita\u00e7\u00e3o, disposi\u00e7\u00f5es de propriedade, isen\u00e7\u00f5es de garantia, indeniza\u00e7\u00e3o e limita\u00e7\u00f5es de responsabilidade.<\/p>\n<h2>Isen\u00e7\u00e3o de responsabilidade<\/h2>\n<p>Seu uso do Servi\u00e7o \u00e9 por sua conta e risco. O Servi\u00e7o \u00e9 fornecido \u201cCOMO EST\u00c1\u201d e \u201cCONFORME DISPON\u00cdVEL\u201d. O Servi\u00e7o \u00e9 fornecido sem garantias de qualquer tipo, expressas ou impl\u00edcitas, incluindo, mas n\u00e3o se limitando a, garantias impl\u00edcitas de comercializa\u00e7\u00e3o, adequa\u00e7\u00e3o a uma finalidade espec\u00edfica, n\u00e3o viola\u00e7\u00e3o ou curso de desempenho.<\/p>\n<h2>Lei Aplic\u00e1vel<\/h2>\n<p>Estes Termos ser\u00e3o regidos e interpretados de acordo com as leis do Brasil, independentemente de seu conflito de disposi\u00e7\u00f5es legais.<\/p>\n<p>Nossa falha em fazer valer qualquer direito ou disposi\u00e7\u00e3o destes Termos n\u00e3o ser\u00e1 considerada uma ren\u00fancia a esses direitos. Se qualquer disposi\u00e7\u00e3o destes Termos for considerada inv\u00e1lida ou inexequ\u00edvel por um tribunal, as demais disposi\u00e7\u00f5es destes Termos permanecer\u00e3o em vigor. Estes Termos constituem o acordo integral entre n\u00f3s em rela\u00e7\u00e3o ao nosso Servi\u00e7o e substituem quaisquer acordos anteriores que possamos ter entre n\u00f3s em rela\u00e7\u00e3o ao Servi\u00e7o.<\/p>\n<h2>Mudan\u00e7as<\/h2>\n<p>Reservamo-nos o direito, a nosso exclusivo crit\u00e9rio, de modificar ou substituir estes Termos a qualquer momento. Se uma revis\u00e3o for material, tentaremos fornecer um aviso de pelo menos 30 dias antes da entrada em vigor de quaisquer novos termos. O que constitui uma mudan\u00e7a material ser\u00e1 determinado a nosso exclusivo crit\u00e9rio.<\/p>\n<p>Ao continuar a acessar ou usar nosso Servi\u00e7o ap\u00f3s essas revis\u00f5es entrarem em vigor, voc\u00ea concorda em ficar vinculado aos termos revisados. Se voc\u00ea n\u00e3o concordar com os novos termos, pare de usar o Servi\u00e7o.<\/p>\n<h2>Entre em contato conosco<\/h2>\n<p>Se voc\u00ea tiver alguma d\u00favida sobre esta Pol\u00edtica de Privacidade e termos de uso, entre em\u00a0<a href=\"https:\/\/www.sindag.org.br\/contato\/\">contato conosco<\/a>.<\/p>\n","protected":false},"excerpt":{"rendered":"<p>A p\u00e1gina informa sobre nossas pol\u00edticas relacionadas \u00e0 coleta, uso e divulga\u00e7\u00e3o de informa\u00e7\u00f5es pessoais quando voc\u00ea usa nosso servi\u00e7o. N\u00e3o usaremos ou compartilharemos suas informa\u00e7\u00f5es com ningu\u00e9m, exceto conforme descrito nesta Pol\u00edtica de Privacidade. Usamos suas Informa\u00e7\u00f5es Pessoais para fornecer e melhorar o Servi\u00e7o. Ao usar o Servi\u00e7o, voc\u00ea concorda com a coleta e&#8230;  <a class=\"excerpt-read-more\" href=\"https:\/\/sindag.org.br\/site-antigo\/politica-de-privacidade-e-termos-de-uso\/\" title=\"Read Pol\u00edtica de privacidade e termos de uso\">Leia mais &raquo;<\/a><\/p>\n","protected":false},"author":1,"featured_media":18,"parent":0,"menu_order":0,"comment_status":"closed","ping_status":"closed","template":"","meta":{"_monsterinsights_skip_tracking":false,"_monsterinsights_sitenote_active":false,"_monsterinsights_sitenote_note":"","_monsterinsights_sitenote_category":0,"footnotes":"","_links_to":"","_links_to_target":""},"class_list":["post-7242","page","type-page","status-publish","has-post-thumbnail","hentry"],"_links":{"self":[{"href":"https:\/\/sindag.org.br\/site-antigo\/wp-json\/wp\/v2\/pages\/7242","targetHints":{"allow":["GET"]}}],"collection":[{"href":"https:\/\/sindag.org.br\/site-antigo\/wp-json\/wp\/v2\/pages"}],"about":[{"href":"https:\/\/sindag.org.br\/site-antigo\/wp-json\/wp\/v2\/types\/page"}],"author":[{"embeddable":true,"href":"https:\/\/sindag.org.br\/site-antigo\/wp-json\/wp\/v2\/users\/1"}],"replies":[{"embeddable":true,"href":"https:\/\/sindag.org.br\/site-antigo\/wp-json\/wp\/v2\/comments?post=7242"}],"version-history":[{"count":0,"href":"https:\/\/sindag.org.br\/site-antigo\/wp-json\/wp\/v2\/pages\/7242\/revisions"}],"wp:featuredmedia":[{"embeddable":true,"href":"https:\/\/sindag.org.br\/site-antigo\/wp-json\/wp\/v2\/media\/18"}],"wp:attachment":[{"href":"https:\/\/sindag.org.br\/site-antigo\/wp-json\/wp\/v2\/media?parent=7242"}],"curies":[{"name":"wp","href":"https:\/\/api.w.org\/{rel}","templated":true}]}}