{"id":825,"date":"2020-05-26T17:08:47","date_gmt":"2020-05-26T20:08:47","guid":{"rendered":"https:\/\/sindag.org.br\/site-antigo\/?page_id=825"},"modified":"2022-01-17T20:17:04","modified_gmt":"2022-01-17T23:17:04","slug":"seguranca-e-sustentabilidade-ambiental","status":"publish","type":"page","link":"https:\/\/sindag.org.br\/site-antigo\/seguranca-e-sustentabilidade-ambiental\/","title":{"rendered":"Seguran\u00e7a e Sustentabilidade Ambiental e Econ\u00f4mica"},"content":{"rendered":"<p style=\"text-align: center;\"><iframe loading=\"lazy\" src=\"\/\/www.youtube.com\/embed\/zqgOEHMuWoM\" width=\"560\" height=\"314\" allowfullscreen=\"allowfullscreen\"><\/iframe><\/p>\n<blockquote><p>O Brasil tem um clima tropical que favorece a prolifera\u00e7\u00e3o de v\u00e1rias pragas nas planta\u00e7\u00f5es, diferente da Europa, por exemplo. Essa forma de aplica\u00e7\u00e3o, utiliza menos produto e atinge maior \u00e1rea de cobertura.<\/p><\/blockquote>\n<p>Retirar uma ferramenta que consegue responder de maneira t\u00e3o precisa e r\u00e1pida a um ataque de pragas n\u00e3o s\u00f3 afeta diretamente <strong>grandes lavouras com perdas de produ\u00e7\u00e3o<\/strong> no caso no combate a prolifera\u00e7\u00e3o de um pat\u00f3geno ou vetor, como tamb\u00e9m h\u00e1 o risco ambiental: uma resposta tardia pode demandar muito mais aplica\u00e7\u00f5es antes que se consiga controlar adequadamente o problema. Al\u00e9m disso, SEMEADURA \u00e9 uma um servi\u00e7o que traz extrema contribui\u00e7\u00e3o para as lavouras do Brasil.<\/p>\n<p>A aeronave agr\u00edcola j\u00e1 \u00e9 a melhor ferramenta para aplica\u00e7\u00e3o no Brasil. <strong>Os mesmos produtos aplicados pelo ar s\u00e3o aplicados tamb\u00e9m por terra, s\u00f3 que \u00e9 a aeronave agr\u00edcola \u00e9 o \u00fanico meio de pulveriza\u00e7\u00e3o com legisla\u00e7\u00e3o espec\u00edfica e fiscalizado por pelo menos cinco \u00f3rg\u00e3os<\/strong> (Minist\u00e9rio da Agricultura, ANAC, IBAMA, secretarias estaduais de meio ambiente e prefeituras, se contar, CREA e outras institui\u00e7\u00f5es).<\/p>\n<blockquote>\n<ul style=\"list-style-type: disc;\">\n<li><strong>APLICA\u00c7\u00c3O:<\/strong> A aplica\u00e7\u00e3o a\u00e9rea reduz a utiliza\u00e7\u00e3o da \u00e1gua em at\u00e9 10 vezes, pela efici\u00eancia e precis\u00e3o.<\/li>\n<\/ul>\n<\/blockquote>\n<p><strong>NOTA T\u00c9CNICA DA EMBRAPA:<\/strong> A Embrapa divulgou uma nota T\u00e9cnica em 2019, destacando a seguran\u00e7a das aplica\u00e7\u00f5es a\u00e9reas no trato de lavouras. Assinado pelo pesquisador Paulo Estev\u00e3o Cruvinel, o documento diz que \u201ca aplica\u00e7\u00e3o de defensivos quando bem orientada pode resolver situa\u00e7\u00f5es de infesta\u00e7\u00f5es sem externalidades negativas, n\u00e3o representando um perigo, quando fundamentada nas boas pr\u00e1ticas, que envolvem capacita\u00e7\u00e3o, uso de m\u00e9todos e tecnologias\u201d. Tamb\u00e9m assinou o documento o professor Wellington Pereira Alencar de Carvalho, da Universidade Federal de Lavras e um dos coordenadores do programa de Certifica\u00e7\u00e3o Aeroagr\u00edcola Sustent\u00e1vel (CAS).<\/p>\n<p>Intitulada Contribui\u00e7\u00f5es para requisitos em opera\u00e7\u00f5es aeroagr\u00edcolas, a nota se baseia nos resultados de quatro anos de pesquisas sobre pulveriza\u00e7\u00f5es a\u00e9reas, realizadas entre 2013 e 2017 em parceria com o Sindicato Nacional das Empresas de Avia\u00e7\u00e3o Agr\u00edcola (SINDAG). Coordenado por Cruvinel, o projeto Desenvolvimento da Aplica\u00e7\u00e3o A\u00e9rea de Agrot\u00f3xicos como Estrat\u00e9gia de Controle de Pragas Agr\u00edcolas de Interesse Nacional abrangeu estudos em lavouras de soja, arroz e cana-de-a\u00e7\u00facar no Sul, Sudeste e Centro-Oeste. A pesquisa foi a maior j\u00e1 feita no Pa\u00eds sobre tecnologias aeroagr\u00edcolas e envolveu, al\u00e9m do SINDAG e empresas associadas, seis centros de pesquisa da Embrapa, al\u00e9m de 10 universidades parceiras e empresas de tecnologias. Segue em anexo a nota t\u00e9cnica.<\/p>\n<p><strong><a href=\"https:\/\/www.dropbox.com\/s\/h6xuxe8o20m6k96\/Contribui%C3%A7%C3%B5es%20para%20requisitos%20em%20%20opera%C3%A7%C3%B5es%20aeroagr%C3%ADcolas%20-%202019%20-%20assinada.PDF?dl=0\">Clique aqui e leia a nota t\u00e9cnica na integra.<\/a><\/strong><\/p>\n<ul style=\"list-style-type: disc;\">\n<li><strong>P\u00c1TIO DE DESCONTAMINA\u00c7\u00c3O:<\/strong> As empresas aeroagr\u00edcolas possuem P\u00c1TIO DE DESCONTAMINA\u00c7\u00c3O, exig\u00eancia prevista na Instru\u00e7\u00e3o Normativa n\u00ba 2, de 3 de janeiro de 2008, do Minist\u00e9rio da Agricultura, Pecu\u00e1ria e Abastecimento (Mapa), onde as aeronaves s\u00e3o lavadas e eventuais res\u00edduos de produtos v\u00e3o para um sistema de tratamento com oz\u00f4nio, que quebram o princ\u00edpio ativo dos produtos. A \u00fanica forma de aplica\u00e7\u00e3o que exige p\u00e1tio \u00e9 o avi\u00e3o agr\u00edcola. Aeronaves agr\u00edcolas n\u00e3o s\u00e3o lavadas em beira de rio, a\u00e7ude ou riacho, s\u00e3o lavadas no seu p\u00e1tio de descontamina\u00e7\u00e3o espec\u00edfico.<\/li>\n<\/ul>\n<blockquote><p>&nbsp;<\/p><\/blockquote>\n<ul style=\"list-style-type: disc;\">\n<li><strong>SELO CERTIFICA\u00c7\u00c3O AEROAGR\u00cdCOLA SUSTENT\u00c1VEL:<\/strong> Apesar das obriga\u00e7\u00f5es expressas em lei, a avia\u00e7\u00e3o agr\u00edcola brasileira, possui, desde 2013, um selo de qualidade operacional e ambiental. Trata-se do Certificado Aeroagr\u00edcola Sustent\u00e1vel (CAS), apoiado pelo Sindicato Nacional das Empresas de Avia\u00e7\u00e3o Agr\u00edcola (SINDAG) e coordenado por universidades p\u00fablicas\/; as federais de Lavras (UFLA) e de Uberl\u00e2ndia (UFU), em Minas Gerais e a Universidade Estadual Paulista J\u00falio de Mesquita Filho (UNESP), em Botucatu\/SP.<\/li>\n<\/ul>\n<p>&nbsp;<\/p>\n<ul style=\"list-style-type: disc;\">\n<li><strong>PACTO GLOBAL DA ONU:<\/strong> Em outubro de 2016, a Organiza\u00e7\u00e3o das Na\u00e7\u00f5es Unidas (ONU) confirmou a inclus\u00e3o do SINDAG \u2013 Sindicato Nacional das Empresas de Avia\u00e7\u00e3o Agr\u00edcola no Pacto Global pelos direitos humanos, rela\u00e7\u00f5es de trabalho, meio ambiente e combate \u00e0 corrup\u00e7\u00e3o. A informa\u00e7\u00e3o veio da coordena\u00e7\u00e3o do programa, na sede da ONU em Nova Iorque. O Pacto Global abrange atualmente mais de 12 mil organiza\u00e7\u00f5es em cerca de 100 pa\u00edses, comprometidas com a\u00e7\u00f5es segundo 10 princ\u00edpios estabelecidos pelas ONU nas \u00e1reas de direitos humanos, rela\u00e7\u00f5es de trabalho, meio ambiente e combate \u00e0 corrup\u00e7\u00e3o.<\/li>\n<\/ul>\n<p>&nbsp;<\/p>\n<p><span style=\"font-size: 14pt;\"><strong>SUSTENTABILIDADE ECON\u00d4MICA<\/strong><\/span><\/p>\n<p>Conhe\u00e7a o estudo cient\u00edfico sobre a Sustentabilidade econ\u00f4mica do setor aeroagr\u00edcola do setor.<\/p>\n<ul style=\"list-style-type: disc;\">\n<li><span style=\"color: #0000ff;\"><a style=\"color: #0000ff;\" href=\"https:\/\/sindag.org.br\/site-antigo\/wp-content\/uploads\/2021\/08\/Resumo-do-Estudo_.pdf\">Estudo Completo, clique aqui e fa\u00e7a o download!<\/a><\/span><br \/>\n<a href=\"https:\/\/sindag.org.br\/site-antigo\/wp-content\/uploads\/2021\/08\/Apresentacao-Aplicacao-aerea-Impactos-Economicos.pdf\"><span style=\"color: #0000ff;\">Apresenta\u00e7\u00e3o &#8211; Aplica\u00e7\u00e3o a\u00e9rea &#8211; Impactos Econ\u00f4micos, <\/span><\/a><a href=\"https:\/\/sindag.org.br\/site-antigo\/wp-content\/uploads\/2021\/08\/Resumo-do-Estudo_.pdf\">clique aqui e fa\u00e7a o download!<\/a><\/li>\n<\/ul>\n<p>&nbsp;<\/p>\n","protected":false},"excerpt":{"rendered":"<p>O Brasil tem um clima tropical que favorece a prolifera\u00e7\u00e3o de v\u00e1rias pragas nas planta\u00e7\u00f5es, diferente da Europa, por exemplo. Essa forma de aplica\u00e7\u00e3o, utiliza menos produto e atinge maior \u00e1rea de cobertura. Retirar uma ferramenta que consegue responder de maneira t\u00e3o precisa e r\u00e1pida a um ataque de pragas n\u00e3o s\u00f3 afeta diretamente grandes&#8230;  <a class=\"excerpt-read-more\" href=\"https:\/\/sindag.org.br\/site-antigo\/seguranca-e-sustentabilidade-ambiental\/\" title=\"Read Seguran\u00e7a e Sustentabilidade Ambiental e Econ\u00f4mica\">Leia mais &raquo;<\/a><\/p>\n","protected":false},"author":5,"featured_media":2073,"parent":0,"menu_order":0,"comment_status":"closed","ping_status":"closed","template":"","meta":{"_monsterinsights_skip_tracking":false,"_monsterinsights_sitenote_active":false,"_monsterinsights_sitenote_note":"","_monsterinsights_sitenote_category":0,"footnotes":"","_links_to":"","_links_to_target":""},"class_list":["post-825","page","type-page","status-publish","has-post-thumbnail","hentry"],"_links":{"self":[{"href":"https:\/\/sindag.org.br\/site-antigo\/wp-json\/wp\/v2\/pages\/825","targetHints":{"allow":["GET"]}}],"collection":[{"href":"https:\/\/sindag.org.br\/site-antigo\/wp-json\/wp\/v2\/pages"}],"about":[{"href":"https:\/\/sindag.org.br\/site-antigo\/wp-json\/wp\/v2\/types\/page"}],"author":[{"embeddable":true,"href":"https:\/\/sindag.org.br\/site-antigo\/wp-json\/wp\/v2\/users\/5"}],"replies":[{"embeddable":true,"href":"https:\/\/sindag.org.br\/site-antigo\/wp-json\/wp\/v2\/comments?post=825"}],"version-history":[{"count":0,"href":"https:\/\/sindag.org.br\/site-antigo\/wp-json\/wp\/v2\/pages\/825\/revisions"}],"wp:featuredmedia":[{"embeddable":true,"href":"https:\/\/sindag.org.br\/site-antigo\/wp-json\/wp\/v2\/media\/2073"}],"wp:attachment":[{"href":"https:\/\/sindag.org.br\/site-antigo\/wp-json\/wp\/v2\/media?parent=825"}],"curies":[{"name":"wp","href":"https:\/\/api.w.org\/{rel}","templated":true}]}}