{"id":875,"date":"2020-06-08T16:56:52","date_gmt":"2020-06-08T19:56:52","guid":{"rendered":"https:\/\/sindag.org.br\/site-antigo\/?page_id=875"},"modified":"2023-02-09T13:54:46","modified_gmt":"2023-02-09T16:54:46","slug":"planejamento-estrategico","status":"publish","type":"page","link":"https:\/\/sindag.org.br\/site-antigo\/planejamento-estrategico\/","title":{"rendered":"Planejamento Estrat\u00e9gico"},"content":{"rendered":"<p style=\"text-align: center;\"><b>NEG\u00d3CIO DO SINDAG<br \/>\n<\/b>Dinamizar o setor Aeroagr\u00edcola brasileiro.<\/p>\n<p style=\"text-align: center;\"><b>MISS\u00c3O<br \/>\n<\/b>Representar, fortalecer e qualificar o setor Aeroagr\u00edcola.<\/p>\n<p style=\"text-align: center;\"><b>VALORES<br \/>\n<\/b>Agir com \u00e9tica, Promover a Sustentabilidade, Representar com responsabilidade, Promover as boas pr\u00e1ticas, Agir com pro atividade, Governan\u00e7a Colaborativa e Abertura ao Di\u00e1logo<\/p>\n<p style=\"text-align: center;\"><strong>VIS\u00c3O<br \/>\n<\/strong>A Avia\u00e7\u00e3o Agr\u00edcola ser reconhecida como instrumento de seguran\u00e7a alimentar, de sustentabilidade na agricultura, prote\u00e7\u00e3o ambiental e controle de vetores e doen\u00e7as.<\/p>\n<a href=\"https:\/\/sindag.org.br\/site-antigo\/wp-content\/uploads\/2023\/02\/visao.jpg\"><img loading=\"lazy\" decoding=\"async\" class=\"aligncenter size-full wp-image-8817\" src=\"https:\/\/sindag.org.br\/site-antigo\/wp-content\/uploads\/2023\/02\/visao.jpg\" alt=\"\" width=\"1575\" height=\"874\" srcset=\"https:\/\/sindag.org.br\/site-antigo\/wp-content\/uploads\/2023\/02\/visao.jpg 1575w, https:\/\/sindag.org.br\/site-antigo\/wp-content\/uploads\/2023\/02\/visao-720x400.jpg 720w, https:\/\/sindag.org.br\/site-antigo\/wp-content\/uploads\/2023\/02\/visao-768x426.jpg 768w, https:\/\/sindag.org.br\/site-antigo\/wp-content\/uploads\/2023\/02\/visao-1536x852.jpg 1536w\" sizes=\"auto, (max-width: 1575px) 100vw, 1575px\" \/><\/a>\n<p>&nbsp;<\/p>\n","protected":false},"excerpt":{"rendered":"<p>NEG\u00d3CIO DO SINDAG Dinamizar o setor Aeroagr\u00edcola brasileiro. MISS\u00c3O Representar, fortalecer e qualificar o setor Aeroagr\u00edcola. VALORES Agir com \u00e9tica, Promover a Sustentabilidade, Representar com responsabilidade, Promover as boas pr\u00e1ticas, Agir com pro atividade, Governan\u00e7a Colaborativa e Abertura ao Di\u00e1logo VIS\u00c3O A Avia\u00e7\u00e3o Agr\u00edcola ser reconhecida como instrumento de seguran\u00e7a alimentar, de sustentabilidade na agricultura,&#8230;  <a class=\"excerpt-read-more\" href=\"https:\/\/sindag.org.br\/site-antigo\/planejamento-estrategico\/\" title=\"Read Planejamento Estrat\u00e9gico\">Leia mais &raquo;<\/a><\/p>\n","protected":false},"author":5,"featured_media":2186,"parent":0,"menu_order":0,"comment_status":"closed","ping_status":"closed","template":"","meta":{"_monsterinsights_skip_tracking":false,"_monsterinsights_sitenote_active":false,"_monsterinsights_sitenote_note":"","_monsterinsights_sitenote_category":0,"footnotes":"","_links_to":"","_links_to_target":""},"class_list":["post-875","page","type-page","status-publish","has-post-thumbnail","hentry"],"_links":{"self":[{"href":"https:\/\/sindag.org.br\/site-antigo\/wp-json\/wp\/v2\/pages\/875","targetHints":{"allow":["GET"]}}],"collection":[{"href":"https:\/\/sindag.org.br\/site-antigo\/wp-json\/wp\/v2\/pages"}],"about":[{"href":"https:\/\/sindag.org.br\/site-antigo\/wp-json\/wp\/v2\/types\/page"}],"author":[{"embeddable":true,"href":"https:\/\/sindag.org.br\/site-antigo\/wp-json\/wp\/v2\/users\/5"}],"replies":[{"embeddable":true,"href":"https:\/\/sindag.org.br\/site-antigo\/wp-json\/wp\/v2\/comments?post=875"}],"version-history":[{"count":0,"href":"https:\/\/sindag.org.br\/site-antigo\/wp-json\/wp\/v2\/pages\/875\/revisions"}],"wp:featuredmedia":[{"embeddable":true,"href":"https:\/\/sindag.org.br\/site-antigo\/wp-json\/wp\/v2\/media\/2186"}],"wp:attachment":[{"href":"https:\/\/sindag.org.br\/site-antigo\/wp-json\/wp\/v2\/media?parent=875"}],"curies":[{"name":"wp","href":"https:\/\/api.w.org\/{rel}","templated":true}]}}